{"id":608,"date":"2025-05-12T09:45:28","date_gmt":"2025-05-12T07:45:28","guid":{"rendered":"https:\/\/www.sofi64.com?page_id=608"},"modified":"2025-06-15T09:11:06","modified_gmt":"2025-06-15T07:11:06","slug":"unsere-schule","status":"publish","type":"page","link":"https:\/\/www.sofi64.com\/de\/unsere-schule\/","title":{"rendered":"Unsere Schule"},"content":{"rendered":"<h2 class=\"widgettitle\">Unser Franz\u00f6sisch Unterricht<\/h2>\n<div class=\"textwidget\">\n<h3>Zielsetzung<\/h3>\n<p>Unser Ziel ist es,\u00a0<strong>mit authentischen und praxisnahen Franz\u00f6sischkursen\u00a0<\/strong>unseren Sch\u00fclern zu helfen,\u00a0<strong>ihre Sprachkenntnisse zu verbessern<\/strong>. Du wirst deine\u00a0<strong>Franz\u00f6sischkenntnisse\u00a0<\/strong>in\u00a0<strong>der Grammatik, der Syntaktik, der Konjugation<\/strong>\u00a0und\u00a0<strong>vor allem in der Konversation erweitern<\/strong>. Zudem wirst du viele kulturelle Facetten Frankreichs entdecken. Wir helfen dir, die franz\u00f6sische Sprache besser zu verstehen, indem wir an den\u00a0<strong>5 Schl\u00fcsselkompetenzen des CEFRL<\/strong>\u00a0arbeiten\u00a0<em>(schriftliches und m\u00fcndliches Verst\u00e4ndnis, schriftliche Produktion, m\u00fcndliche Interaktion und m\u00fcndlicher Ausdruck)<\/em>.<\/p>\n<h3><\/h3>\n<h3>Methodik<\/h3>\n<p>In unserer Schule werden gem\u00e4\u00df\u00a0<a href=\"https:\/\/www.coe.int\/en\/web\/language-policy\/home\"><strong>CEFRL<\/strong><\/a>\u00a0kommunikative und interaktive Methoden wie franz\u00f6sische Sprech\u00fcbungen, die Alltagssituationen widerspiegeln, angewandt. Unser\u00a0<strong>Franz\u00f6sischunterricht<\/strong>\u00a0ist\u00a0<strong>unterhaltsam, interaktiv und herausfordernd<\/strong>. All unsere Aktivit\u00e4ten haben das Ziel,\u00a0<strong>den Ausbau der Sprachkenntnisse<\/strong>\u00a0bestm\u00f6glich zu unterst\u00fctzen.<\/p>\n<h3><\/h3>\n<h3>Lehrer<\/h3>\n<p>Jeder unserer\u00a0<a href=\"https:\/\/www.sofi64.com\/de\/unser-team\/\" target=\"_blank\" rel=\"noopener\"><strong>Lehrer<\/strong><\/a>\u00a0hat einen\u00a0<strong>Universit\u00e4tsabschluss mit einer Spezialisierung im Unterrichten von Franz\u00f6sisch als Fremdsprache<\/strong>. Sie sind alle kreativ, dynamisch und kompetent und haben eine erfolgreiche Berufserfahrung als Franz\u00f6sischlehrer in Frankreich und\/oder im Ausland. Sie wissen, wie man Deine Kurse anregend und erfolgreich gestaltet. Unser Studienleiter leitet zweimal pro Woche die Team-Meetings, um die Fortschritte der Sch\u00fcler zu verfolgen und die Homogenit\u00e4t der Klasse zu gew\u00e4hrleisten.<\/p>\n<h3><\/h3>\n<h3>Lehrmaterial<\/h3>\n<p>F\u00fcr\u00a0<a href=\"https:\/\/www.sofi64.com\/de\/kursen-kosten\/\" target=\"_blank\" rel=\"noopener\"><strong>unseren Gruppenunterricht<\/strong><\/a>\u00a0verwenden wir die Lehrmittel von FFL (En Contact, L\u2019Atelier, D\u00e9fi, Inspire, Alter Ego+), um unseren Sch\u00fclern\u00a0<strong>einen strukturierten und progressiven Weg zu bieten, Franz\u00f6sisch zu lernen<\/strong>. Unsere Lehrer verwenden authentische Dokumente, Audio- und Videodokumente sowie Spiele.<\/p>\n<h3><\/h3>\n<h3>Bewertung<\/h3>\n<p>Alle Sch\u00fcler erhalten am Ende ihres Aufenthaltes ein Zertifikat \u00fcber ihr erreichtes Sprachniveau. Die Aufteilung der Levels werden anhand der CEFRL Skala bewertet\u00a0<em>(Common European Framework of Reference for Languages)<\/em>:<\/p>\n<p><strong>\u2014&gt;<\/strong>\u00a0<strong>A1<\/strong>\u00a0<em>(Einstiegsstufe)<\/em>\u00a0<strong>|<\/strong>\u00a0<strong>A2<\/strong>\u00a0<em>(Grundstufe)<\/em><\/p>\n<p><strong>\u2014&gt;<\/strong>\u00a0<strong>B1<\/strong>\u00a0<em>(Mittelstufe)<\/em>\u00a0<strong>|<\/strong>\u00a0<strong>B2<\/strong>\u00a0<em>(Gute Mittelstufe)<\/em><\/p>\n<p><strong>\u2014&gt;<\/strong>\u00a0<strong>C1<\/strong>\u00a0&amp;\u00a0<strong>C2<\/strong>\u00a0<em>(Fortgeschrittene Levels)<\/em><\/p>\n<\/div>\n","protected":false},"excerpt":{"rendered":"<p>Unser Franz\u00f6sisch Unterricht Zielsetzung Unser Ziel ist es,\u00a0mit authentischen und praxisnahen Franz\u00f6sischkursen\u00a0unseren Sch\u00fclern zu helfen,\u00a0ihre Sprachkenntnisse zu verbessern. Du wirst deine\u00a0Franz\u00f6sischkenntnisse\u00a0in\u00a0der Grammatik, der Syntaktik, der Konjugation\u00a0und\u00a0vor allem in der Konversation erweitern. Zudem wirst du viele kulturelle Facetten Frankreichs entdecken. Wir helfen dir, die franz\u00f6sische Sprache besser zu verstehen, indem wir an den\u00a05 Schl\u00fcsselkompetenzen des CEFRL\u00a0arbeiten\u00a0(schriftliches [&hellip;]<\/p>\n","protected":false},"author":1,"featured_media":0,"parent":0,"menu_order":1,"comment_status":"closed","ping_status":"closed","template":"page-biarritz-anglet.php","meta":{"_acf_changed":false,"footnotes":""},"class_list":["post-608","page","type-page","status-publish","hentry"],"acf":[],"yoast_head":"<!-- This site is optimized with the Yoast SEO plugin v27.3 - https:\/\/yoast.com\/product\/yoast-seo-wordpress\/ -->\n<title>Unsere Schule | SOFI 64<\/title>\n<meta name=\"description\" content=\"Entdecken Sie SOFI 64, eine Sprachschule in Biarritz mit hochwertigem Unterricht, erfahrenen Lehrkr\u00e4ften und einer idealen Lernumgebung.\" \/>\n<meta name=\"robots\" content=\"index, follow, max-snippet:-1, max-image-preview:large, max-video-preview:-1\" \/>\n<link rel=\"canonical\" href=\"https:\/\/www.sofi64.com\/de\/unsere-schule\/\" \/>\n<meta property=\"og:locale\" content=\"de_DE\" \/>\n<meta property=\"og:type\" content=\"article\" \/>\n<meta property=\"og:title\" content=\"Unsere Schule | SOFI 64\" \/>\n<meta property=\"og:description\" content=\"Entdecken Sie SOFI 64, eine Sprachschule in Biarritz mit hochwertigem Unterricht, erfahrenen Lehrkr\u00e4ften und einer idealen Lernumgebung.\" \/>\n<meta property=\"og:url\" content=\"https:\/\/www.sofi64.com\/de\/unsere-schule\/\" \/>\n<meta property=\"og:site_name\" content=\"SOFI 64\" \/>\n<meta property=\"article:modified_time\" content=\"2025-06-15T07:11:06+00:00\" \/>\n<meta name=\"twitter:card\" content=\"summary_large_image\" \/>\n<meta name=\"twitter:label1\" content=\"Gesch\u00e4tzte Lesezeit\" \/>\n\t<meta name=\"twitter:data1\" content=\"2\u00a0Minuten\" \/>\n<script type=\"application\/ld+json\" class=\"yoast-schema-graph\">{\"@context\":\"https:\\\/\\\/schema.org\",\"@graph\":[{\"@type\":\"WebPage\",\"@id\":\"https:\\\/\\\/www.sofi64.com\\\/de\\\/unsere-schule\\\/\",\"url\":\"https:\\\/\\\/www.sofi64.com\\\/de\\\/unsere-schule\\\/\",\"name\":\"Unsere Schule | SOFI 64\",\"isPartOf\":{\"@id\":\"https:\\\/\\\/www.sofi64.com\\\/#website\"},\"datePublished\":\"2025-05-12T07:45:28+00:00\",\"dateModified\":\"2025-06-15T07:11:06+00:00\",\"description\":\"Entdecken Sie SOFI 64, eine Sprachschule in Biarritz mit hochwertigem Unterricht, erfahrenen Lehrkr\u00e4ften und einer idealen Lernumgebung.\",\"breadcrumb\":{\"@id\":\"https:\\\/\\\/www.sofi64.com\\\/de\\\/unsere-schule\\\/#breadcrumb\"},\"inLanguage\":\"de\",\"potentialAction\":[{\"@type\":\"ReadAction\",\"target\":[\"https:\\\/\\\/www.sofi64.com\\\/de\\\/unsere-schule\\\/\"]}]},{\"@type\":\"BreadcrumbList\",\"@id\":\"https:\\\/\\\/www.sofi64.com\\\/de\\\/unsere-schule\\\/#breadcrumb\",\"itemListElement\":[{\"@type\":\"ListItem\",\"position\":1,\"name\":\"Home\",\"item\":\"https:\\\/\\\/www.sofi64.com\\\/de\\\/\"},{\"@type\":\"ListItem\",\"position\":2,\"name\":\"Unsere Schule\"}]},{\"@type\":\"WebSite\",\"@id\":\"https:\\\/\\\/www.sofi64.com\\\/#website\",\"url\":\"https:\\\/\\\/www.sofi64.com\\\/\",\"name\":\"SOFI 64 French Language School\",\"description\":\"\",\"potentialAction\":[{\"@type\":\"SearchAction\",\"target\":{\"@type\":\"EntryPoint\",\"urlTemplate\":\"https:\\\/\\\/www.sofi64.com\\\/?s={search_term_string}\"},\"query-input\":{\"@type\":\"PropertyValueSpecification\",\"valueRequired\":true,\"valueName\":\"search_term_string\"}}],\"inLanguage\":\"de\"}]}<\/script>\n<!-- \/ Yoast SEO plugin. -->","yoast_head_json":{"title":"Unsere Schule | SOFI 64","description":"Entdecken Sie SOFI 64, eine Sprachschule in Biarritz mit hochwertigem Unterricht, erfahrenen Lehrkr\u00e4ften und einer idealen Lernumgebung.","robots":{"index":"index","follow":"follow","max-snippet":"max-snippet:-1","max-image-preview":"max-image-preview:large","max-video-preview":"max-video-preview:-1"},"canonical":"https:\/\/www.sofi64.com\/de\/unsere-schule\/","og_locale":"de_DE","og_type":"article","og_title":"Unsere Schule | SOFI 64","og_description":"Entdecken Sie SOFI 64, eine Sprachschule in Biarritz mit hochwertigem Unterricht, erfahrenen Lehrkr\u00e4ften und einer idealen Lernumgebung.","og_url":"https:\/\/www.sofi64.com\/de\/unsere-schule\/","og_site_name":"SOFI 64","article_modified_time":"2025-06-15T07:11:06+00:00","twitter_card":"summary_large_image","twitter_misc":{"Gesch\u00e4tzte Lesezeit":"2\u00a0Minuten"},"schema":{"@context":"https:\/\/schema.org","@graph":[{"@type":"WebPage","@id":"https:\/\/www.sofi64.com\/de\/unsere-schule\/","url":"https:\/\/www.sofi64.com\/de\/unsere-schule\/","name":"Unsere Schule | SOFI 64","isPartOf":{"@id":"https:\/\/www.sofi64.com\/#website"},"datePublished":"2025-05-12T07:45:28+00:00","dateModified":"2025-06-15T07:11:06+00:00","description":"Entdecken Sie SOFI 64, eine Sprachschule in Biarritz mit hochwertigem Unterricht, erfahrenen Lehrkr\u00e4ften und einer idealen Lernumgebung.","breadcrumb":{"@id":"https:\/\/www.sofi64.com\/de\/unsere-schule\/#breadcrumb"},"inLanguage":"de","potentialAction":[{"@type":"ReadAction","target":["https:\/\/www.sofi64.com\/de\/unsere-schule\/"]}]},{"@type":"BreadcrumbList","@id":"https:\/\/www.sofi64.com\/de\/unsere-schule\/#breadcrumb","itemListElement":[{"@type":"ListItem","position":1,"name":"Home","item":"https:\/\/www.sofi64.com\/de\/"},{"@type":"ListItem","position":2,"name":"Unsere Schule"}]},{"@type":"WebSite","@id":"https:\/\/www.sofi64.com\/#website","url":"https:\/\/www.sofi64.com\/","name":"SOFI 64 French Language School","description":"","potentialAction":[{"@type":"SearchAction","target":{"@type":"EntryPoint","urlTemplate":"https:\/\/www.sofi64.com\/?s={search_term_string}"},"query-input":{"@type":"PropertyValueSpecification","valueRequired":true,"valueName":"search_term_string"}}],"inLanguage":"de"}]}},"_links":{"self":[{"href":"https:\/\/www.sofi64.com\/de\/wp-json\/wp\/v2\/pages\/608","targetHints":{"allow":["GET"]}}],"collection":[{"href":"https:\/\/www.sofi64.com\/de\/wp-json\/wp\/v2\/pages"}],"about":[{"href":"https:\/\/www.sofi64.com\/de\/wp-json\/wp\/v2\/types\/page"}],"author":[{"embeddable":true,"href":"https:\/\/www.sofi64.com\/de\/wp-json\/wp\/v2\/users\/1"}],"replies":[{"embeddable":true,"href":"https:\/\/www.sofi64.com\/de\/wp-json\/wp\/v2\/comments?post=608"}],"version-history":[{"count":11,"href":"https:\/\/www.sofi64.com\/de\/wp-json\/wp\/v2\/pages\/608\/revisions"}],"predecessor-version":[{"id":2247,"href":"https:\/\/www.sofi64.com\/de\/wp-json\/wp\/v2\/pages\/608\/revisions\/2247"}],"wp:attachment":[{"href":"https:\/\/www.sofi64.com\/de\/wp-json\/wp\/v2\/media?parent=608"}],"curies":[{"name":"wp","href":"https:\/\/api.w.org\/{rel}","templated":true}]}}