{"id":610,"date":"2025-05-12T09:46:05","date_gmt":"2025-05-12T07:46:05","guid":{"rendered":"https:\/\/www.sofi64.com?page_id=610"},"modified":"2025-06-15T09:16:31","modified_gmt":"2025-06-15T07:16:31","slug":"team","status":"publish","type":"page","link":"https:\/\/www.sofi64.com\/de\/unsere-schule\/team\/","title":{"rendered":"Unser Team"},"content":{"rendered":"<h2 class=\"widgettitle\">UNSERE LEHRPERSONEN<\/h2>\n<h3>St\u00e9phanie Houset \u2013 Direktorin und Lehrerin<\/h3>\n<div data-canvas-width=\"603.6066666666668\">\n<div data-canvas-width=\"603.6066666666668\">\n<div>\n<p><span lang=\"DE\">Mit \u00fcber<strong> 20 Jahren Erfahrung im Unterrichten von Franz\u00f6sisch<\/strong> als Fremdsprache (FLE) bringt <strong>St\u00e9phanie nicht nur fundiertes Fachwissen, sondern auch jede Menge Energie und Begeisterung in den Unterricht<\/strong>. Ihre Mission: Franz\u00f6sischlernen soll Spa\u00df machen \u2013 und dabei effektiv sein.<\/span><\/p>\n<\/div>\n<div>\n<p><span lang=\"DE\">Schon mit 18 zog es sie auf die Insel La R\u00e9union \u2013 ein abgelegenes Paradies, das ihre Liebe zu Abenteuern und neuen Horizonten weckte. Sp\u00e4ter verbrachte sie ein Jahr in den USA, um Englisch zu studieren, bevor sie in Frankreich ihren Master in FLE abschloss. Seitdem ist sie unerm\u00fcdlich im Einsatz \u2013 als Lehrerin, Sprachcoach und Motivatorin.<\/span><\/p>\n<\/div>\n<div>\n<p><span lang=\"DE\">St\u00e9phanie hat Erwachsene in Frankreich und Australien unterrichtet \u2013 und ja, das Surfbrett war auch dort immer mit im Gep\u00e4ck. Ihre Wurzeln liegen in Anglet, wo sie zwischen Pinienw\u00e4ldern und Atlantikwellen aufwuchs. Diese besondere Verbindung zur Region inspirierte sie 2011 zur Gr\u00fcndung von <strong>SOFI 64 \u2013 einer kleinen, herzlichen Sprachschule an der baskischen K\u00fcste<\/strong>.<\/span><\/p>\n<\/div>\n<div>\n<p><span lang=\"DE\">Als Gr\u00fcnderin und Schulleiterin kennt sie die Bed\u00fcrfnisse ihrer Lernenden genau. <strong>Mit einem feinen Gesp\u00fcr f\u00fcr Menschen, viel Geduld und einem Schuss Humor sorgt sie daf\u00fcr, dass sich alle willkommen f\u00fchlen \u2013 und mit Freude Fortschritte machen<\/strong>.<\/span><\/p>\n<\/div>\n<div>\n<p><span lang=\"DE\">Wenn sie nicht gerade unterrichtet, ist St\u00e9phanie mit Kamera und ihren zwei Hunden in den Bergen unterwegs \u2013 immer auf der Suche nach neuen Perspektiven. Sie spricht flie\u00dfend Franz\u00f6sisch, Englisch, Spanisch \u2013 und hat auch im Baskischen ein sicheres Gesp\u00fcr f\u00fcr die richtigen Worte.<\/span><\/p>\n<\/div>\n<\/div>\n<div data-canvas-width=\"603.6066666666668\"><\/div>\n<\/div>\n<div class=\"textwidget\">\n<div id='gallery-1' class='gallery galleryid-610 gallery-columns-2 gallery-size-medium'><dl class='gallery-item'>\n\t\t\t<dt class='gallery-icon landscape'>\n\t\t\t\t<img loading=\"lazy\" decoding=\"async\" width=\"300\" height=\"188\" src=\"https:\/\/www.sofi64.com\/wp-content\/uploads\/2025\/05\/Stephanie-Surfing-300x188.jpg\" class=\"attachment-medium size-medium\" alt=\"\" srcset=\"https:\/\/www.sofi64.com\/wp-content\/uploads\/2025\/05\/Stephanie-Surfing-300x188.jpg 300w, https:\/\/www.sofi64.com\/wp-content\/uploads\/2025\/05\/Stephanie-Surfing-1024x642.jpg 1024w, https:\/\/www.sofi64.com\/wp-content\/uploads\/2025\/05\/Stephanie-Surfing-768x481.jpg 768w, https:\/\/www.sofi64.com\/wp-content\/uploads\/2025\/05\/Stephanie-Surfing-1536x962.jpg 1536w, https:\/\/www.sofi64.com\/wp-content\/uploads\/2025\/05\/Stephanie-Surfing-120x75.jpg 120w, https:\/\/www.sofi64.com\/wp-content\/uploads\/2025\/05\/Stephanie-Surfing.jpg 2048w\" sizes=\"auto, (max-width: 300px) 100vw, 300px\" \/>\n\t\t\t<\/dt><\/dl><dl class='gallery-item'>\n\t\t\t<dt class='gallery-icon landscape'>\n\t\t\t\t<img loading=\"lazy\" decoding=\"async\" width=\"300\" height=\"200\" src=\"https:\/\/www.sofi64.com\/wp-content\/uploads\/2025\/05\/Stephanie-Hiking-300x200.jpg\" class=\"attachment-medium size-medium\" alt=\"\" srcset=\"https:\/\/www.sofi64.com\/wp-content\/uploads\/2025\/05\/Stephanie-Hiking-300x200.jpg 300w, https:\/\/www.sofi64.com\/wp-content\/uploads\/2025\/05\/Stephanie-Hiking-1024x683.jpg 1024w, https:\/\/www.sofi64.com\/wp-content\/uploads\/2025\/05\/Stephanie-Hiking-768x512.jpg 768w, https:\/\/www.sofi64.com\/wp-content\/uploads\/2025\/05\/Stephanie-Hiking-1536x1024.jpg 1536w, https:\/\/www.sofi64.com\/wp-content\/uploads\/2025\/05\/Stephanie-Hiking-2048x1365.jpg 2048w, https:\/\/www.sofi64.com\/wp-content\/uploads\/2025\/05\/Stephanie-Hiking-120x80.jpg 120w\" sizes=\"auto, (max-width: 300px) 100vw, 300px\" \/>\n\t\t\t<\/dt><\/dl><br style=\"clear: both\" \/>\n\t\t<\/div>\n\n<\/div>\n<h3><strong>\u00c9lisa \u2013 Lehrerin<\/strong><\/h3>\n<p>\u00c9lisa ist in der Charente aufgewachsen, im Land der Comics und der Galette charentaise.<br \/>\nSie studierte\u00a0<strong>Sprachwissenschaften mit Spezialisierung auf FLE<\/strong>\u00a0und erwarb in Toulouse, der Stadt des Cassoulet und der Veilchen, einen\u00a0<strong>Master-Abschluss in Lernen und Didaktik des FLE<\/strong>.<br \/>\nDanach zog sie f\u00fcr 3 Jahre nach Spanien, um Franz\u00f6sisch zu unterrichten, und entdeckte das Land und die Sprache, die sie \u00fcberhaupt nicht beherrschte. Nach 3 Jahren in der iberischen Hauptstadt beschloss sie, sich im Baskenland niederzulassen, da sie sich f\u00fcr den baskischen Kuchen ebenso interessierte wie f\u00fcr das Meer.<\/p>\n<p><strong>Franz\u00f6sisch zu unterrichten<\/strong>\u00a0ist f\u00fcr sie eine unglaubliche Gelegenheit, die\u00a0<strong>franz\u00f6sische Kultur und Sprache zu teilen<\/strong>, aber vor allem durch die Sch\u00fcler, die sie trifft, zu reisen.<br \/>\nSie liebt (in keiner bestimmten Reihenfolge):<br \/>\n*Gutes Essen<br \/>\n*Spazierg\u00e4nge am Meer und in Pinienw\u00e4ldern<br \/>\n*Fernsehsendungen<br \/>\n* ihre Katze<\/p>\n\n<p>&nbsp;<\/p>\n<h2 class=\"widgettitle\">Unsere Assistent<\/h2>\n<div class=\"textwidget\">\n<p>&nbsp;<\/p>\n<h3>Thomas Birrer \u2013 Assistent<\/h3>\n<div data-canvas-width=\"599.808\">Geboren und aufgewachsen in der\u00a0<strong>Schweiz<\/strong><em>\u00a0(Luzern)<\/em>, besuchte Thomas vor einigen Jahren Australien,\u00a0um Englisch zu lernen. Im vergangenen Jahr lernte er\u00a0<strong>Biarritz<\/strong>\u00a0als\u00a0<strong>Franz\u00f6sisch-Student kennen<\/strong>. Nach\u00a0einem 3-monatigen\u00a0<strong>Franz\u00f6sischkurs<\/strong>\u00a0verliebte sich Thomas in die\u00a0<strong>franz\u00f6sische Sprache und das\u00a0Surfen<\/strong>. Urspr\u00fcnglich IT-Administrator, entschied er sich 2018, nach Biarritz zur\u00fcckzukehren und\u00a0begann als Assistent an seiner bevorzugten\u00a0<a href=\"https:\/\/www.sofi64.com\/de\/\"><strong>franz\u00f6sischen Sprachschule<\/strong><\/a>\u00a0zu arbeiten.<\/div>\n<div data-canvas-width=\"432.2413333333333\"><\/div>\n<div data-canvas-width=\"432.2413333333333\">Thomas Surft, f\u00e4hrt Snowboard, Wandert und liebt es, Fahrrad zu fahren.<\/div>\n<div data-canvas-width=\"264.3226666666667\">Er spricht Deutsch, englisch und franz\u00f6sisch.<\/div>\n<p>&nbsp;<\/p>\n<\/div>\n","protected":false},"excerpt":{"rendered":"<p>UNSERE LEHRPERSONEN St\u00e9phanie Houset \u2013 Direktorin und Lehrerin Mit \u00fcber 20 Jahren Erfahrung im Unterrichten von Franz\u00f6sisch als Fremdsprache (FLE) bringt St\u00e9phanie nicht nur fundiertes Fachwissen, sondern auch jede Menge Energie und Begeisterung in den Unterricht. Ihre Mission: Franz\u00f6sischlernen soll Spa\u00df machen \u2013 und dabei effektiv sein. Schon mit 18 zog es sie auf die [&hellip;]<\/p>\n","protected":false},"author":1,"featured_media":1079,"parent":608,"menu_order":2,"comment_status":"closed","ping_status":"closed","template":"page-biarritz-anglet.php","meta":{"_acf_changed":false,"footnotes":""},"class_list":["post-610","page","type-page","status-publish","has-post-thumbnail","hentry"],"acf":[],"yoast_head":"<!-- This site is optimized with the Yoast SEO plugin v27.3 - https:\/\/yoast.com\/product\/yoast-seo-wordpress\/ -->\n<title>Unser Team | SOFI 64<\/title>\n<meta name=\"description\" content=\"Lernen Sie unser engagiertes Team von SOFI 64 kennen: qualifizierte Lehrkr\u00e4fte, die Sie mit Herz und Professionalit\u00e4t beim Franz\u00f6sischlernen begleiten.\" \/>\n<meta name=\"robots\" content=\"index, follow, max-snippet:-1, max-image-preview:large, max-video-preview:-1\" \/>\n<link rel=\"canonical\" href=\"https:\/\/www.sofi64.com\/de\/unsere-schule\/team\/\" \/>\n<meta property=\"og:locale\" content=\"de_DE\" \/>\n<meta property=\"og:type\" content=\"article\" \/>\n<meta property=\"og:title\" content=\"Unser Team | SOFI 64\" \/>\n<meta property=\"og:description\" content=\"Lernen Sie unser engagiertes Team von SOFI 64 kennen: qualifizierte Lehrkr\u00e4fte, die Sie mit Herz und Professionalit\u00e4t beim Franz\u00f6sischlernen begleiten.\" \/>\n<meta property=\"og:url\" content=\"https:\/\/www.sofi64.com\/de\/unsere-schule\/team\/\" \/>\n<meta property=\"og:site_name\" content=\"SOFI 64\" \/>\n<meta property=\"article:modified_time\" content=\"2025-06-15T07:16:31+00:00\" \/>\n<meta property=\"og:image\" content=\"https:\/\/www.sofi64.com\/wp-content\/uploads\/2025\/05\/Group-French-Lessons1-scaled.jpg\" \/>\n\t<meta property=\"og:image:width\" content=\"2560\" \/>\n\t<meta property=\"og:image:height\" content=\"1707\" \/>\n\t<meta property=\"og:image:type\" content=\"image\/jpeg\" \/>\n<meta name=\"twitter:card\" content=\"summary_large_image\" \/>\n<meta name=\"twitter:label1\" content=\"Gesch\u00e4tzte Lesezeit\" \/>\n\t<meta name=\"twitter:data1\" content=\"3\u00a0Minuten\" \/>\n<script type=\"application\/ld+json\" class=\"yoast-schema-graph\">{\"@context\":\"https:\\\/\\\/schema.org\",\"@graph\":[{\"@type\":\"WebPage\",\"@id\":\"https:\\\/\\\/www.sofi64.com\\\/de\\\/unsere-schule\\\/team\\\/\",\"url\":\"https:\\\/\\\/www.sofi64.com\\\/de\\\/unsere-schule\\\/team\\\/\",\"name\":\"Unser Team | SOFI 64\",\"isPartOf\":{\"@id\":\"https:\\\/\\\/www.sofi64.com\\\/#website\"},\"primaryImageOfPage\":{\"@id\":\"https:\\\/\\\/www.sofi64.com\\\/de\\\/unsere-schule\\\/team\\\/#primaryimage\"},\"image\":{\"@id\":\"https:\\\/\\\/www.sofi64.com\\\/de\\\/unsere-schule\\\/team\\\/#primaryimage\"},\"thumbnailUrl\":\"https:\\\/\\\/www.sofi64.com\\\/wp-content\\\/uploads\\\/2025\\\/05\\\/Group-French-Lessons1-scaled.jpg\",\"datePublished\":\"2025-05-12T07:46:05+00:00\",\"dateModified\":\"2025-06-15T07:16:31+00:00\",\"description\":\"Lernen Sie unser engagiertes Team von SOFI 64 kennen: qualifizierte Lehrkr\u00e4fte, die Sie mit Herz und Professionalit\u00e4t beim Franz\u00f6sischlernen begleiten.\",\"breadcrumb\":{\"@id\":\"https:\\\/\\\/www.sofi64.com\\\/de\\\/unsere-schule\\\/team\\\/#breadcrumb\"},\"inLanguage\":\"de\",\"potentialAction\":[{\"@type\":\"ReadAction\",\"target\":[\"https:\\\/\\\/www.sofi64.com\\\/de\\\/unsere-schule\\\/team\\\/\"]}]},{\"@type\":\"ImageObject\",\"inLanguage\":\"de\",\"@id\":\"https:\\\/\\\/www.sofi64.com\\\/de\\\/unsere-schule\\\/team\\\/#primaryimage\",\"url\":\"https:\\\/\\\/www.sofi64.com\\\/wp-content\\\/uploads\\\/2025\\\/05\\\/Group-French-Lessons1-scaled.jpg\",\"contentUrl\":\"https:\\\/\\\/www.sofi64.com\\\/wp-content\\\/uploads\\\/2025\\\/05\\\/Group-French-Lessons1-scaled.jpg\",\"width\":2560,\"height\":1707},{\"@type\":\"BreadcrumbList\",\"@id\":\"https:\\\/\\\/www.sofi64.com\\\/de\\\/unsere-schule\\\/team\\\/#breadcrumb\",\"itemListElement\":[{\"@type\":\"ListItem\",\"position\":1,\"name\":\"Home\",\"item\":\"https:\\\/\\\/www.sofi64.com\\\/de\\\/\"},{\"@type\":\"ListItem\",\"position\":2,\"name\":\"Unsere Schule\",\"item\":\"https:\\\/\\\/www.sofi64.com\\\/de\\\/unsere-schule\\\/\"},{\"@type\":\"ListItem\",\"position\":3,\"name\":\"Unser Team\"}]},{\"@type\":\"WebSite\",\"@id\":\"https:\\\/\\\/www.sofi64.com\\\/#website\",\"url\":\"https:\\\/\\\/www.sofi64.com\\\/\",\"name\":\"SOFI 64 French Language School\",\"description\":\"\",\"potentialAction\":[{\"@type\":\"SearchAction\",\"target\":{\"@type\":\"EntryPoint\",\"urlTemplate\":\"https:\\\/\\\/www.sofi64.com\\\/?s={search_term_string}\"},\"query-input\":{\"@type\":\"PropertyValueSpecification\",\"valueRequired\":true,\"valueName\":\"search_term_string\"}}],\"inLanguage\":\"de\"}]}<\/script>\n<!-- \/ Yoast SEO plugin. -->","yoast_head_json":{"title":"Unser Team | SOFI 64","description":"Lernen Sie unser engagiertes Team von SOFI 64 kennen: qualifizierte Lehrkr\u00e4fte, die Sie mit Herz und Professionalit\u00e4t beim Franz\u00f6sischlernen begleiten.","robots":{"index":"index","follow":"follow","max-snippet":"max-snippet:-1","max-image-preview":"max-image-preview:large","max-video-preview":"max-video-preview:-1"},"canonical":"https:\/\/www.sofi64.com\/de\/unsere-schule\/team\/","og_locale":"de_DE","og_type":"article","og_title":"Unser Team | SOFI 64","og_description":"Lernen Sie unser engagiertes Team von SOFI 64 kennen: qualifizierte Lehrkr\u00e4fte, die Sie mit Herz und Professionalit\u00e4t beim Franz\u00f6sischlernen begleiten.","og_url":"https:\/\/www.sofi64.com\/de\/unsere-schule\/team\/","og_site_name":"SOFI 64","article_modified_time":"2025-06-15T07:16:31+00:00","og_image":[{"width":2560,"height":1707,"url":"https:\/\/www.sofi64.com\/wp-content\/uploads\/2025\/05\/Group-French-Lessons1-scaled.jpg","type":"image\/jpeg"}],"twitter_card":"summary_large_image","twitter_misc":{"Gesch\u00e4tzte Lesezeit":"3\u00a0Minuten"},"schema":{"@context":"https:\/\/schema.org","@graph":[{"@type":"WebPage","@id":"https:\/\/www.sofi64.com\/de\/unsere-schule\/team\/","url":"https:\/\/www.sofi64.com\/de\/unsere-schule\/team\/","name":"Unser Team | SOFI 64","isPartOf":{"@id":"https:\/\/www.sofi64.com\/#website"},"primaryImageOfPage":{"@id":"https:\/\/www.sofi64.com\/de\/unsere-schule\/team\/#primaryimage"},"image":{"@id":"https:\/\/www.sofi64.com\/de\/unsere-schule\/team\/#primaryimage"},"thumbnailUrl":"https:\/\/www.sofi64.com\/wp-content\/uploads\/2025\/05\/Group-French-Lessons1-scaled.jpg","datePublished":"2025-05-12T07:46:05+00:00","dateModified":"2025-06-15T07:16:31+00:00","description":"Lernen Sie unser engagiertes Team von SOFI 64 kennen: qualifizierte Lehrkr\u00e4fte, die Sie mit Herz und Professionalit\u00e4t beim Franz\u00f6sischlernen begleiten.","breadcrumb":{"@id":"https:\/\/www.sofi64.com\/de\/unsere-schule\/team\/#breadcrumb"},"inLanguage":"de","potentialAction":[{"@type":"ReadAction","target":["https:\/\/www.sofi64.com\/de\/unsere-schule\/team\/"]}]},{"@type":"ImageObject","inLanguage":"de","@id":"https:\/\/www.sofi64.com\/de\/unsere-schule\/team\/#primaryimage","url":"https:\/\/www.sofi64.com\/wp-content\/uploads\/2025\/05\/Group-French-Lessons1-scaled.jpg","contentUrl":"https:\/\/www.sofi64.com\/wp-content\/uploads\/2025\/05\/Group-French-Lessons1-scaled.jpg","width":2560,"height":1707},{"@type":"BreadcrumbList","@id":"https:\/\/www.sofi64.com\/de\/unsere-schule\/team\/#breadcrumb","itemListElement":[{"@type":"ListItem","position":1,"name":"Home","item":"https:\/\/www.sofi64.com\/de\/"},{"@type":"ListItem","position":2,"name":"Unsere Schule","item":"https:\/\/www.sofi64.com\/de\/unsere-schule\/"},{"@type":"ListItem","position":3,"name":"Unser Team"}]},{"@type":"WebSite","@id":"https:\/\/www.sofi64.com\/#website","url":"https:\/\/www.sofi64.com\/","name":"SOFI 64 French Language School","description":"","potentialAction":[{"@type":"SearchAction","target":{"@type":"EntryPoint","urlTemplate":"https:\/\/www.sofi64.com\/?s={search_term_string}"},"query-input":{"@type":"PropertyValueSpecification","valueRequired":true,"valueName":"search_term_string"}}],"inLanguage":"de"}]}},"_links":{"self":[{"href":"https:\/\/www.sofi64.com\/de\/wp-json\/wp\/v2\/pages\/610","targetHints":{"allow":["GET"]}}],"collection":[{"href":"https:\/\/www.sofi64.com\/de\/wp-json\/wp\/v2\/pages"}],"about":[{"href":"https:\/\/www.sofi64.com\/de\/wp-json\/wp\/v2\/types\/page"}],"author":[{"embeddable":true,"href":"https:\/\/www.sofi64.com\/de\/wp-json\/wp\/v2\/users\/1"}],"replies":[{"embeddable":true,"href":"https:\/\/www.sofi64.com\/de\/wp-json\/wp\/v2\/comments?post=610"}],"version-history":[{"count":17,"href":"https:\/\/www.sofi64.com\/de\/wp-json\/wp\/v2\/pages\/610\/revisions"}],"predecessor-version":[{"id":2248,"href":"https:\/\/www.sofi64.com\/de\/wp-json\/wp\/v2\/pages\/610\/revisions\/2248"}],"up":[{"embeddable":true,"href":"https:\/\/www.sofi64.com\/de\/wp-json\/wp\/v2\/pages\/608"}],"wp:featuredmedia":[{"embeddable":true,"href":"https:\/\/www.sofi64.com\/de\/wp-json\/wp\/v2\/media\/1079"}],"wp:attachment":[{"href":"https:\/\/www.sofi64.com\/de\/wp-json\/wp\/v2\/media?parent=610"}],"curies":[{"name":"wp","href":"https:\/\/api.w.org\/{rel}","templated":true}]}}