{"id":611,"date":"2025-05-12T09:46:37","date_gmt":"2025-05-12T07:46:37","guid":{"rendered":"https:\/\/www.sofi64.com?page_id=611"},"modified":"2025-06-16T11:22:54","modified_gmt":"2025-06-16T09:22:54","slug":"unser-engagement","status":"publish","type":"page","link":"https:\/\/www.sofi64.com\/de\/unsere-schule\/unser-engagement\/","title":{"rendered":"Unser Engagement"},"content":{"rendered":"<h2><img loading=\"lazy\" decoding=\"async\" class=\"aligncenter size-medium wp-image-1129\" src=\"https:\/\/www.sofi64.com\/wp-content\/uploads\/2025\/05\/EcoFriendly-French-School-scaled-e1748274943456-300x242.jpeg\" alt=\"\" width=\"300\" height=\"242\" srcset=\"https:\/\/www.sofi64.com\/wp-content\/uploads\/2025\/05\/EcoFriendly-French-School-scaled-e1748274943456-300x242.jpeg 300w, https:\/\/www.sofi64.com\/wp-content\/uploads\/2025\/05\/EcoFriendly-French-School-scaled-e1748274943456-1024x825.jpeg 1024w, https:\/\/www.sofi64.com\/wp-content\/uploads\/2025\/05\/EcoFriendly-French-School-scaled-e1748274943456-768x619.jpeg 768w, https:\/\/www.sofi64.com\/wp-content\/uploads\/2025\/05\/EcoFriendly-French-School-scaled-e1748274943456-1536x1238.jpeg 1536w, https:\/\/www.sofi64.com\/wp-content\/uploads\/2025\/05\/EcoFriendly-French-School-scaled-e1748274943456-120x97.jpeg 120w, https:\/\/www.sofi64.com\/wp-content\/uploads\/2025\/05\/EcoFriendly-French-School-scaled-e1748274943456.jpeg 1822w\" sizes=\"auto, (max-width: 300px) 100vw, 300px\" \/><\/h2>\n<div class=\"vc_row wpb_row vc_row-fluid rate-content\">\n<div class=\"wpb_column vc_column_container vc_col-sm-12\">\n<div class=\"vc_column-inner\">\n<div class=\"wpb_wrapper\">\n<div class=\"vc_wp_text wpb_content_element rate-content\">\n<div class=\"widget widget_text\">\n<h2 class=\"widgettitle\">Umweltmanagement<\/h2>\n<div class=\"textwidget\">\n<p>Wir setzen kontinuierlich<a href=\"https:\/\/www.sofi64.com\/de\/umweltbewusste-schule\/\" target=\"_blank\" rel=\"noopener\"><strong>\u00a0\u00f6kologische Praktiken in unserer Schule<\/strong><\/a>\u00a0um, indem wir unseren Energieverbrauch reduzieren, umweltfreundliche Transportmittel w\u00e4hlen, Recycling f\u00f6rdern und die Verwendung nachhaltiger Materialien anregen. Um das Fahrradfahren zu f\u00f6rdern, bieten wir Ihnen mit\u00a0<strong>unserer kostenlosen Fahrradwerkstatt Unterst\u00fctzung<\/strong>\u00a0bei jeder Reparatur an.<\/p>\n<p>&nbsp;<\/p>\n<\/div>\n<\/div>\n<\/div>\n<\/div>\n<\/div>\n<\/div>\n<\/div>\n<div class=\"vc_row wpb_row vc_row-fluid rate-content\">\n<div class=\"wpb_column vc_column_container vc_col-sm-6\">\n<div class=\"vc_column-inner\">\n<div class=\"wpb_wrapper\">\n<div class=\"vc_wp_text wpb_content_element\">\n<div class=\"widget widget_text\">\n<h2 class=\"widgettitle\">Engagement in der Gemeinde<\/h2>\n<div class=\"textwidget\">\n<p>Wir\u00a0<strong>arbeiten mit unserer lokalen Gemeinschaft zusammen<\/strong>\u00a0und unterst\u00fctzen soziale und \u00f6kologische Projekte. Als aktives Mitglied unserer Nachbarschaft m\u00f6chten wir einen positiven Beitrag zu unserer Gesellschaft leisten.\u00a0<strong>Wir haben zahlreiche Partnerschaften mit lokalen Unternehmen und Dienstleistern geschlossen.<\/strong><\/p>\n<\/div>\n<\/div>\n<\/div>\n<\/div>\n<\/div>\n<\/div>\n<div class=\"wpb_column vc_column_container vc_col-sm-6\">\n<div class=\"vc_column-inner\">\n<div class=\"wpb_wrapper\">\n<div class=\"wpb_single_image wpb_content_element vc_align_left wpb_content_element\">\n<figure class=\"wpb_wrapper vc_figure\">\n<div class=\"vc_single_image-wrapper vc_box_border_grey\"><\/div>\n<\/figure>\n<\/div>\n<\/div>\n<\/div>\n<\/div>\n<\/div>\n<div class=\"vc_row wpb_row vc_row-fluid rate-content\">\n<div class=\"wpb_column vc_column_container vc_col-sm-6\">\n<div class=\"vc_column-inner\">\n<div class=\"wpb_wrapper\">\n<div class=\"vc_wp_text wpb_content_element\">\n<div class=\"widget widget_text\">\n<h2 class=\"widgettitle\">Inklusion und Vielfalt<\/h2>\n<div class=\"textwidget\">\n<p><strong>Wir legen Wert auf Vielfalt und Integration in unserer Schule<\/strong>. Wir f\u00f6rdern ein Umfeld, in dem sich jeder Sch\u00fcler und jedes Teammitglied respektiert und akzeptiert f\u00fchlt,\u00a0<strong>unabh\u00e4ngig von kulturellem Hintergrund, Geschlecht, Alter<\/strong>\u2026<\/p>\n<\/div>\n<\/div>\n<\/div>\n<\/div>\n<\/div>\n<\/div>\n<\/div>\n<div class=\"vc_row wpb_row vc_row-fluid\">\n<div class=\"wpb_column vc_column_container vc_col-sm-12\">\n<div class=\"vc_column-inner\">\n<div class=\"wpb_wrapper\">\n<div class=\"wpb_text_column wpb_content_element\">\n<div class=\"wpb_wrapper\">\n<p>&nbsp;<\/p>\n<p><strong>Wir m\u00f6chten unserer Gemeinschaft f\u00fcr ihre Unterst\u00fctzung und ihr Engagement f\u00fcr diese Initiative danken.<\/strong><\/p>\n<\/div>\n<\/div>\n<\/div>\n<\/div>\n<\/div>\n<\/div>\n","protected":false},"excerpt":{"rendered":"<p>Umweltmanagement Wir setzen kontinuierlich\u00a0\u00f6kologische Praktiken in unserer Schule\u00a0um, indem wir unseren Energieverbrauch reduzieren, umweltfreundliche Transportmittel w\u00e4hlen, Recycling f\u00f6rdern und die Verwendung nachhaltiger Materialien anregen. Um das Fahrradfahren zu f\u00f6rdern, bieten wir Ihnen mit\u00a0unserer kostenlosen Fahrradwerkstatt Unterst\u00fctzung\u00a0bei jeder Reparatur an. &nbsp; Engagement in der Gemeinde Wir\u00a0arbeiten mit unserer lokalen Gemeinschaft zusammen\u00a0und unterst\u00fctzen soziale und \u00f6kologische Projekte. [&hellip;]<\/p>\n","protected":false},"author":1,"featured_media":1014,"parent":608,"menu_order":4,"comment_status":"closed","ping_status":"closed","template":"page-bookclub.php","meta":{"_acf_changed":false,"footnotes":""},"class_list":["post-611","page","type-page","status-publish","has-post-thumbnail","hentry"],"acf":[],"yoast_head":"<!-- This site is optimized with the Yoast SEO plugin v27.3 - https:\/\/yoast.com\/product\/yoast-seo-wordpress\/ -->\n<title>Unser Engagement | SOFI 64<\/title>\n<meta name=\"description\" content=\"SOFI 64 steht f\u00fcr hochwertigen Unterricht, umweltbewusstes Handeln und echte kulturelle Integration f\u00fcr alle Lernenden.\" \/>\n<meta name=\"robots\" content=\"index, follow, max-snippet:-1, max-image-preview:large, max-video-preview:-1\" \/>\n<link rel=\"canonical\" href=\"https:\/\/www.sofi64.com\/de\/unsere-schule\/unser-engagement\/\" \/>\n<meta property=\"og:locale\" content=\"de_DE\" \/>\n<meta property=\"og:type\" content=\"article\" \/>\n<meta property=\"og:title\" content=\"Unser Engagement | SOFI 64\" \/>\n<meta property=\"og:description\" content=\"SOFI 64 steht f\u00fcr hochwertigen Unterricht, umweltbewusstes Handeln und echte kulturelle Integration f\u00fcr alle Lernenden.\" \/>\n<meta property=\"og:url\" content=\"https:\/\/www.sofi64.com\/de\/unsere-schule\/unser-engagement\/\" \/>\n<meta property=\"og:site_name\" content=\"SOFI 64\" \/>\n<meta property=\"article:modified_time\" content=\"2025-06-16T09:22:54+00:00\" \/>\n<meta property=\"og:image\" content=\"https:\/\/www.sofi64.com\/wp-content\/uploads\/2025\/05\/Sunset-Anglet_5RIB1377_\u00a9RiBLANC.jpg\" \/>\n\t<meta property=\"og:image:width\" content=\"2000\" \/>\n\t<meta property=\"og:image:height\" content=\"1334\" \/>\n\t<meta property=\"og:image:type\" content=\"image\/jpeg\" \/>\n<meta name=\"twitter:card\" content=\"summary_large_image\" \/>\n<meta name=\"twitter:label1\" content=\"Gesch\u00e4tzte Lesezeit\" \/>\n\t<meta name=\"twitter:data1\" content=\"1\u00a0Minute\" \/>\n<script type=\"application\/ld+json\" class=\"yoast-schema-graph\">{\"@context\":\"https:\\\/\\\/schema.org\",\"@graph\":[{\"@type\":\"WebPage\",\"@id\":\"https:\\\/\\\/www.sofi64.com\\\/de\\\/unsere-schule\\\/unser-engagement\\\/\",\"url\":\"https:\\\/\\\/www.sofi64.com\\\/de\\\/unsere-schule\\\/unser-engagement\\\/\",\"name\":\"Unser Engagement | SOFI 64\",\"isPartOf\":{\"@id\":\"https:\\\/\\\/www.sofi64.com\\\/#website\"},\"primaryImageOfPage\":{\"@id\":\"https:\\\/\\\/www.sofi64.com\\\/de\\\/unsere-schule\\\/unser-engagement\\\/#primaryimage\"},\"image\":{\"@id\":\"https:\\\/\\\/www.sofi64.com\\\/de\\\/unsere-schule\\\/unser-engagement\\\/#primaryimage\"},\"thumbnailUrl\":\"https:\\\/\\\/www.sofi64.com\\\/wp-content\\\/uploads\\\/2025\\\/05\\\/Sunset-Anglet_5RIB1377_\u00a9RiBLANC.jpg\",\"datePublished\":\"2025-05-12T07:46:37+00:00\",\"dateModified\":\"2025-06-16T09:22:54+00:00\",\"description\":\"SOFI 64 steht f\u00fcr hochwertigen Unterricht, umweltbewusstes Handeln und echte kulturelle Integration f\u00fcr alle Lernenden.\",\"breadcrumb\":{\"@id\":\"https:\\\/\\\/www.sofi64.com\\\/de\\\/unsere-schule\\\/unser-engagement\\\/#breadcrumb\"},\"inLanguage\":\"de\",\"potentialAction\":[{\"@type\":\"ReadAction\",\"target\":[\"https:\\\/\\\/www.sofi64.com\\\/de\\\/unsere-schule\\\/unser-engagement\\\/\"]}]},{\"@type\":\"ImageObject\",\"inLanguage\":\"de\",\"@id\":\"https:\\\/\\\/www.sofi64.com\\\/de\\\/unsere-schule\\\/unser-engagement\\\/#primaryimage\",\"url\":\"https:\\\/\\\/www.sofi64.com\\\/wp-content\\\/uploads\\\/2025\\\/05\\\/Sunset-Anglet_5RIB1377_\u00a9RiBLANC.jpg\",\"contentUrl\":\"https:\\\/\\\/www.sofi64.com\\\/wp-content\\\/uploads\\\/2025\\\/05\\\/Sunset-Anglet_5RIB1377_\u00a9RiBLANC.jpg\",\"width\":2000,\"height\":1334,\"caption\":\"Anglet\"},{\"@type\":\"BreadcrumbList\",\"@id\":\"https:\\\/\\\/www.sofi64.com\\\/de\\\/unsere-schule\\\/unser-engagement\\\/#breadcrumb\",\"itemListElement\":[{\"@type\":\"ListItem\",\"position\":1,\"name\":\"Home\",\"item\":\"https:\\\/\\\/www.sofi64.com\\\/de\\\/\"},{\"@type\":\"ListItem\",\"position\":2,\"name\":\"Unsere Schule\",\"item\":\"https:\\\/\\\/www.sofi64.com\\\/de\\\/unsere-schule\\\/\"},{\"@type\":\"ListItem\",\"position\":3,\"name\":\"Unser Engagement\"}]},{\"@type\":\"WebSite\",\"@id\":\"https:\\\/\\\/www.sofi64.com\\\/#website\",\"url\":\"https:\\\/\\\/www.sofi64.com\\\/\",\"name\":\"SOFI 64 French Language School\",\"description\":\"\",\"potentialAction\":[{\"@type\":\"SearchAction\",\"target\":{\"@type\":\"EntryPoint\",\"urlTemplate\":\"https:\\\/\\\/www.sofi64.com\\\/?s={search_term_string}\"},\"query-input\":{\"@type\":\"PropertyValueSpecification\",\"valueRequired\":true,\"valueName\":\"search_term_string\"}}],\"inLanguage\":\"de\"}]}<\/script>\n<!-- \/ Yoast SEO plugin. -->","yoast_head_json":{"title":"Unser Engagement | SOFI 64","description":"SOFI 64 steht f\u00fcr hochwertigen Unterricht, umweltbewusstes Handeln und echte kulturelle Integration f\u00fcr alle Lernenden.","robots":{"index":"index","follow":"follow","max-snippet":"max-snippet:-1","max-image-preview":"max-image-preview:large","max-video-preview":"max-video-preview:-1"},"canonical":"https:\/\/www.sofi64.com\/de\/unsere-schule\/unser-engagement\/","og_locale":"de_DE","og_type":"article","og_title":"Unser Engagement | SOFI 64","og_description":"SOFI 64 steht f\u00fcr hochwertigen Unterricht, umweltbewusstes Handeln und echte kulturelle Integration f\u00fcr alle Lernenden.","og_url":"https:\/\/www.sofi64.com\/de\/unsere-schule\/unser-engagement\/","og_site_name":"SOFI 64","article_modified_time":"2025-06-16T09:22:54+00:00","og_image":[{"width":2000,"height":1334,"url":"https:\/\/www.sofi64.com\/wp-content\/uploads\/2025\/05\/Sunset-Anglet_5RIB1377_\u00a9RiBLANC.jpg","type":"image\/jpeg"}],"twitter_card":"summary_large_image","twitter_misc":{"Gesch\u00e4tzte Lesezeit":"1\u00a0Minute"},"schema":{"@context":"https:\/\/schema.org","@graph":[{"@type":"WebPage","@id":"https:\/\/www.sofi64.com\/de\/unsere-schule\/unser-engagement\/","url":"https:\/\/www.sofi64.com\/de\/unsere-schule\/unser-engagement\/","name":"Unser Engagement | SOFI 64","isPartOf":{"@id":"https:\/\/www.sofi64.com\/#website"},"primaryImageOfPage":{"@id":"https:\/\/www.sofi64.com\/de\/unsere-schule\/unser-engagement\/#primaryimage"},"image":{"@id":"https:\/\/www.sofi64.com\/de\/unsere-schule\/unser-engagement\/#primaryimage"},"thumbnailUrl":"https:\/\/www.sofi64.com\/wp-content\/uploads\/2025\/05\/Sunset-Anglet_5RIB1377_\u00a9RiBLANC.jpg","datePublished":"2025-05-12T07:46:37+00:00","dateModified":"2025-06-16T09:22:54+00:00","description":"SOFI 64 steht f\u00fcr hochwertigen Unterricht, umweltbewusstes Handeln und echte kulturelle Integration f\u00fcr alle Lernenden.","breadcrumb":{"@id":"https:\/\/www.sofi64.com\/de\/unsere-schule\/unser-engagement\/#breadcrumb"},"inLanguage":"de","potentialAction":[{"@type":"ReadAction","target":["https:\/\/www.sofi64.com\/de\/unsere-schule\/unser-engagement\/"]}]},{"@type":"ImageObject","inLanguage":"de","@id":"https:\/\/www.sofi64.com\/de\/unsere-schule\/unser-engagement\/#primaryimage","url":"https:\/\/www.sofi64.com\/wp-content\/uploads\/2025\/05\/Sunset-Anglet_5RIB1377_\u00a9RiBLANC.jpg","contentUrl":"https:\/\/www.sofi64.com\/wp-content\/uploads\/2025\/05\/Sunset-Anglet_5RIB1377_\u00a9RiBLANC.jpg","width":2000,"height":1334,"caption":"Anglet"},{"@type":"BreadcrumbList","@id":"https:\/\/www.sofi64.com\/de\/unsere-schule\/unser-engagement\/#breadcrumb","itemListElement":[{"@type":"ListItem","position":1,"name":"Home","item":"https:\/\/www.sofi64.com\/de\/"},{"@type":"ListItem","position":2,"name":"Unsere Schule","item":"https:\/\/www.sofi64.com\/de\/unsere-schule\/"},{"@type":"ListItem","position":3,"name":"Unser Engagement"}]},{"@type":"WebSite","@id":"https:\/\/www.sofi64.com\/#website","url":"https:\/\/www.sofi64.com\/","name":"SOFI 64 French Language School","description":"","potentialAction":[{"@type":"SearchAction","target":{"@type":"EntryPoint","urlTemplate":"https:\/\/www.sofi64.com\/?s={search_term_string}"},"query-input":{"@type":"PropertyValueSpecification","valueRequired":true,"valueName":"search_term_string"}}],"inLanguage":"de"}]}},"_links":{"self":[{"href":"https:\/\/www.sofi64.com\/de\/wp-json\/wp\/v2\/pages\/611","targetHints":{"allow":["GET"]}}],"collection":[{"href":"https:\/\/www.sofi64.com\/de\/wp-json\/wp\/v2\/pages"}],"about":[{"href":"https:\/\/www.sofi64.com\/de\/wp-json\/wp\/v2\/types\/page"}],"author":[{"embeddable":true,"href":"https:\/\/www.sofi64.com\/de\/wp-json\/wp\/v2\/users\/1"}],"replies":[{"embeddable":true,"href":"https:\/\/www.sofi64.com\/de\/wp-json\/wp\/v2\/comments?post=611"}],"version-history":[{"count":12,"href":"https:\/\/www.sofi64.com\/de\/wp-json\/wp\/v2\/pages\/611\/revisions"}],"predecessor-version":[{"id":2254,"href":"https:\/\/www.sofi64.com\/de\/wp-json\/wp\/v2\/pages\/611\/revisions\/2254"}],"up":[{"embeddable":true,"href":"https:\/\/www.sofi64.com\/de\/wp-json\/wp\/v2\/pages\/608"}],"wp:featuredmedia":[{"embeddable":true,"href":"https:\/\/www.sofi64.com\/de\/wp-json\/wp\/v2\/media\/1014"}],"wp:attachment":[{"href":"https:\/\/www.sofi64.com\/de\/wp-json\/wp\/v2\/media?parent=611"}],"curies":[{"name":"wp","href":"https:\/\/api.w.org\/{rel}","templated":true}]}}