{"id":620,"date":"2025-05-12T10:03:44","date_gmt":"2025-05-12T08:03:44","guid":{"rendered":"https:\/\/www.sofi64.com?page_id=620"},"modified":"2026-01-12T15:18:26","modified_gmt":"2026-01-12T14:18:26","slug":"franzoesisch-delf-oder-dalf","status":"publish","type":"page","link":"https:\/\/www.sofi64.com\/de\/kurse-preise\/franzoesisch-delf-oder-dalf\/","title":{"rendered":"Franz\u00f6sisch DELF oder DALF"},"content":{"rendered":"","protected":false},"excerpt":{"rendered":"","protected":false},"author":1,"featured_media":232,"parent":614,"menu_order":6,"comment_status":"closed","ping_status":"closed","template":"page-classes.php","meta":{"_acf_changed":false,"footnotes":""},"class_list":["post-620","page","type-page","status-publish","has-post-thumbnail","hentry"],"acf":[],"yoast_head":"<!-- This site is optimized with the Yoast SEO plugin v27.3 - https:\/\/yoast.com\/product\/yoast-seo-wordpress\/ -->\n<title>Franz\u00f6sisch DELF oder DALF | SOFI 64<\/title>\n<meta name=\"description\" content=\"Bereiten Sie sich gezielt auf Ihre DELF- oder DALF-Pr\u00fcfung vor: mit ma\u00dfgeschneiderten Kursen, erfahrenen Lehrkr\u00e4ften und individueller Betreuung.\" \/>\n<meta name=\"robots\" content=\"index, follow, max-snippet:-1, max-image-preview:large, max-video-preview:-1\" \/>\n<link rel=\"canonical\" href=\"https:\/\/www.sofi64.com\/de\/kurse-preise\/franzoesisch-delf-oder-dalf\/\" \/>\n<meta property=\"og:locale\" content=\"de_DE\" \/>\n<meta property=\"og:type\" content=\"article\" \/>\n<meta property=\"og:title\" content=\"Franz\u00f6sisch DELF oder DALF | SOFI 64\" \/>\n<meta property=\"og:description\" content=\"Bereiten Sie sich gezielt auf Ihre DELF- oder DALF-Pr\u00fcfung vor: mit ma\u00dfgeschneiderten Kursen, erfahrenen Lehrkr\u00e4ften und individueller Betreuung.\" \/>\n<meta property=\"og:url\" content=\"https:\/\/www.sofi64.com\/de\/kurse-preise\/franzoesisch-delf-oder-dalf\/\" \/>\n<meta property=\"og:site_name\" content=\"SOFI 64\" \/>\n<meta property=\"article:modified_time\" content=\"2026-01-12T14:18:26+00:00\" \/>\n<meta property=\"og:image\" content=\"https:\/\/www.sofi64.com\/wp-content\/uploads\/2025\/05\/SOFI64-Standard-French-V2_03.jpg\" \/>\n\t<meta property=\"og:image:width\" content=\"841\" \/>\n\t<meta property=\"og:image:height\" content=\"568\" \/>\n\t<meta property=\"og:image:type\" content=\"image\/jpeg\" \/>\n<meta name=\"twitter:card\" content=\"summary_large_image\" \/>\n<meta name=\"twitter:label1\" content=\"Gesch\u00e4tzte Lesezeit\" \/>\n\t<meta name=\"twitter:data1\" content=\"1\u00a0Minute\" \/>\n<script type=\"application\/ld+json\" class=\"yoast-schema-graph\">{\"@context\":\"https:\\\/\\\/schema.org\",\"@graph\":[{\"@type\":\"WebPage\",\"@id\":\"https:\\\/\\\/www.sofi64.com\\\/de\\\/kurse-preise\\\/franzoesisch-delf-oder-dalf\\\/\",\"url\":\"https:\\\/\\\/www.sofi64.com\\\/de\\\/kurse-preise\\\/franzoesisch-delf-oder-dalf\\\/\",\"name\":\"Franz\u00f6sisch DELF oder DALF | SOFI 64\",\"isPartOf\":{\"@id\":\"https:\\\/\\\/www.sofi64.com\\\/#website\"},\"primaryImageOfPage\":{\"@id\":\"https:\\\/\\\/www.sofi64.com\\\/de\\\/kurse-preise\\\/franzoesisch-delf-oder-dalf\\\/#primaryimage\"},\"image\":{\"@id\":\"https:\\\/\\\/www.sofi64.com\\\/de\\\/kurse-preise\\\/franzoesisch-delf-oder-dalf\\\/#primaryimage\"},\"thumbnailUrl\":\"https:\\\/\\\/www.sofi64.com\\\/wp-content\\\/uploads\\\/2025\\\/05\\\/SOFI64-Standard-French-V2_03.jpg\",\"datePublished\":\"2025-05-12T08:03:44+00:00\",\"dateModified\":\"2026-01-12T14:18:26+00:00\",\"description\":\"Bereiten Sie sich gezielt auf Ihre DELF- oder DALF-Pr\u00fcfung vor: mit ma\u00dfgeschneiderten Kursen, erfahrenen Lehrkr\u00e4ften und individueller Betreuung.\",\"breadcrumb\":{\"@id\":\"https:\\\/\\\/www.sofi64.com\\\/de\\\/kurse-preise\\\/franzoesisch-delf-oder-dalf\\\/#breadcrumb\"},\"inLanguage\":\"de\",\"potentialAction\":[{\"@type\":\"ReadAction\",\"target\":[\"https:\\\/\\\/www.sofi64.com\\\/de\\\/kurse-preise\\\/franzoesisch-delf-oder-dalf\\\/\"]}]},{\"@type\":\"ImageObject\",\"inLanguage\":\"de\",\"@id\":\"https:\\\/\\\/www.sofi64.com\\\/de\\\/kurse-preise\\\/franzoesisch-delf-oder-dalf\\\/#primaryimage\",\"url\":\"https:\\\/\\\/www.sofi64.com\\\/wp-content\\\/uploads\\\/2025\\\/05\\\/SOFI64-Standard-French-V2_03.jpg\",\"contentUrl\":\"https:\\\/\\\/www.sofi64.com\\\/wp-content\\\/uploads\\\/2025\\\/05\\\/SOFI64-Standard-French-V2_03.jpg\",\"width\":841,\"height\":568},{\"@type\":\"BreadcrumbList\",\"@id\":\"https:\\\/\\\/www.sofi64.com\\\/de\\\/kurse-preise\\\/franzoesisch-delf-oder-dalf\\\/#breadcrumb\",\"itemListElement\":[{\"@type\":\"ListItem\",\"position\":1,\"name\":\"Home\",\"item\":\"https:\\\/\\\/www.sofi64.com\\\/de\\\/\"},{\"@type\":\"ListItem\",\"position\":2,\"name\":\"Kurse &#038; Preise\",\"item\":\"https:\\\/\\\/www.sofi64.com\\\/de\\\/kurse-preise\\\/\"},{\"@type\":\"ListItem\",\"position\":3,\"name\":\"Franz\u00f6sisch DELF oder DALF\"}]},{\"@type\":\"WebSite\",\"@id\":\"https:\\\/\\\/www.sofi64.com\\\/#website\",\"url\":\"https:\\\/\\\/www.sofi64.com\\\/\",\"name\":\"SOFI 64 French Language School\",\"description\":\"\",\"potentialAction\":[{\"@type\":\"SearchAction\",\"target\":{\"@type\":\"EntryPoint\",\"urlTemplate\":\"https:\\\/\\\/www.sofi64.com\\\/?s={search_term_string}\"},\"query-input\":{\"@type\":\"PropertyValueSpecification\",\"valueRequired\":true,\"valueName\":\"search_term_string\"}}],\"inLanguage\":\"de\"}]}<\/script>\n<!-- \/ Yoast SEO plugin. -->","yoast_head_json":{"title":"Franz\u00f6sisch DELF oder DALF | SOFI 64","description":"Bereiten Sie sich gezielt auf Ihre DELF- oder DALF-Pr\u00fcfung vor: mit ma\u00dfgeschneiderten Kursen, erfahrenen Lehrkr\u00e4ften und individueller Betreuung.","robots":{"index":"index","follow":"follow","max-snippet":"max-snippet:-1","max-image-preview":"max-image-preview:large","max-video-preview":"max-video-preview:-1"},"canonical":"https:\/\/www.sofi64.com\/de\/kurse-preise\/franzoesisch-delf-oder-dalf\/","og_locale":"de_DE","og_type":"article","og_title":"Franz\u00f6sisch DELF oder DALF | SOFI 64","og_description":"Bereiten Sie sich gezielt auf Ihre DELF- oder DALF-Pr\u00fcfung vor: mit ma\u00dfgeschneiderten Kursen, erfahrenen Lehrkr\u00e4ften und individueller Betreuung.","og_url":"https:\/\/www.sofi64.com\/de\/kurse-preise\/franzoesisch-delf-oder-dalf\/","og_site_name":"SOFI 64","article_modified_time":"2026-01-12T14:18:26+00:00","og_image":[{"width":841,"height":568,"url":"https:\/\/www.sofi64.com\/wp-content\/uploads\/2025\/05\/SOFI64-Standard-French-V2_03.jpg","type":"image\/jpeg"}],"twitter_card":"summary_large_image","twitter_misc":{"Gesch\u00e4tzte Lesezeit":"1\u00a0Minute"},"schema":{"@context":"https:\/\/schema.org","@graph":[{"@type":"WebPage","@id":"https:\/\/www.sofi64.com\/de\/kurse-preise\/franzoesisch-delf-oder-dalf\/","url":"https:\/\/www.sofi64.com\/de\/kurse-preise\/franzoesisch-delf-oder-dalf\/","name":"Franz\u00f6sisch DELF oder DALF | SOFI 64","isPartOf":{"@id":"https:\/\/www.sofi64.com\/#website"},"primaryImageOfPage":{"@id":"https:\/\/www.sofi64.com\/de\/kurse-preise\/franzoesisch-delf-oder-dalf\/#primaryimage"},"image":{"@id":"https:\/\/www.sofi64.com\/de\/kurse-preise\/franzoesisch-delf-oder-dalf\/#primaryimage"},"thumbnailUrl":"https:\/\/www.sofi64.com\/wp-content\/uploads\/2025\/05\/SOFI64-Standard-French-V2_03.jpg","datePublished":"2025-05-12T08:03:44+00:00","dateModified":"2026-01-12T14:18:26+00:00","description":"Bereiten Sie sich gezielt auf Ihre DELF- oder DALF-Pr\u00fcfung vor: mit ma\u00dfgeschneiderten Kursen, erfahrenen Lehrkr\u00e4ften und individueller Betreuung.","breadcrumb":{"@id":"https:\/\/www.sofi64.com\/de\/kurse-preise\/franzoesisch-delf-oder-dalf\/#breadcrumb"},"inLanguage":"de","potentialAction":[{"@type":"ReadAction","target":["https:\/\/www.sofi64.com\/de\/kurse-preise\/franzoesisch-delf-oder-dalf\/"]}]},{"@type":"ImageObject","inLanguage":"de","@id":"https:\/\/www.sofi64.com\/de\/kurse-preise\/franzoesisch-delf-oder-dalf\/#primaryimage","url":"https:\/\/www.sofi64.com\/wp-content\/uploads\/2025\/05\/SOFI64-Standard-French-V2_03.jpg","contentUrl":"https:\/\/www.sofi64.com\/wp-content\/uploads\/2025\/05\/SOFI64-Standard-French-V2_03.jpg","width":841,"height":568},{"@type":"BreadcrumbList","@id":"https:\/\/www.sofi64.com\/de\/kurse-preise\/franzoesisch-delf-oder-dalf\/#breadcrumb","itemListElement":[{"@type":"ListItem","position":1,"name":"Home","item":"https:\/\/www.sofi64.com\/de\/"},{"@type":"ListItem","position":2,"name":"Kurse &#038; Preise","item":"https:\/\/www.sofi64.com\/de\/kurse-preise\/"},{"@type":"ListItem","position":3,"name":"Franz\u00f6sisch DELF oder DALF"}]},{"@type":"WebSite","@id":"https:\/\/www.sofi64.com\/#website","url":"https:\/\/www.sofi64.com\/","name":"SOFI 64 French Language School","description":"","potentialAction":[{"@type":"SearchAction","target":{"@type":"EntryPoint","urlTemplate":"https:\/\/www.sofi64.com\/?s={search_term_string}"},"query-input":{"@type":"PropertyValueSpecification","valueRequired":true,"valueName":"search_term_string"}}],"inLanguage":"de"}]}},"_links":{"self":[{"href":"https:\/\/www.sofi64.com\/de\/wp-json\/wp\/v2\/pages\/620","targetHints":{"allow":["GET"]}}],"collection":[{"href":"https:\/\/www.sofi64.com\/de\/wp-json\/wp\/v2\/pages"}],"about":[{"href":"https:\/\/www.sofi64.com\/de\/wp-json\/wp\/v2\/types\/page"}],"author":[{"embeddable":true,"href":"https:\/\/www.sofi64.com\/de\/wp-json\/wp\/v2\/users\/1"}],"replies":[{"embeddable":true,"href":"https:\/\/www.sofi64.com\/de\/wp-json\/wp\/v2\/comments?post=620"}],"version-history":[{"count":21,"href":"https:\/\/www.sofi64.com\/de\/wp-json\/wp\/v2\/pages\/620\/revisions"}],"predecessor-version":[{"id":5574,"href":"https:\/\/www.sofi64.com\/de\/wp-json\/wp\/v2\/pages\/620\/revisions\/5574"}],"up":[{"embeddable":true,"href":"https:\/\/www.sofi64.com\/de\/wp-json\/wp\/v2\/pages\/614"}],"wp:featuredmedia":[{"embeddable":true,"href":"https:\/\/www.sofi64.com\/de\/wp-json\/wp\/v2\/media\/232"}],"wp:attachment":[{"href":"https:\/\/www.sofi64.com\/de\/wp-json\/wp\/v2\/media?parent=620"}],"curies":[{"name":"wp","href":"https:\/\/api.w.org\/{rel}","templated":true}]}}