{"id":622,"date":"2025-05-12T10:04:56","date_gmt":"2025-05-12T08:04:56","guid":{"rendered":"https:\/\/www.sofi64.com?page_id=622"},"modified":"2026-01-12T15:22:18","modified_gmt":"2026-01-12T14:22:18","slug":"unterkunft","status":"publish","type":"page","link":"https:\/\/www.sofi64.com\/de\/unterkunft\/","title":{"rendered":"Unterkunft"},"content":{"rendered":"<div class=\"vc_row wpb_row vc_row-fluid rate-chart\">\n<div class=\"wpb_column vc_column_container vc_col-sm-12\">\n<div class=\"vc_column-inner\">\n<div class=\"wpb_wrapper\">\n<div class=\"vc_wp_text wpb_content_element\">\n<div class=\"widget widget_text\">\n<p>Die franz\u00f6sischen Gastfamilien k\u00fcmmern sich ums Fr\u00fchst\u00fcck und Abendessen. Jeder Sch\u00fcler wird in einem eigenen Schlafzimmer untergebracht.<\/p>\n<p>Die Unterbringung startet am Sonntag vor dem ersten Unterrichtstag und endet am Samstag nach dem letzten Unterrichtstag.<\/p>\n<p>Wenn es uns m\u00f6glich ist, probieren wir Sch\u00fcler mit unterschiedlichen Nationalit\u00e4ten in gleiche Gastfamilien unterzubringen.<\/p>\n<\/div>\n<div id='gallery-1' class='gallery galleryid-622 gallery-columns-2 gallery-size-medium'><dl class='gallery-item'>\n\t\t\t<dt class='gallery-icon landscape'>\n\t\t\t\t<img loading=\"lazy\" decoding=\"async\" width=\"300\" height=\"200\" src=\"https:\/\/www.sofi64.com\/wp-content\/uploads\/2025\/05\/Famille-d_accueil-Chambre-300x200.jpg\" class=\"attachment-medium size-medium\" alt=\"\" srcset=\"https:\/\/www.sofi64.com\/wp-content\/uploads\/2025\/05\/Famille-d_accueil-Chambre-300x200.jpg 300w, https:\/\/www.sofi64.com\/wp-content\/uploads\/2025\/05\/Famille-d_accueil-Chambre-1024x683.jpg 1024w, https:\/\/www.sofi64.com\/wp-content\/uploads\/2025\/05\/Famille-d_accueil-Chambre-768x512.jpg 768w, https:\/\/www.sofi64.com\/wp-content\/uploads\/2025\/05\/Famille-d_accueil-Chambre-1536x1024.jpg 1536w, https:\/\/www.sofi64.com\/wp-content\/uploads\/2025\/05\/Famille-d_accueil-Chambre-2048x1365.jpg 2048w, https:\/\/www.sofi64.com\/wp-content\/uploads\/2025\/05\/Famille-d_accueil-Chambre-120x80.jpg 120w\" sizes=\"auto, (max-width: 300px) 100vw, 300px\" \/>\n\t\t\t<\/dt><\/dl><dl class='gallery-item'>\n\t\t\t<dt class='gallery-icon landscape'>\n\t\t\t\t<img loading=\"lazy\" decoding=\"async\" width=\"300\" height=\"200\" src=\"https:\/\/www.sofi64.com\/wp-content\/uploads\/2025\/05\/Chambre-Famille-D_accueil-1-300x200.jpg\" class=\"attachment-medium size-medium\" alt=\"\" srcset=\"https:\/\/www.sofi64.com\/wp-content\/uploads\/2025\/05\/Chambre-Famille-D_accueil-1-300x200.jpg 300w, https:\/\/www.sofi64.com\/wp-content\/uploads\/2025\/05\/Chambre-Famille-D_accueil-1-1024x683.jpg 1024w, https:\/\/www.sofi64.com\/wp-content\/uploads\/2025\/05\/Chambre-Famille-D_accueil-1-768x512.jpg 768w, https:\/\/www.sofi64.com\/wp-content\/uploads\/2025\/05\/Chambre-Famille-D_accueil-1-1536x1024.jpg 1536w, https:\/\/www.sofi64.com\/wp-content\/uploads\/2025\/05\/Chambre-Famille-D_accueil-1-2048x1365.jpg 2048w, https:\/\/www.sofi64.com\/wp-content\/uploads\/2025\/05\/Chambre-Famille-D_accueil-1-120x80.jpg 120w\" sizes=\"auto, (max-width: 300px) 100vw, 300px\" \/>\n\t\t\t<\/dt><\/dl><br style=\"clear: both\" \/>\n\t\t<\/div>\n\n<div class=\"widget widget_text\">\n<h2 class=\"widgettitle\">PREISEN<\/h2>\n<div class=\"textwidget\">\n<p>Preise pro NACHT und Person (6 N\u00e4chte und mehr)<\/p>\n<p>Halb-Pension : Fr\u00fchst\u00fcck + Abendessen unter der Woche<\/p>\n<table style=\"width: 45.1073%;\">\n<tbody>\n<tr>\n<th style=\"width: 47.1014%; text-align: center;\">Einzelzimmer<\/th>\n<th style=\"width: 181.884%; text-align: center;\">Mehrbettzimmer*<\/th>\n<\/tr>\n<tr>\n<td style=\"width: 47.1014%; text-align: center;\">41\u20ac pro Nacht<\/td>\n<td style=\"width: 181.884%; text-align: center;\">37\u20ac pro Nacht<\/td>\n<\/tr>\n<\/tbody>\n<\/table>\n<p><strong>B&amp;B :<\/strong>\u00a0breakfast included throughout your stay<\/p>\n<table style=\"width: 45.0089%;\">\n<tbody>\n<tr>\n<th style=\"width: 47.1014%; text-align: center;\">Einzelzimmer<\/th>\n<th style=\"width: 178.417%; text-align: center;\">Mehrbettzimmer*<\/th>\n<\/tr>\n<tr>\n<td style=\"width: 47.1014%; text-align: center;\">33\u20ac pro Nacht<\/td>\n<td style=\"width: 178.417%; text-align: center;\">31\u20ac pro Nacht<\/td>\n<\/tr>\n<\/tbody>\n<\/table>\n<p>* Mehrbettzimmer sind f\u00fcr Sch\u00fcler welche zusammen reisen.<\/p>\n<p>Bitte beachten Sie, dass f\u00fcr spezielle Di\u00e4ten wie glutenfrei, laktosefrei (\u2026) ein Aufpreis von 20 Euro pro Woche anf\u00e4llt.<\/p>\n<p>&nbsp;<\/p>\n<\/div>\n<\/div>\n<\/div>\n<\/div>\n<\/div>\n<\/div>\n<\/div>\n<div class=\"vc_row wpb_row vc_row-fluid\">\n<div class=\"wpb_column vc_column_container vc_col-sm-12\">\n<div class=\"vc_column-inner\">\n<div class=\"wpb_wrapper\">\n<div class=\"vc_wp_text wpb_content_element\">\n<div class=\"widget widget_text\">\n<h2>HOSTEL<\/h2>\n<div class=\"textwidget\">\n<p>Du hast auch die M\u00f6glichkeit, im Hostel Nami House zu \u00fcbernachten. Bitte kontaktieren Sie Nami House direkt f\u00fcr die Reservation.<\/p>\n<p>Nach dem Prinzip der australischen Backpacker-Hostels bietet Nami House ein gro\u00dfes baskisches Haus im hawaiianischen und japanischen Stil, in dem sich Reisende aus aller Welt treffen.<\/p>\n<p>Das Haus verf\u00fcgt \u00fcber eine sch\u00f6ne offene K\u00fcche, sowie gro\u00dfe Gemeinschaftsr\u00e4ume (gro\u00dfes Wohnzimmer, Veranda und ein Garten mit mehreren separaten Bereichen) zum Entspannen nach dem Unterricht.<\/p>\n<p>Das Hostel liegt 10 Gehminuten von SOFI 64 entfernt.<br \/>\nEs bietet Schlafgelegenheiten f\u00fcr 4-5 Personen in einem Schlafsaal oder 2-3 Personen in einem traditionellen japanischen Zimmer.<\/p>\n<div data-canvas-width=\"526.4893333333334\">\n<div id='gallery-2' class='gallery galleryid-622 gallery-columns-2 gallery-size-bloc_large'><dl class='gallery-item'>\n\t\t\t<dt class='gallery-icon landscape'>\n\t\t\t\t<img loading=\"lazy\" decoding=\"async\" width=\"718\" height=\"390\" src=\"https:\/\/www.sofi64.com\/wp-content\/uploads\/2025\/05\/nami-house-anglet-hawaiian-lounge-veranda-garden-718x390.jpg\" class=\"attachment-bloc_large size-bloc_large\" alt=\"\" \/>\n\t\t\t<\/dt><\/dl><dl class='gallery-item'>\n\t\t\t<dt class='gallery-icon landscape'>\n\t\t\t\t<img loading=\"lazy\" decoding=\"async\" width=\"718\" height=\"390\" src=\"https:\/\/www.sofi64.com\/wp-content\/uploads\/2025\/05\/nami-house-anglet-fire-rock-room-bunk-bed-door-view-718x390.jpg\" class=\"attachment-bloc_large size-bloc_large\" alt=\"\" \/>\n\t\t\t<\/dt><\/dl><br style=\"clear: both\" \/>\n\t\t<\/div>\n\n<\/div>\n<\/div>\n<\/div>\n<\/div>\n<\/div>\n<\/div>\n<\/div>\n<\/div>\n<div class=\"vc_row wpb_row vc_row-fluid\">\n<div class=\"wpb_column vc_column_container vc_col-sm-12\">\n<div class=\"vc_column-inner\">\n<div class=\"wpb_wrapper\">\n<div class=\"vc_wp_text wpb_content_element\">\n<div class=\"widget widget_text\">\n<p>&nbsp;<\/p>\n<\/div>\n<\/div>\n<\/div>\n<\/div>\n<\/div>\n<\/div>\n<div class=\"vc_row wpb_row vc_row-fluid\">\n<div class=\"wpb_column vc_column_container vc_col-sm-12\">\n<div class=\"vc_column-inner\">\n<div class=\"wpb_wrapper\">\n<div class=\"vc_wp_text wpb_content_element\">\n<div class=\"widget widget_text\">\n<h2 class=\"widgettitle\">HOTEL &amp; COLIVING<\/h2>\n<div class=\"textwidget\">\n<p>Ein weiterer Partner von uns bietet ein kombiniertes Konzept zwischen einem G\u00e4stehaus und einem Boutique-Hotel an. \u201eLe Saint-Charles\u201c ist ein lebendiger, zeitgem\u00e4\u00dfer Ort mit seinem \u201eColiving\u201c-Konzept, konzipiert als ein Ort des Lebens und des Austauschs der allen offensteht und am lokalen Leben teilnimmt. Den G\u00e4sten stehen zahlreiche Gemeinschaftsr\u00e4ume zur Verf\u00fcgung. Sie k\u00f6nnen ein privates Zimmer genie\u00dfen und gleichzeitig von den Hoteldienstleistungen profitieren, in der Coworking-Lounge arbeiten oder im \u00fcppigen Garten entspannen; und das alles in der N\u00e4he des Strandes und des Zentrums!<\/p>\n<p>\u201eLe Saint-Charles\u201c liegt 10 Minuten mit dem Fahrrad (oder dem Bus) von deiner Lieblingsschule entfernt!<\/p>\n<p>(Bitte kontaktieren Le Saint-Charles direkt f\u00fcr die Reservation)<\/p>\n<div id='gallery-3' class='gallery galleryid-622 gallery-columns-2 gallery-size-bloc_small'><dl class='gallery-item'>\n\t\t\t<dt class='gallery-icon portrait'>\n\t\t\t\t<img loading=\"lazy\" decoding=\"async\" width=\"340\" height=\"390\" src=\"https:\/\/www.sofi64.com\/wp-content\/uploads\/2025\/06\/Saint-Charles-Chambre-1-340x390.jpg\" class=\"attachment-bloc_small size-bloc_small\" alt=\"\" \/>\n\t\t\t<\/dt><\/dl><dl class='gallery-item'>\n\t\t\t<dt class='gallery-icon portrait'>\n\t\t\t\t<img loading=\"lazy\" decoding=\"async\" width=\"340\" height=\"390\" src=\"https:\/\/www.sofi64.com\/wp-content\/uploads\/2025\/06\/Saint-Charles-Chambre-2-340x390.jpg\" class=\"attachment-bloc_small size-bloc_small\" alt=\"\" \/>\n\t\t\t<\/dt><\/dl><br style=\"clear: both\" \/>\n\t\t<\/div>\n\n<\/div>\n<\/div>\n<\/div>\n<\/div>\n<\/div>\n<\/div>\n<\/div>\n","protected":false},"excerpt":{"rendered":"<p>Die franz\u00f6sischen Gastfamilien k\u00fcmmern sich ums Fr\u00fchst\u00fcck und Abendessen. Jeder Sch\u00fcler wird in einem eigenen Schlafzimmer untergebracht. Die Unterbringung startet am Sonntag vor dem ersten Unterrichtstag und endet am Samstag nach dem letzten Unterrichtstag. Wenn es uns m\u00f6glich ist, probieren wir Sch\u00fcler mit unterschiedlichen Nationalit\u00e4ten in gleiche Gastfamilien unterzubringen. PREISEN Preise pro NACHT und Person [&hellip;]<\/p>\n","protected":false},"author":1,"featured_media":0,"parent":0,"menu_order":4,"comment_status":"closed","ping_status":"closed","template":"page-biarritz-anglet.php","meta":{"_acf_changed":false,"footnotes":""},"class_list":["post-622","page","type-page","status-publish","hentry"],"acf":[],"yoast_head":"<!-- This site is optimized with the Yoast SEO plugin v27.3 - https:\/\/yoast.com\/product\/yoast-seo-wordpress\/ -->\n<title>Unterkunft | SOFI 64<\/title>\n<meta name=\"description\" content=\"Finden Sie mit SOFI 64 die passende Unterkunft in Anglet: Gastfamilien, Wohnheime oder WGs \u2013 f\u00fcr eine authentische Immersion ins franz\u00f6sische Leben.\" \/>\n<meta name=\"robots\" content=\"index, follow, max-snippet:-1, max-image-preview:large, max-video-preview:-1\" \/>\n<link rel=\"canonical\" href=\"https:\/\/www.sofi64.com\/de\/unterkunft\/\" \/>\n<meta property=\"og:locale\" content=\"de_DE\" \/>\n<meta property=\"og:type\" content=\"article\" \/>\n<meta property=\"og:title\" content=\"Unterkunft | SOFI 64\" \/>\n<meta property=\"og:description\" content=\"Finden Sie mit SOFI 64 die passende Unterkunft in Anglet: Gastfamilien, Wohnheime oder WGs \u2013 f\u00fcr eine authentische Immersion ins franz\u00f6sische Leben.\" \/>\n<meta property=\"og:url\" content=\"https:\/\/www.sofi64.com\/de\/unterkunft\/\" \/>\n<meta property=\"og:site_name\" content=\"SOFI 64\" \/>\n<meta property=\"article:modified_time\" content=\"2026-01-12T14:22:18+00:00\" \/>\n<meta name=\"twitter:card\" content=\"summary_large_image\" \/>\n<meta name=\"twitter:label1\" content=\"Gesch\u00e4tzte Lesezeit\" \/>\n\t<meta name=\"twitter:data1\" content=\"2\u00a0Minuten\" \/>\n<script type=\"application\/ld+json\" class=\"yoast-schema-graph\">{\"@context\":\"https:\\\/\\\/schema.org\",\"@graph\":[{\"@type\":\"WebPage\",\"@id\":\"https:\\\/\\\/www.sofi64.com\\\/de\\\/unterkunft\\\/\",\"url\":\"https:\\\/\\\/www.sofi64.com\\\/de\\\/unterkunft\\\/\",\"name\":\"Unterkunft | SOFI 64\",\"isPartOf\":{\"@id\":\"https:\\\/\\\/www.sofi64.com\\\/#website\"},\"datePublished\":\"2025-05-12T08:04:56+00:00\",\"dateModified\":\"2026-01-12T14:22:18+00:00\",\"description\":\"Finden Sie mit SOFI 64 die passende Unterkunft in Anglet: Gastfamilien, Wohnheime oder WGs \u2013 f\u00fcr eine authentische Immersion ins franz\u00f6sische Leben.\",\"breadcrumb\":{\"@id\":\"https:\\\/\\\/www.sofi64.com\\\/de\\\/unterkunft\\\/#breadcrumb\"},\"inLanguage\":\"de\",\"potentialAction\":[{\"@type\":\"ReadAction\",\"target\":[\"https:\\\/\\\/www.sofi64.com\\\/de\\\/unterkunft\\\/\"]}]},{\"@type\":\"BreadcrumbList\",\"@id\":\"https:\\\/\\\/www.sofi64.com\\\/de\\\/unterkunft\\\/#breadcrumb\",\"itemListElement\":[{\"@type\":\"ListItem\",\"position\":1,\"name\":\"Home\",\"item\":\"https:\\\/\\\/www.sofi64.com\\\/de\\\/\"},{\"@type\":\"ListItem\",\"position\":2,\"name\":\"Unterkunft\"}]},{\"@type\":\"WebSite\",\"@id\":\"https:\\\/\\\/www.sofi64.com\\\/#website\",\"url\":\"https:\\\/\\\/www.sofi64.com\\\/\",\"name\":\"SOFI 64 French Language School\",\"description\":\"\",\"potentialAction\":[{\"@type\":\"SearchAction\",\"target\":{\"@type\":\"EntryPoint\",\"urlTemplate\":\"https:\\\/\\\/www.sofi64.com\\\/?s={search_term_string}\"},\"query-input\":{\"@type\":\"PropertyValueSpecification\",\"valueRequired\":true,\"valueName\":\"search_term_string\"}}],\"inLanguage\":\"de\"}]}<\/script>\n<!-- \/ Yoast SEO plugin. -->","yoast_head_json":{"title":"Unterkunft | SOFI 64","description":"Finden Sie mit SOFI 64 die passende Unterkunft in Anglet: Gastfamilien, Wohnheime oder WGs \u2013 f\u00fcr eine authentische Immersion ins franz\u00f6sische Leben.","robots":{"index":"index","follow":"follow","max-snippet":"max-snippet:-1","max-image-preview":"max-image-preview:large","max-video-preview":"max-video-preview:-1"},"canonical":"https:\/\/www.sofi64.com\/de\/unterkunft\/","og_locale":"de_DE","og_type":"article","og_title":"Unterkunft | SOFI 64","og_description":"Finden Sie mit SOFI 64 die passende Unterkunft in Anglet: Gastfamilien, Wohnheime oder WGs \u2013 f\u00fcr eine authentische Immersion ins franz\u00f6sische Leben.","og_url":"https:\/\/www.sofi64.com\/de\/unterkunft\/","og_site_name":"SOFI 64","article_modified_time":"2026-01-12T14:22:18+00:00","twitter_card":"summary_large_image","twitter_misc":{"Gesch\u00e4tzte Lesezeit":"2\u00a0Minuten"},"schema":{"@context":"https:\/\/schema.org","@graph":[{"@type":"WebPage","@id":"https:\/\/www.sofi64.com\/de\/unterkunft\/","url":"https:\/\/www.sofi64.com\/de\/unterkunft\/","name":"Unterkunft | SOFI 64","isPartOf":{"@id":"https:\/\/www.sofi64.com\/#website"},"datePublished":"2025-05-12T08:04:56+00:00","dateModified":"2026-01-12T14:22:18+00:00","description":"Finden Sie mit SOFI 64 die passende Unterkunft in Anglet: Gastfamilien, Wohnheime oder WGs \u2013 f\u00fcr eine authentische Immersion ins franz\u00f6sische Leben.","breadcrumb":{"@id":"https:\/\/www.sofi64.com\/de\/unterkunft\/#breadcrumb"},"inLanguage":"de","potentialAction":[{"@type":"ReadAction","target":["https:\/\/www.sofi64.com\/de\/unterkunft\/"]}]},{"@type":"BreadcrumbList","@id":"https:\/\/www.sofi64.com\/de\/unterkunft\/#breadcrumb","itemListElement":[{"@type":"ListItem","position":1,"name":"Home","item":"https:\/\/www.sofi64.com\/de\/"},{"@type":"ListItem","position":2,"name":"Unterkunft"}]},{"@type":"WebSite","@id":"https:\/\/www.sofi64.com\/#website","url":"https:\/\/www.sofi64.com\/","name":"SOFI 64 French Language School","description":"","potentialAction":[{"@type":"SearchAction","target":{"@type":"EntryPoint","urlTemplate":"https:\/\/www.sofi64.com\/?s={search_term_string}"},"query-input":{"@type":"PropertyValueSpecification","valueRequired":true,"valueName":"search_term_string"}}],"inLanguage":"de"}]}},"_links":{"self":[{"href":"https:\/\/www.sofi64.com\/de\/wp-json\/wp\/v2\/pages\/622","targetHints":{"allow":["GET"]}}],"collection":[{"href":"https:\/\/www.sofi64.com\/de\/wp-json\/wp\/v2\/pages"}],"about":[{"href":"https:\/\/www.sofi64.com\/de\/wp-json\/wp\/v2\/types\/page"}],"author":[{"embeddable":true,"href":"https:\/\/www.sofi64.com\/de\/wp-json\/wp\/v2\/users\/1"}],"replies":[{"embeddable":true,"href":"https:\/\/www.sofi64.com\/de\/wp-json\/wp\/v2\/comments?post=622"}],"version-history":[{"count":30,"href":"https:\/\/www.sofi64.com\/de\/wp-json\/wp\/v2\/pages\/622\/revisions"}],"predecessor-version":[{"id":5579,"href":"https:\/\/www.sofi64.com\/de\/wp-json\/wp\/v2\/pages\/622\/revisions\/5579"}],"wp:attachment":[{"href":"https:\/\/www.sofi64.com\/de\/wp-json\/wp\/v2\/media?parent=622"}],"curies":[{"name":"wp","href":"https:\/\/api.w.org\/{rel}","templated":true}]}}