{"id":768,"date":"2025-05-12T09:45:28","date_gmt":"2025-05-12T07:45:28","guid":{"rendered":"https:\/\/www.sofi64.com?page_id=768"},"modified":"2025-06-16T19:09:14","modified_gmt":"2025-06-16T17:09:14","slug":"nuestra-escuela","status":"publish","type":"page","link":"https:\/\/www.sofi64.com\/es\/nuestra-escuela\/","title":{"rendered":"Nuestra Escuela"},"content":{"rendered":"<h2 class=\"widgettitle\">Tus clases de Franc\u00e9s<\/h2>\n<div class=\"textwidget\">\n<p>&nbsp;<\/p>\n<h3>Objectivos<\/h3>\n<p>Nuestro objetivo es ayudar a nuestros estudiantes a\u00a0<strong>mejorar sus habilidades ling\u00fc\u00edsticas en Franc\u00e9s<\/strong>\u00a0proporcion\u00e1ndoles\u00a0<strong>cursos de Franc\u00e9s aut\u00e9nticos y relevantes<\/strong>. As\u00ed, descubrir\u00e1s y desarrollar\u00e1s una familiaridad con los aspectos ling\u00fc\u00edsticos y culturales de Francia a trav\u00e9s del estudio de las cinco habilidades claves del M.C.E.R.L.\u00a0<em>(comprensi\u00f3n oral y escrita, producci\u00f3n escrita , interacci\u00f3n oral y expresi\u00f3n oral)<\/em>.<\/p>\n<h3><\/h3>\n<h3>Metodolog\u00eda<\/h3>\n<p>Ofrecemos un\u00a0<strong>enfoque espec\u00edfico del franc\u00e9s hablado en situaciones comunicativas<\/strong>. Nuestras\u00a0<strong>clases de franc\u00e9s son divertidas, interactivas y estimulantes<\/strong>. Tambi\u00e9n seguimos el m\u00e9todo comunicativo e interactivo del M.C.E.R.L.<\/p>\n<h3><\/h3>\n<h3>Profesores<\/h3>\n<p>Cada uno de\u00a0<a href=\"https:\/\/www.sofi64.com\/es\/nuestro-equipo\/\" target=\"_blank\" rel=\"noopener\"><strong>nuestros profesores<\/strong><\/a>\u00a0tiene un t\u00edtulo universitario con una\u00a0<strong>especializaci\u00f3n en la ense\u00f1anza del Franc\u00e9s<\/strong>\u00a0como lengua extranjera. Todos ellos\u00a0<strong>son creativos, din\u00e1micos y competentes<\/strong>\u00a0con una trayectoria de \u00e9xito en la ense\u00f1anza del Franc\u00e9s en Francia y\/o al extranjero. Saben c\u00f3mo hacer que sus\u00a0<strong>cursos sean estimulantes y provechosos<\/strong>. Nuestra directriz\u00a0de estudios encabeza el equipo para seguir el aprendizaje y la evoluci\u00f3n de los alumnos as\u00ed como para asegurar la homogeneidad de las clases.<\/p>\n<h3><\/h3>\n<h3>Materiales de ense\u00f1anza<\/h3>\n<p>Para nuestras\u00a0<a href=\"https:\/\/www.sofi64.com\/es\/clases-de-frances\/\" target=\"_blank\" rel=\"noopener\"><strong>clases en grupo<\/strong><\/a>, utilizamos manuales de FFL (En Contact, L\u2019Atelier, D\u00e9fi, Inspire, Alter Ego+) para proporcionar a nuestros estudiantes<strong>\u00a0una forma organizada y progresiva de aprender F<\/strong><strong>ranc\u00e9s.<\/strong>\u00a0Nuestros profesores utilizan documentos aut\u00e9nticos, documentos en video y en audio, juegos.<\/p>\n<h3><\/h3>\n<h3>Evaluaci\u00f3n<\/h3>\n<p>Los alumnos reciben un certificaado que acredita el nivel alcanzado. Los niveles se basan en la escala M.C.E.R.L. (<em>Marco Com\u00fan Europeo de Referencia para las Lenguas<\/em>):<\/p>\n<p><strong>\u2014&gt; A1<\/strong>\u00a0<em>(principiante) |\u00a0<\/em><strong>A2<\/strong>\u00a0<em>(nivel elemental)<\/em><\/p>\n<p><strong>\u2014&gt; B1\u00a0<\/strong><em>(nivel intermedio -) |\u00a0<\/em><strong>B2\u00a0<\/strong><em>(nivel intermedio)<\/em><\/p>\n<p><strong>\u2014&gt; C1\u00a0<\/strong>&amp;<strong>\u00a0C2<\/strong>\u00a0<em>(nivel avanzado)<\/em><\/p>\n<\/div>\n","protected":false},"excerpt":{"rendered":"<p>Tus clases de Franc\u00e9s &nbsp; Objectivos Nuestro objetivo es ayudar a nuestros estudiantes a\u00a0mejorar sus habilidades ling\u00fc\u00edsticas en Franc\u00e9s\u00a0proporcion\u00e1ndoles\u00a0cursos de Franc\u00e9s aut\u00e9nticos y relevantes. As\u00ed, descubrir\u00e1s y desarrollar\u00e1s una familiaridad con los aspectos ling\u00fc\u00edsticos y culturales de Francia a trav\u00e9s del estudio de las cinco habilidades claves del M.C.E.R.L.\u00a0(comprensi\u00f3n oral y escrita, producci\u00f3n escrita , [&hellip;]<\/p>\n","protected":false},"author":1,"featured_media":0,"parent":0,"menu_order":1,"comment_status":"closed","ping_status":"closed","template":"page-biarritz-anglet.php","meta":{"_acf_changed":false,"footnotes":""},"class_list":["post-768","page","type-page","status-publish","hentry"],"acf":[],"yoast_head":"<!-- This site is optimized with the Yoast SEO plugin v27.3 - https:\/\/yoast.com\/product\/yoast-seo-wordpress\/ -->\n<title>Nuestra Escuela | SOFI 64<\/title>\n<meta name=\"description\" content=\"Descubre SOFI 64, tu escuela de Franc\u00e9s en Biarritz : ense\u00f1anza de calidad, profesores experimentados y un entorno ideal para estudiar.\" \/>\n<meta name=\"robots\" content=\"index, follow, max-snippet:-1, max-image-preview:large, max-video-preview:-1\" \/>\n<link rel=\"canonical\" href=\"https:\/\/www.sofi64.com\/es\/nuestra-escuela\/\" \/>\n<meta property=\"og:locale\" content=\"es_ES\" \/>\n<meta property=\"og:type\" content=\"article\" \/>\n<meta property=\"og:title\" content=\"Nuestra Escuela | SOFI 64\" \/>\n<meta property=\"og:description\" content=\"Descubre SOFI 64, tu escuela de Franc\u00e9s en Biarritz : ense\u00f1anza de calidad, profesores experimentados y un entorno ideal para estudiar.\" \/>\n<meta property=\"og:url\" content=\"https:\/\/www.sofi64.com\/es\/nuestra-escuela\/\" \/>\n<meta property=\"og:site_name\" content=\"SOFI 64\" \/>\n<meta property=\"article:modified_time\" content=\"2025-06-16T17:09:14+00:00\" \/>\n<meta name=\"twitter:card\" content=\"summary_large_image\" \/>\n<meta name=\"twitter:label1\" content=\"Tiempo de lectura\" \/>\n\t<meta name=\"twitter:data1\" content=\"2 minutos\" \/>\n<script type=\"application\/ld+json\" class=\"yoast-schema-graph\">{\"@context\":\"https:\\\/\\\/schema.org\",\"@graph\":[{\"@type\":\"WebPage\",\"@id\":\"https:\\\/\\\/www.sofi64.com\\\/es\\\/nuestra-escuela\\\/\",\"url\":\"https:\\\/\\\/www.sofi64.com\\\/es\\\/nuestra-escuela\\\/\",\"name\":\"Nuestra Escuela | SOFI 64\",\"isPartOf\":{\"@id\":\"https:\\\/\\\/www.sofi64.com\\\/#website\"},\"datePublished\":\"2025-05-12T07:45:28+00:00\",\"dateModified\":\"2025-06-16T17:09:14+00:00\",\"description\":\"Descubre SOFI 64, tu escuela de Franc\u00e9s en Biarritz : ense\u00f1anza de calidad, profesores experimentados y un entorno ideal para estudiar.\",\"breadcrumb\":{\"@id\":\"https:\\\/\\\/www.sofi64.com\\\/es\\\/nuestra-escuela\\\/#breadcrumb\"},\"inLanguage\":\"es\",\"potentialAction\":[{\"@type\":\"ReadAction\",\"target\":[\"https:\\\/\\\/www.sofi64.com\\\/es\\\/nuestra-escuela\\\/\"]}]},{\"@type\":\"BreadcrumbList\",\"@id\":\"https:\\\/\\\/www.sofi64.com\\\/es\\\/nuestra-escuela\\\/#breadcrumb\",\"itemListElement\":[{\"@type\":\"ListItem\",\"position\":1,\"name\":\"Home\",\"item\":\"https:\\\/\\\/www.sofi64.com\\\/es\\\/\"},{\"@type\":\"ListItem\",\"position\":2,\"name\":\"Nuestra Escuela\"}]},{\"@type\":\"WebSite\",\"@id\":\"https:\\\/\\\/www.sofi64.com\\\/#website\",\"url\":\"https:\\\/\\\/www.sofi64.com\\\/\",\"name\":\"SOFI 64 French Language School\",\"description\":\"\",\"potentialAction\":[{\"@type\":\"SearchAction\",\"target\":{\"@type\":\"EntryPoint\",\"urlTemplate\":\"https:\\\/\\\/www.sofi64.com\\\/?s={search_term_string}\"},\"query-input\":{\"@type\":\"PropertyValueSpecification\",\"valueRequired\":true,\"valueName\":\"search_term_string\"}}],\"inLanguage\":\"es\"}]}<\/script>\n<!-- \/ Yoast SEO plugin. -->","yoast_head_json":{"title":"Nuestra Escuela | SOFI 64","description":"Descubre SOFI 64, tu escuela de Franc\u00e9s en Biarritz : ense\u00f1anza de calidad, profesores experimentados y un entorno ideal para estudiar.","robots":{"index":"index","follow":"follow","max-snippet":"max-snippet:-1","max-image-preview":"max-image-preview:large","max-video-preview":"max-video-preview:-1"},"canonical":"https:\/\/www.sofi64.com\/es\/nuestra-escuela\/","og_locale":"es_ES","og_type":"article","og_title":"Nuestra Escuela | SOFI 64","og_description":"Descubre SOFI 64, tu escuela de Franc\u00e9s en Biarritz : ense\u00f1anza de calidad, profesores experimentados y un entorno ideal para estudiar.","og_url":"https:\/\/www.sofi64.com\/es\/nuestra-escuela\/","og_site_name":"SOFI 64","article_modified_time":"2025-06-16T17:09:14+00:00","twitter_card":"summary_large_image","twitter_misc":{"Tiempo de lectura":"2 minutos"},"schema":{"@context":"https:\/\/schema.org","@graph":[{"@type":"WebPage","@id":"https:\/\/www.sofi64.com\/es\/nuestra-escuela\/","url":"https:\/\/www.sofi64.com\/es\/nuestra-escuela\/","name":"Nuestra Escuela | SOFI 64","isPartOf":{"@id":"https:\/\/www.sofi64.com\/#website"},"datePublished":"2025-05-12T07:45:28+00:00","dateModified":"2025-06-16T17:09:14+00:00","description":"Descubre SOFI 64, tu escuela de Franc\u00e9s en Biarritz : ense\u00f1anza de calidad, profesores experimentados y un entorno ideal para estudiar.","breadcrumb":{"@id":"https:\/\/www.sofi64.com\/es\/nuestra-escuela\/#breadcrumb"},"inLanguage":"es","potentialAction":[{"@type":"ReadAction","target":["https:\/\/www.sofi64.com\/es\/nuestra-escuela\/"]}]},{"@type":"BreadcrumbList","@id":"https:\/\/www.sofi64.com\/es\/nuestra-escuela\/#breadcrumb","itemListElement":[{"@type":"ListItem","position":1,"name":"Home","item":"https:\/\/www.sofi64.com\/es\/"},{"@type":"ListItem","position":2,"name":"Nuestra Escuela"}]},{"@type":"WebSite","@id":"https:\/\/www.sofi64.com\/#website","url":"https:\/\/www.sofi64.com\/","name":"SOFI 64 French Language School","description":"","potentialAction":[{"@type":"SearchAction","target":{"@type":"EntryPoint","urlTemplate":"https:\/\/www.sofi64.com\/?s={search_term_string}"},"query-input":{"@type":"PropertyValueSpecification","valueRequired":true,"valueName":"search_term_string"}}],"inLanguage":"es"}]}},"_links":{"self":[{"href":"https:\/\/www.sofi64.com\/es\/wp-json\/wp\/v2\/pages\/768","targetHints":{"allow":["GET"]}}],"collection":[{"href":"https:\/\/www.sofi64.com\/es\/wp-json\/wp\/v2\/pages"}],"about":[{"href":"https:\/\/www.sofi64.com\/es\/wp-json\/wp\/v2\/types\/page"}],"author":[{"embeddable":true,"href":"https:\/\/www.sofi64.com\/es\/wp-json\/wp\/v2\/users\/1"}],"replies":[{"embeddable":true,"href":"https:\/\/www.sofi64.com\/es\/wp-json\/wp\/v2\/comments?post=768"}],"version-history":[{"count":7,"href":"https:\/\/www.sofi64.com\/es\/wp-json\/wp\/v2\/pages\/768\/revisions"}],"predecessor-version":[{"id":2576,"href":"https:\/\/www.sofi64.com\/es\/wp-json\/wp\/v2\/pages\/768\/revisions\/2576"}],"wp:attachment":[{"href":"https:\/\/www.sofi64.com\/es\/wp-json\/wp\/v2\/media?parent=768"}],"curies":[{"name":"wp","href":"https:\/\/api.w.org\/{rel}","templated":true}]}}