{"id":770,"date":"2025-05-12T09:46:05","date_gmt":"2025-05-12T07:46:05","guid":{"rendered":"https:\/\/www.sofi64.com?page_id=770"},"modified":"2025-06-16T19:16:14","modified_gmt":"2025-06-16T17:16:14","slug":"nuestro-equipo","status":"publish","type":"page","link":"https:\/\/www.sofi64.com\/es\/nuestra-escuela\/nuestro-equipo\/","title":{"rendered":"Nuestro equipo"},"content":{"rendered":"<h2 class=\"widgettitle\">Nuestras profesoras<\/h2>\n<div class=\"textwidget\">\n<p>&nbsp;<\/p>\n<h3>St\u00e9phanie HOUSET \u2013 Directr\u00edz y profesora de Franc\u00e9s<\/h3>\n<div>\n<p><span lang=\"ES\">Con m\u00e1s de 20 a\u00f1os de experiencia en la ense\u00f1anza del Franc\u00e9s como lengua extranjera (FLE), St\u00e9phanie aporta no solo una s\u00f3lida experiencia, sino tambi\u00e9n una energ\u00eda desbordante y mucho entusiasmo a sus clases. Su misi\u00f3n: hacer del aprendizaje del Franc\u00e9s una experiencia divertida y eficaz.<\/span><\/p>\n<\/div>\n<div>\n<p data-start=\"473\" data-end=\"849\">Con solo 18 a\u00f1os, se fue a vivir a la isla de La Reuni\u00f3n, un para\u00edso remoto que despert\u00f3 en ella el gusto por la aventura y las ganas de descubrir nuevos horizontes. <span lang=\"ES\">M\u00e1s tarde, pas\u00f3 un a\u00f1o en Estados Unidos para estudiar ingl\u00e9s, antes de obtener su m\u00e1ster en FLE en Francia. Desde entonces, no ha dejado de implicarse: como profesora, coach ling\u00fc\u00edstica y fuente de motivaci\u00f3n.<\/span><\/p>\n<\/div>\n<div>\n<p data-start=\"851\" data-end=\"1196\"><span lang=\"ES\">St\u00e9phanie ha ense\u00f1ado a adultos en Francia y en Australia \u2013 y s\u00ed, su tabla de surf siempre ha viajado con ella. Tiene sus ra\u00edces en Anglet, donde creci\u00f3 entre los pinares y las olas del Atl\u00e1ntico. Este v\u00ednculo especial con su regi\u00f3n la inspir\u00f3, en 2011, a fundar<span class=\"apple-converted-space\">\u00a0<\/span><strong data-start=\"1114\" data-end=\"1125\">SOFI 64<\/strong><span class=\"apple-converted-space\">\u00a0<\/span>\u2013 una peque\u00f1a escuela de Franc\u00e9s acogedora, situada en la costa vasca.<\/span><\/p>\n<\/div>\n<div>\n<p data-start=\"1198\" data-end=\"1430\"><span lang=\"ES\">Como fundadora y directora del centro, conoce perfectamente las necesidades de sus estudiantes. Con una gran sensibilidad, mucha paciencia y un toque de humor, se asegura de que cada persona se sienta bienvenida y avance con placer.<\/span><\/p>\n<\/div>\n<div>\n<p data-start=\"1432\" data-end=\"1694\"><span lang=\"ES\">Cuando no est\u00e1 dando clases, St\u00e9phanie sale a caminar por la monta\u00f1a con su c\u00e1mara y sus dos perros \u2013 siempre en busca de nuevas perspectivas. Habla con fluidez franc\u00e9s, ingl\u00e9s y espa\u00f1ol \u2013 y el euskera no le es ajeno: encuentra con facilidad las palabras justas.<\/span><\/p>\n<\/div>\n<\/div>\n<div class=\"textwidget\">\n<div id='gallery-1' class='gallery galleryid-770 gallery-columns-2 gallery-size-medium'><dl class='gallery-item'>\n\t\t\t<dt class='gallery-icon landscape'>\n\t\t\t\t<img loading=\"lazy\" decoding=\"async\" width=\"300\" height=\"188\" src=\"https:\/\/www.sofi64.com\/wp-content\/uploads\/2025\/05\/Stephanie-Surfing-300x188.jpg\" class=\"attachment-medium size-medium\" alt=\"\" srcset=\"https:\/\/www.sofi64.com\/wp-content\/uploads\/2025\/05\/Stephanie-Surfing-300x188.jpg 300w, https:\/\/www.sofi64.com\/wp-content\/uploads\/2025\/05\/Stephanie-Surfing-1024x642.jpg 1024w, https:\/\/www.sofi64.com\/wp-content\/uploads\/2025\/05\/Stephanie-Surfing-768x481.jpg 768w, https:\/\/www.sofi64.com\/wp-content\/uploads\/2025\/05\/Stephanie-Surfing-1536x962.jpg 1536w, https:\/\/www.sofi64.com\/wp-content\/uploads\/2025\/05\/Stephanie-Surfing-120x75.jpg 120w, https:\/\/www.sofi64.com\/wp-content\/uploads\/2025\/05\/Stephanie-Surfing.jpg 2048w\" sizes=\"auto, (max-width: 300px) 100vw, 300px\" \/>\n\t\t\t<\/dt><\/dl><dl class='gallery-item'>\n\t\t\t<dt class='gallery-icon landscape'>\n\t\t\t\t<img loading=\"lazy\" decoding=\"async\" width=\"300\" height=\"200\" src=\"https:\/\/www.sofi64.com\/wp-content\/uploads\/2025\/05\/Stephanie-Hiking-300x200.jpg\" class=\"attachment-medium size-medium\" alt=\"\" srcset=\"https:\/\/www.sofi64.com\/wp-content\/uploads\/2025\/05\/Stephanie-Hiking-300x200.jpg 300w, https:\/\/www.sofi64.com\/wp-content\/uploads\/2025\/05\/Stephanie-Hiking-1024x683.jpg 1024w, https:\/\/www.sofi64.com\/wp-content\/uploads\/2025\/05\/Stephanie-Hiking-768x512.jpg 768w, https:\/\/www.sofi64.com\/wp-content\/uploads\/2025\/05\/Stephanie-Hiking-1536x1024.jpg 1536w, https:\/\/www.sofi64.com\/wp-content\/uploads\/2025\/05\/Stephanie-Hiking-2048x1365.jpg 2048w, https:\/\/www.sofi64.com\/wp-content\/uploads\/2025\/05\/Stephanie-Hiking-120x80.jpg 120w\" sizes=\"auto, (max-width: 300px) 100vw, 300px\" \/>\n\t\t\t<\/dt><\/dl><br style=\"clear: both\" \/>\n\t\t<\/div>\n\n<\/div>\n<h3>\u00c9lisa \u2013 Profesora de Franc\u00e9s<\/h3>\n<p>\u00c9lisa creci\u00f3 en Charente, en la tierra de los c\u00f3micos y de la Galette Charentaise.<br \/>\nEstudi\u00f3\u00a0<strong>Ciencias del Lenguaje con especializaci\u00f3n en FLE<\/strong>\u00a0y obtuvo un\u00a0<strong>M\u00e1ster en Aprendizaje y Did\u00e1ctica del FLE<\/strong>\u00a0en Toulouse, \u00a1la ciudad del cassoulet y de las violetas!<br \/>\nDespu\u00e9s se traslad\u00f3 a Espa\u00f1a durante 3 a\u00f1os para ense\u00f1ar el Franc\u00e9s, descubriendo el pa\u00eds y la lengua que no hablaba en absoluto. Tras 3 a\u00f1os en la capital ib\u00e9rica, decidi\u00f3 instalarse en el Pa\u00eds Vasco, tan interesada por el pastel vasco como por el oc\u00e9ano.<\/p>\n<p>Para ella,\u00a0<strong>ense\u00f1ar el Franc\u00e9s es una oportunidad incre\u00edble de compartir la cultura y la lengua francesas, pero sobre todo de viajar a trav\u00e9s de los alumnos que conoce<\/strong>.<br \/>\nLe encanta\u00a0<em>(sin orden de preferencia):<\/em><br \/>\n*La buena comida<br \/>\n*Los paseos por el oc\u00e9ano y los pinares<br \/>\n*Las series<br \/>\n*Su gato<\/p>\n\n<p>&nbsp;<\/p>\n<h2 class=\"widgettitle\">Equipo administrativo<\/h2>\n<div class=\"textwidget\"><\/div>\n<div class=\"textwidget\">\n<p><strong>Thomas BIRRER \u2013 Administraci\u00f3n<\/strong><\/p>\n<p>Nacido y criado en\u00a0<strong>Suiza<\/strong>\u00a0<em>(Lucerna)<\/em>, Thomas visit\u00f3 Australia hace unos a\u00f1os para\u00a0<strong>aprender ingl\u00e9s<\/strong>. El a\u00f1o pasado, descubri\u00f3\u00a0<strong>Biarritz<\/strong>\u00a0como\u00a0<strong>estudiante de franc\u00e9s<\/strong>. Despu\u00e9s de estudiar franc\u00e9s durante 3 meses, Thomas se enamor\u00f3 de la\u00a0<strong>lengua francesa y del surf<\/strong>. Inicialmente administrador de TI, decidi\u00f3 regresar a Biarritz en 2018 y comenz\u00f3 a trabajar como asistente en su\u00a0<a href=\"https:\/\/www.sofi64.com\/es\/\"><strong>escuela francesa<\/strong><\/a>\u00a0favorita.<\/p>\n<p>Thomas es nuestro\u00a0<a href=\"https:\/\/www.sofi64.com\/es\/accesibilidad\/\" target=\"_blank\" rel=\"noopener\"><strong>consejero en materia de discapacidad<\/strong><\/a>. Podr\u00e1 responder a tus preguntas y establecer un servicio que se ajuste a tus necesidades.<\/p>\n<p>Le gusta el surf, el snowboard, el senderismo y el ciclismo.<\/p>\n<p><strong>Habla alem\u00e1n, ingl\u00e9s y franc\u00e9s.<\/strong><\/p>\n<p>&nbsp;<\/p>\n<\/div>\n","protected":false},"excerpt":{"rendered":"<p>Nuestras profesoras &nbsp; St\u00e9phanie HOUSET \u2013 Directr\u00edz y profesora de Franc\u00e9s Con m\u00e1s de 20 a\u00f1os de experiencia en la ense\u00f1anza del Franc\u00e9s como lengua extranjera (FLE), St\u00e9phanie aporta no solo una s\u00f3lida experiencia, sino tambi\u00e9n una energ\u00eda desbordante y mucho entusiasmo a sus clases. Su misi\u00f3n: hacer del aprendizaje del Franc\u00e9s una experiencia divertida [&hellip;]<\/p>\n","protected":false},"author":1,"featured_media":1081,"parent":768,"menu_order":2,"comment_status":"closed","ping_status":"closed","template":"page-biarritz-anglet.php","meta":{"_acf_changed":false,"footnotes":""},"class_list":["post-770","page","type-page","status-publish","has-post-thumbnail","hentry"],"acf":[],"yoast_head":"<!-- This site is optimized with the Yoast SEO plugin v27.3 - https:\/\/yoast.com\/product\/yoast-seo-wordpress\/ -->\n<title>Nuestro equipo | SOFI 64<\/title>\n<meta name=\"description\" content=\"Conoce al equipo de SOFI 64: profesores cualificados que te acompa\u00f1an con cercan\u00eda y profesionalismo en tu aprendizaje del franc\u00e9s.\" \/>\n<meta name=\"robots\" content=\"index, follow, max-snippet:-1, max-image-preview:large, max-video-preview:-1\" \/>\n<link rel=\"canonical\" href=\"https:\/\/www.sofi64.com\/es\/nuestra-escuela\/nuestro-equipo\/\" \/>\n<meta property=\"og:locale\" content=\"es_ES\" \/>\n<meta property=\"og:type\" content=\"article\" \/>\n<meta property=\"og:title\" content=\"Nuestro equipo | SOFI 64\" \/>\n<meta property=\"og:description\" content=\"Conoce al equipo de SOFI 64: profesores cualificados que te acompa\u00f1an con cercan\u00eda y profesionalismo en tu aprendizaje del franc\u00e9s.\" \/>\n<meta property=\"og:url\" content=\"https:\/\/www.sofi64.com\/es\/nuestra-escuela\/nuestro-equipo\/\" \/>\n<meta property=\"og:site_name\" content=\"SOFI 64\" \/>\n<meta property=\"article:modified_time\" content=\"2025-06-16T17:16:14+00:00\" \/>\n<meta property=\"og:image\" content=\"https:\/\/www.sofi64.com\/wp-content\/uploads\/2025\/05\/Group-French-Lessons1-scaled.jpg\" \/>\n\t<meta property=\"og:image:width\" content=\"2560\" \/>\n\t<meta property=\"og:image:height\" content=\"1707\" \/>\n\t<meta property=\"og:image:type\" content=\"image\/jpeg\" \/>\n<meta name=\"twitter:card\" content=\"summary_large_image\" \/>\n<meta name=\"twitter:label1\" content=\"Tiempo de lectura\" \/>\n\t<meta name=\"twitter:data1\" content=\"3 minutos\" \/>\n<script type=\"application\/ld+json\" class=\"yoast-schema-graph\">{\"@context\":\"https:\\\/\\\/schema.org\",\"@graph\":[{\"@type\":\"WebPage\",\"@id\":\"https:\\\/\\\/www.sofi64.com\\\/es\\\/nuestra-escuela\\\/nuestro-equipo\\\/\",\"url\":\"https:\\\/\\\/www.sofi64.com\\\/es\\\/nuestra-escuela\\\/nuestro-equipo\\\/\",\"name\":\"Nuestro equipo | SOFI 64\",\"isPartOf\":{\"@id\":\"https:\\\/\\\/www.sofi64.com\\\/#website\"},\"primaryImageOfPage\":{\"@id\":\"https:\\\/\\\/www.sofi64.com\\\/es\\\/nuestra-escuela\\\/nuestro-equipo\\\/#primaryimage\"},\"image\":{\"@id\":\"https:\\\/\\\/www.sofi64.com\\\/es\\\/nuestra-escuela\\\/nuestro-equipo\\\/#primaryimage\"},\"thumbnailUrl\":\"https:\\\/\\\/www.sofi64.com\\\/wp-content\\\/uploads\\\/2025\\\/05\\\/Group-French-Lessons1-scaled.jpg\",\"datePublished\":\"2025-05-12T07:46:05+00:00\",\"dateModified\":\"2025-06-16T17:16:14+00:00\",\"description\":\"Conoce al equipo de SOFI 64: profesores cualificados que te acompa\u00f1an con cercan\u00eda y profesionalismo en tu aprendizaje del franc\u00e9s.\",\"breadcrumb\":{\"@id\":\"https:\\\/\\\/www.sofi64.com\\\/es\\\/nuestra-escuela\\\/nuestro-equipo\\\/#breadcrumb\"},\"inLanguage\":\"es\",\"potentialAction\":[{\"@type\":\"ReadAction\",\"target\":[\"https:\\\/\\\/www.sofi64.com\\\/es\\\/nuestra-escuela\\\/nuestro-equipo\\\/\"]}]},{\"@type\":\"ImageObject\",\"inLanguage\":\"es\",\"@id\":\"https:\\\/\\\/www.sofi64.com\\\/es\\\/nuestra-escuela\\\/nuestro-equipo\\\/#primaryimage\",\"url\":\"https:\\\/\\\/www.sofi64.com\\\/wp-content\\\/uploads\\\/2025\\\/05\\\/Group-French-Lessons1-scaled.jpg\",\"contentUrl\":\"https:\\\/\\\/www.sofi64.com\\\/wp-content\\\/uploads\\\/2025\\\/05\\\/Group-French-Lessons1-scaled.jpg\",\"width\":2560,\"height\":1707},{\"@type\":\"BreadcrumbList\",\"@id\":\"https:\\\/\\\/www.sofi64.com\\\/es\\\/nuestra-escuela\\\/nuestro-equipo\\\/#breadcrumb\",\"itemListElement\":[{\"@type\":\"ListItem\",\"position\":1,\"name\":\"Home\",\"item\":\"https:\\\/\\\/www.sofi64.com\\\/es\\\/\"},{\"@type\":\"ListItem\",\"position\":2,\"name\":\"Nuestra Escuela\",\"item\":\"https:\\\/\\\/www.sofi64.com\\\/es\\\/nuestra-escuela\\\/\"},{\"@type\":\"ListItem\",\"position\":3,\"name\":\"Nuestro equipo\"}]},{\"@type\":\"WebSite\",\"@id\":\"https:\\\/\\\/www.sofi64.com\\\/#website\",\"url\":\"https:\\\/\\\/www.sofi64.com\\\/\",\"name\":\"SOFI 64 French Language School\",\"description\":\"\",\"potentialAction\":[{\"@type\":\"SearchAction\",\"target\":{\"@type\":\"EntryPoint\",\"urlTemplate\":\"https:\\\/\\\/www.sofi64.com\\\/?s={search_term_string}\"},\"query-input\":{\"@type\":\"PropertyValueSpecification\",\"valueRequired\":true,\"valueName\":\"search_term_string\"}}],\"inLanguage\":\"es\"}]}<\/script>\n<!-- \/ Yoast SEO plugin. -->","yoast_head_json":{"title":"Nuestro equipo | SOFI 64","description":"Conoce al equipo de SOFI 64: profesores cualificados que te acompa\u00f1an con cercan\u00eda y profesionalismo en tu aprendizaje del franc\u00e9s.","robots":{"index":"index","follow":"follow","max-snippet":"max-snippet:-1","max-image-preview":"max-image-preview:large","max-video-preview":"max-video-preview:-1"},"canonical":"https:\/\/www.sofi64.com\/es\/nuestra-escuela\/nuestro-equipo\/","og_locale":"es_ES","og_type":"article","og_title":"Nuestro equipo | SOFI 64","og_description":"Conoce al equipo de SOFI 64: profesores cualificados que te acompa\u00f1an con cercan\u00eda y profesionalismo en tu aprendizaje del franc\u00e9s.","og_url":"https:\/\/www.sofi64.com\/es\/nuestra-escuela\/nuestro-equipo\/","og_site_name":"SOFI 64","article_modified_time":"2025-06-16T17:16:14+00:00","og_image":[{"width":2560,"height":1707,"url":"https:\/\/www.sofi64.com\/wp-content\/uploads\/2025\/05\/Group-French-Lessons1-scaled.jpg","type":"image\/jpeg"}],"twitter_card":"summary_large_image","twitter_misc":{"Tiempo de lectura":"3 minutos"},"schema":{"@context":"https:\/\/schema.org","@graph":[{"@type":"WebPage","@id":"https:\/\/www.sofi64.com\/es\/nuestra-escuela\/nuestro-equipo\/","url":"https:\/\/www.sofi64.com\/es\/nuestra-escuela\/nuestro-equipo\/","name":"Nuestro equipo | SOFI 64","isPartOf":{"@id":"https:\/\/www.sofi64.com\/#website"},"primaryImageOfPage":{"@id":"https:\/\/www.sofi64.com\/es\/nuestra-escuela\/nuestro-equipo\/#primaryimage"},"image":{"@id":"https:\/\/www.sofi64.com\/es\/nuestra-escuela\/nuestro-equipo\/#primaryimage"},"thumbnailUrl":"https:\/\/www.sofi64.com\/wp-content\/uploads\/2025\/05\/Group-French-Lessons1-scaled.jpg","datePublished":"2025-05-12T07:46:05+00:00","dateModified":"2025-06-16T17:16:14+00:00","description":"Conoce al equipo de SOFI 64: profesores cualificados que te acompa\u00f1an con cercan\u00eda y profesionalismo en tu aprendizaje del franc\u00e9s.","breadcrumb":{"@id":"https:\/\/www.sofi64.com\/es\/nuestra-escuela\/nuestro-equipo\/#breadcrumb"},"inLanguage":"es","potentialAction":[{"@type":"ReadAction","target":["https:\/\/www.sofi64.com\/es\/nuestra-escuela\/nuestro-equipo\/"]}]},{"@type":"ImageObject","inLanguage":"es","@id":"https:\/\/www.sofi64.com\/es\/nuestra-escuela\/nuestro-equipo\/#primaryimage","url":"https:\/\/www.sofi64.com\/wp-content\/uploads\/2025\/05\/Group-French-Lessons1-scaled.jpg","contentUrl":"https:\/\/www.sofi64.com\/wp-content\/uploads\/2025\/05\/Group-French-Lessons1-scaled.jpg","width":2560,"height":1707},{"@type":"BreadcrumbList","@id":"https:\/\/www.sofi64.com\/es\/nuestra-escuela\/nuestro-equipo\/#breadcrumb","itemListElement":[{"@type":"ListItem","position":1,"name":"Home","item":"https:\/\/www.sofi64.com\/es\/"},{"@type":"ListItem","position":2,"name":"Nuestra Escuela","item":"https:\/\/www.sofi64.com\/es\/nuestra-escuela\/"},{"@type":"ListItem","position":3,"name":"Nuestro equipo"}]},{"@type":"WebSite","@id":"https:\/\/www.sofi64.com\/#website","url":"https:\/\/www.sofi64.com\/","name":"SOFI 64 French Language School","description":"","potentialAction":[{"@type":"SearchAction","target":{"@type":"EntryPoint","urlTemplate":"https:\/\/www.sofi64.com\/?s={search_term_string}"},"query-input":{"@type":"PropertyValueSpecification","valueRequired":true,"valueName":"search_term_string"}}],"inLanguage":"es"}]}},"_links":{"self":[{"href":"https:\/\/www.sofi64.com\/es\/wp-json\/wp\/v2\/pages\/770","targetHints":{"allow":["GET"]}}],"collection":[{"href":"https:\/\/www.sofi64.com\/es\/wp-json\/wp\/v2\/pages"}],"about":[{"href":"https:\/\/www.sofi64.com\/es\/wp-json\/wp\/v2\/types\/page"}],"author":[{"embeddable":true,"href":"https:\/\/www.sofi64.com\/es\/wp-json\/wp\/v2\/users\/1"}],"replies":[{"embeddable":true,"href":"https:\/\/www.sofi64.com\/es\/wp-json\/wp\/v2\/comments?post=770"}],"version-history":[{"count":13,"href":"https:\/\/www.sofi64.com\/es\/wp-json\/wp\/v2\/pages\/770\/revisions"}],"predecessor-version":[{"id":2579,"href":"https:\/\/www.sofi64.com\/es\/wp-json\/wp\/v2\/pages\/770\/revisions\/2579"}],"up":[{"embeddable":true,"href":"https:\/\/www.sofi64.com\/es\/wp-json\/wp\/v2\/pages\/768"}],"wp:featuredmedia":[{"embeddable":true,"href":"https:\/\/www.sofi64.com\/es\/wp-json\/wp\/v2\/media\/1081"}],"wp:attachment":[{"href":"https:\/\/www.sofi64.com\/es\/wp-json\/wp\/v2\/media?parent=770"}],"curies":[{"name":"wp","href":"https:\/\/api.w.org\/{rel}","templated":true}]}}