{"id":773,"date":"2025-05-12T09:46:50","date_gmt":"2025-05-12T07:46:50","guid":{"rendered":"https:\/\/www.sofi64.com?page_id=773"},"modified":"2025-06-16T19:40:18","modified_gmt":"2025-06-16T17:40:18","slug":"accesibilidad","status":"publish","type":"page","link":"https:\/\/www.sofi64.com\/es\/nuestra-escuela\/accesibilidad\/","title":{"rendered":"Accesibilidad"},"content":{"rendered":"<p>Nuestra planta baja es accesible desde la calle o desde nuestro aparcamiento. Puede acoger a personas con movilidad reducida. En esta planta, un aula, nuestra \u00e1rea de descanso y aseos son totalmente accesibles.<\/p>\n<p>&nbsp;<\/p>\n<p>Puedes ponerte en contacto con nosotros para obtener m\u00e1s informaci\u00f3n. Nuestro asesor en materia de discapacidad,\u00a0<a href=\"https:\/\/www.sofi64.com\/es\/nuestro-equipo\/\"><strong>Thomas<\/strong><\/a>, te dar\u00e1 la bienvenida y adaptar\u00e1 la acogida y el apoyo a tus necesidades individuales.<\/p>\n<p><img loading=\"lazy\" decoding=\"async\" class=\"aligncenter size-large wp-image-992\" src=\"https:\/\/www.sofi64.com\/wp-content\/uploads\/2025\/05\/SOFI-64-Batiment-1024x683.jpg\" alt=\"\" width=\"1024\" height=\"683\" srcset=\"https:\/\/www.sofi64.com\/wp-content\/uploads\/2025\/05\/SOFI-64-Batiment-1024x683.jpg 1024w, https:\/\/www.sofi64.com\/wp-content\/uploads\/2025\/05\/SOFI-64-Batiment-300x200.jpg 300w, https:\/\/www.sofi64.com\/wp-content\/uploads\/2025\/05\/SOFI-64-Batiment-768x512.jpg 768w, https:\/\/www.sofi64.com\/wp-content\/uploads\/2025\/05\/SOFI-64-Batiment-1536x1024.jpg 1536w, https:\/\/www.sofi64.com\/wp-content\/uploads\/2025\/05\/SOFI-64-Batiment-120x80.jpg 120w, https:\/\/www.sofi64.com\/wp-content\/uploads\/2025\/05\/SOFI-64-Batiment.jpg 2048w\" sizes=\"auto, (max-width: 1024px) 100vw, 1024px\" \/><\/p>\n","protected":false},"excerpt":{"rendered":"<p>Nuestra planta baja es accesible desde la calle o desde nuestro aparcamiento. Puede acoger a personas con movilidad reducida. En esta planta, un aula, nuestra \u00e1rea de descanso y aseos son totalmente accesibles. &nbsp; Puedes ponerte en contacto con nosotros para obtener m\u00e1s informaci\u00f3n. Nuestro asesor en materia de discapacidad,\u00a0Thomas, te dar\u00e1 la bienvenida y [&hellip;]<\/p>\n","protected":false},"author":1,"featured_media":0,"parent":768,"menu_order":5,"comment_status":"closed","ping_status":"closed","template":"page-biarritz-anglet.php","meta":{"_acf_changed":false,"footnotes":""},"class_list":["post-773","page","type-page","status-publish","hentry"],"acf":[],"yoast_head":"<!-- This site is optimized with the Yoast SEO plugin v27.3 - https:\/\/yoast.com\/product\/yoast-seo-wordpress\/ -->\n<title>Accesibilidad | SOFI 64<\/title>\n<meta name=\"description\" content=\"SOFI 64 es accesible para personas con discapacidad: instalaciones adaptadas y apoyo personalizado para un aprendizaje inclusivo.\" \/>\n<meta name=\"robots\" content=\"index, follow, max-snippet:-1, max-image-preview:large, max-video-preview:-1\" \/>\n<link rel=\"canonical\" href=\"https:\/\/www.sofi64.com\/es\/nuestra-escuela\/accesibilidad\/\" \/>\n<meta property=\"og:locale\" content=\"es_ES\" \/>\n<meta property=\"og:type\" content=\"article\" \/>\n<meta property=\"og:title\" content=\"Accesibilidad | SOFI 64\" \/>\n<meta property=\"og:description\" content=\"SOFI 64 es accesible para personas con discapacidad: instalaciones adaptadas y apoyo personalizado para un aprendizaje inclusivo.\" \/>\n<meta property=\"og:url\" content=\"https:\/\/www.sofi64.com\/es\/nuestra-escuela\/accesibilidad\/\" \/>\n<meta property=\"og:site_name\" content=\"SOFI 64\" \/>\n<meta property=\"article:modified_time\" content=\"2025-06-16T17:40:18+00:00\" \/>\n<meta property=\"og:image\" content=\"https:\/\/www.sofi64.com\/wp-content\/uploads\/2025\/05\/SOFI-64-Batiment-1024x683.jpg\" \/>\n<meta name=\"twitter:card\" content=\"summary_large_image\" \/>\n<meta name=\"twitter:label1\" content=\"Tiempo de lectura\" \/>\n\t<meta name=\"twitter:data1\" content=\"1 minuto\" \/>\n<script type=\"application\/ld+json\" class=\"yoast-schema-graph\">{\"@context\":\"https:\\\/\\\/schema.org\",\"@graph\":[{\"@type\":\"WebPage\",\"@id\":\"https:\\\/\\\/www.sofi64.com\\\/es\\\/nuestra-escuela\\\/accesibilidad\\\/\",\"url\":\"https:\\\/\\\/www.sofi64.com\\\/es\\\/nuestra-escuela\\\/accesibilidad\\\/\",\"name\":\"Accesibilidad | SOFI 64\",\"isPartOf\":{\"@id\":\"https:\\\/\\\/www.sofi64.com\\\/#website\"},\"primaryImageOfPage\":{\"@id\":\"https:\\\/\\\/www.sofi64.com\\\/es\\\/nuestra-escuela\\\/accesibilidad\\\/#primaryimage\"},\"image\":{\"@id\":\"https:\\\/\\\/www.sofi64.com\\\/es\\\/nuestra-escuela\\\/accesibilidad\\\/#primaryimage\"},\"thumbnailUrl\":\"https:\\\/\\\/www.sofi64.com\\\/wp-content\\\/uploads\\\/2025\\\/05\\\/SOFI-64-Batiment-1024x683.jpg\",\"datePublished\":\"2025-05-12T07:46:50+00:00\",\"dateModified\":\"2025-06-16T17:40:18+00:00\",\"description\":\"SOFI 64 es accesible para personas con discapacidad: instalaciones adaptadas y apoyo personalizado para un aprendizaje inclusivo.\",\"breadcrumb\":{\"@id\":\"https:\\\/\\\/www.sofi64.com\\\/es\\\/nuestra-escuela\\\/accesibilidad\\\/#breadcrumb\"},\"inLanguage\":\"es\",\"potentialAction\":[{\"@type\":\"ReadAction\",\"target\":[\"https:\\\/\\\/www.sofi64.com\\\/es\\\/nuestra-escuela\\\/accesibilidad\\\/\"]}]},{\"@type\":\"ImageObject\",\"inLanguage\":\"es\",\"@id\":\"https:\\\/\\\/www.sofi64.com\\\/es\\\/nuestra-escuela\\\/accesibilidad\\\/#primaryimage\",\"url\":\"https:\\\/\\\/www.sofi64.com\\\/wp-content\\\/uploads\\\/2025\\\/05\\\/SOFI-64-Batiment-1024x683.jpg\",\"contentUrl\":\"https:\\\/\\\/www.sofi64.com\\\/wp-content\\\/uploads\\\/2025\\\/05\\\/SOFI-64-Batiment-1024x683.jpg\"},{\"@type\":\"BreadcrumbList\",\"@id\":\"https:\\\/\\\/www.sofi64.com\\\/es\\\/nuestra-escuela\\\/accesibilidad\\\/#breadcrumb\",\"itemListElement\":[{\"@type\":\"ListItem\",\"position\":1,\"name\":\"Home\",\"item\":\"https:\\\/\\\/www.sofi64.com\\\/es\\\/\"},{\"@type\":\"ListItem\",\"position\":2,\"name\":\"Nuestra Escuela\",\"item\":\"https:\\\/\\\/www.sofi64.com\\\/es\\\/nuestra-escuela\\\/\"},{\"@type\":\"ListItem\",\"position\":3,\"name\":\"Accesibilidad\"}]},{\"@type\":\"WebSite\",\"@id\":\"https:\\\/\\\/www.sofi64.com\\\/#website\",\"url\":\"https:\\\/\\\/www.sofi64.com\\\/\",\"name\":\"SOFI 64 French Language School\",\"description\":\"\",\"potentialAction\":[{\"@type\":\"SearchAction\",\"target\":{\"@type\":\"EntryPoint\",\"urlTemplate\":\"https:\\\/\\\/www.sofi64.com\\\/?s={search_term_string}\"},\"query-input\":{\"@type\":\"PropertyValueSpecification\",\"valueRequired\":true,\"valueName\":\"search_term_string\"}}],\"inLanguage\":\"es\"}]}<\/script>\n<!-- \/ Yoast SEO plugin. -->","yoast_head_json":{"title":"Accesibilidad | SOFI 64","description":"SOFI 64 es accesible para personas con discapacidad: instalaciones adaptadas y apoyo personalizado para un aprendizaje inclusivo.","robots":{"index":"index","follow":"follow","max-snippet":"max-snippet:-1","max-image-preview":"max-image-preview:large","max-video-preview":"max-video-preview:-1"},"canonical":"https:\/\/www.sofi64.com\/es\/nuestra-escuela\/accesibilidad\/","og_locale":"es_ES","og_type":"article","og_title":"Accesibilidad | SOFI 64","og_description":"SOFI 64 es accesible para personas con discapacidad: instalaciones adaptadas y apoyo personalizado para un aprendizaje inclusivo.","og_url":"https:\/\/www.sofi64.com\/es\/nuestra-escuela\/accesibilidad\/","og_site_name":"SOFI 64","article_modified_time":"2025-06-16T17:40:18+00:00","og_image":[{"url":"https:\/\/www.sofi64.com\/wp-content\/uploads\/2025\/05\/SOFI-64-Batiment-1024x683.jpg","type":"","width":"","height":""}],"twitter_card":"summary_large_image","twitter_misc":{"Tiempo de lectura":"1 minuto"},"schema":{"@context":"https:\/\/schema.org","@graph":[{"@type":"WebPage","@id":"https:\/\/www.sofi64.com\/es\/nuestra-escuela\/accesibilidad\/","url":"https:\/\/www.sofi64.com\/es\/nuestra-escuela\/accesibilidad\/","name":"Accesibilidad | SOFI 64","isPartOf":{"@id":"https:\/\/www.sofi64.com\/#website"},"primaryImageOfPage":{"@id":"https:\/\/www.sofi64.com\/es\/nuestra-escuela\/accesibilidad\/#primaryimage"},"image":{"@id":"https:\/\/www.sofi64.com\/es\/nuestra-escuela\/accesibilidad\/#primaryimage"},"thumbnailUrl":"https:\/\/www.sofi64.com\/wp-content\/uploads\/2025\/05\/SOFI-64-Batiment-1024x683.jpg","datePublished":"2025-05-12T07:46:50+00:00","dateModified":"2025-06-16T17:40:18+00:00","description":"SOFI 64 es accesible para personas con discapacidad: instalaciones adaptadas y apoyo personalizado para un aprendizaje inclusivo.","breadcrumb":{"@id":"https:\/\/www.sofi64.com\/es\/nuestra-escuela\/accesibilidad\/#breadcrumb"},"inLanguage":"es","potentialAction":[{"@type":"ReadAction","target":["https:\/\/www.sofi64.com\/es\/nuestra-escuela\/accesibilidad\/"]}]},{"@type":"ImageObject","inLanguage":"es","@id":"https:\/\/www.sofi64.com\/es\/nuestra-escuela\/accesibilidad\/#primaryimage","url":"https:\/\/www.sofi64.com\/wp-content\/uploads\/2025\/05\/SOFI-64-Batiment-1024x683.jpg","contentUrl":"https:\/\/www.sofi64.com\/wp-content\/uploads\/2025\/05\/SOFI-64-Batiment-1024x683.jpg"},{"@type":"BreadcrumbList","@id":"https:\/\/www.sofi64.com\/es\/nuestra-escuela\/accesibilidad\/#breadcrumb","itemListElement":[{"@type":"ListItem","position":1,"name":"Home","item":"https:\/\/www.sofi64.com\/es\/"},{"@type":"ListItem","position":2,"name":"Nuestra Escuela","item":"https:\/\/www.sofi64.com\/es\/nuestra-escuela\/"},{"@type":"ListItem","position":3,"name":"Accesibilidad"}]},{"@type":"WebSite","@id":"https:\/\/www.sofi64.com\/#website","url":"https:\/\/www.sofi64.com\/","name":"SOFI 64 French Language School","description":"","potentialAction":[{"@type":"SearchAction","target":{"@type":"EntryPoint","urlTemplate":"https:\/\/www.sofi64.com\/?s={search_term_string}"},"query-input":{"@type":"PropertyValueSpecification","valueRequired":true,"valueName":"search_term_string"}}],"inLanguage":"es"}]}},"_links":{"self":[{"href":"https:\/\/www.sofi64.com\/es\/wp-json\/wp\/v2\/pages\/773","targetHints":{"allow":["GET"]}}],"collection":[{"href":"https:\/\/www.sofi64.com\/es\/wp-json\/wp\/v2\/pages"}],"about":[{"href":"https:\/\/www.sofi64.com\/es\/wp-json\/wp\/v2\/types\/page"}],"author":[{"embeddable":true,"href":"https:\/\/www.sofi64.com\/es\/wp-json\/wp\/v2\/users\/1"}],"replies":[{"embeddable":true,"href":"https:\/\/www.sofi64.com\/es\/wp-json\/wp\/v2\/comments?post=773"}],"version-history":[{"count":6,"href":"https:\/\/www.sofi64.com\/es\/wp-json\/wp\/v2\/pages\/773\/revisions"}],"predecessor-version":[{"id":2586,"href":"https:\/\/www.sofi64.com\/es\/wp-json\/wp\/v2\/pages\/773\/revisions\/2586"}],"up":[{"embeddable":true,"href":"https:\/\/www.sofi64.com\/es\/wp-json\/wp\/v2\/pages\/768"}],"wp:attachment":[{"href":"https:\/\/www.sofi64.com\/es\/wp-json\/wp\/v2\/media?parent=773"}],"curies":[{"name":"wp","href":"https:\/\/api.w.org\/{rel}","templated":true}]}}