{"id":782,"date":"2025-05-12T10:04:56","date_gmt":"2025-05-12T08:04:56","guid":{"rendered":"https:\/\/www.sofi64.com?page_id=782"},"modified":"2026-01-12T15:23:21","modified_gmt":"2026-01-12T14:23:21","slug":"alojamiento","status":"publish","type":"page","link":"https:\/\/www.sofi64.com\/es\/alojamiento\/","title":{"rendered":"Alojamiento"},"content":{"rendered":"<div class=\"vc_row wpb_row vc_row-fluid rate-chart\">\n<div class=\"wpb_column vc_column_container vc_col-sm-12\">\n<div class=\"vc_column-inner\">\n<div class=\"wpb_wrapper\">\n<div class=\"vc_wp_text wpb_content_element\">\n<div class=\"widget widget_text\">\n<p>La familia anfitriona francesa proporciona desayuno y cena, con una confortable habitaci\u00f3n individual.<\/p>\n<p>El alojamiento es desde el domingo antes de empezar las clases hasta el s\u00e1bado siguiente al \u00faltimo d\u00eda de curso.<\/p>\n<p>Intentamos al m\u00e1ximo que los alumnos que est\u00e9n en la misma familia sean de diferentes nacionalidades<\/p>\n<\/div>\n<div id='gallery-1' class='gallery galleryid-782 gallery-columns-2 gallery-size-medium'><dl class='gallery-item'>\n\t\t\t<dt class='gallery-icon landscape'>\n\t\t\t\t<img loading=\"lazy\" decoding=\"async\" width=\"300\" height=\"200\" src=\"https:\/\/www.sofi64.com\/wp-content\/uploads\/2025\/05\/Famille-d_accueil-Chambre-300x200.jpg\" class=\"attachment-medium size-medium\" alt=\"\" srcset=\"https:\/\/www.sofi64.com\/wp-content\/uploads\/2025\/05\/Famille-d_accueil-Chambre-300x200.jpg 300w, https:\/\/www.sofi64.com\/wp-content\/uploads\/2025\/05\/Famille-d_accueil-Chambre-1024x683.jpg 1024w, https:\/\/www.sofi64.com\/wp-content\/uploads\/2025\/05\/Famille-d_accueil-Chambre-768x512.jpg 768w, https:\/\/www.sofi64.com\/wp-content\/uploads\/2025\/05\/Famille-d_accueil-Chambre-1536x1024.jpg 1536w, https:\/\/www.sofi64.com\/wp-content\/uploads\/2025\/05\/Famille-d_accueil-Chambre-2048x1365.jpg 2048w, https:\/\/www.sofi64.com\/wp-content\/uploads\/2025\/05\/Famille-d_accueil-Chambre-120x80.jpg 120w\" sizes=\"auto, (max-width: 300px) 100vw, 300px\" \/>\n\t\t\t<\/dt><\/dl><dl class='gallery-item'>\n\t\t\t<dt class='gallery-icon landscape'>\n\t\t\t\t<img loading=\"lazy\" decoding=\"async\" width=\"300\" height=\"200\" src=\"https:\/\/www.sofi64.com\/wp-content\/uploads\/2025\/05\/Chambre-Famille-D_accueil-1-300x200.jpg\" class=\"attachment-medium size-medium\" alt=\"\" srcset=\"https:\/\/www.sofi64.com\/wp-content\/uploads\/2025\/05\/Chambre-Famille-D_accueil-1-300x200.jpg 300w, https:\/\/www.sofi64.com\/wp-content\/uploads\/2025\/05\/Chambre-Famille-D_accueil-1-1024x683.jpg 1024w, https:\/\/www.sofi64.com\/wp-content\/uploads\/2025\/05\/Chambre-Famille-D_accueil-1-768x512.jpg 768w, https:\/\/www.sofi64.com\/wp-content\/uploads\/2025\/05\/Chambre-Famille-D_accueil-1-1536x1024.jpg 1536w, https:\/\/www.sofi64.com\/wp-content\/uploads\/2025\/05\/Chambre-Famille-D_accueil-1-2048x1365.jpg 2048w, https:\/\/www.sofi64.com\/wp-content\/uploads\/2025\/05\/Chambre-Famille-D_accueil-1-120x80.jpg 120w\" sizes=\"auto, (max-width: 300px) 100vw, 300px\" \/>\n\t\t\t<\/dt><\/dl><br style=\"clear: both\" \/>\n\t\t<\/div>\n\n<div class=\"widget widget_text\">\n<h2 class=\"widgettitle\">PRECIOS<\/h2>\n<div class=\"textwidget\">\n<p>PRECIO POR NOCHE Y POR PERSONA (6 nOCHES O M\u00e1S)<\/p>\n<p>Media pensi\u00f3n : desayuno + cena durante la semana<\/p>\n<table style=\"width: 60.7473%; height: 48px;\">\n<tbody>\n<tr style=\"height: 24px;\">\n<th style=\"width: 47.1014%; text-align: center; height: 24px;\">Habitaci\u00f3n individual<\/th>\n<th style=\"width: 216.555%; text-align: center; height: 24px;\">Habitaci\u00f3n doble*<\/th>\n<\/tr>\n<tr style=\"height: 24px;\">\n<td style=\"width: 47.1014%; text-align: center; height: 24px;\">41\u20ac \/ noche<\/td>\n<td style=\"width: 216.555%; text-align: center; height: 24px;\">37\u20ac \/ noche<\/td>\n<\/tr>\n<\/tbody>\n<\/table>\n<p>&nbsp;<\/p>\n<p>B&amp;B : desayuno incluido<\/p>\n<table style=\"width: 60.8571%;\">\n<tbody>\n<tr>\n<th style=\"width: 47.1014%; text-align: center;\">Habitaci\u00f3n individual<\/th>\n<th style=\"width: 213.626%; text-align: center;\">Habitaci\u00f3n doble*<\/th>\n<\/tr>\n<tr>\n<td style=\"width: 47.1014%; text-align: center;\">33\u20ac \/ noche<\/td>\n<td style=\"width: 213.626%; text-align: center;\">31\u20ac \/ noche<\/td>\n<\/tr>\n<\/tbody>\n<\/table>\n<p>* Disponibilidad de habitaciones compartidas para alumnos que viajan juntos.<\/p>\n<p>Por favor, ten en cuenta que para la dieta sin gluten, habr\u00e1 un coste extra de 20 euros por semana.<\/p>\n<p>&nbsp;<\/p>\n<\/div>\n<\/div>\n<\/div>\n<\/div>\n<\/div>\n<\/div>\n<\/div>\n<div class=\"vc_row wpb_row vc_row-fluid\">\n<div class=\"wpb_column vc_column_container vc_col-sm-12\">\n<div class=\"vc_column-inner\">\n<div class=\"wpb_wrapper\">\n<div class=\"vc_wp_text wpb_content_element\">\n<div class=\"widget widget_text\">\n<h2 class=\"widgettitle\">ALBERGUE<\/h2>\n<div class=\"textwidget\">\n<p>Tambi\u00e9n tienes la posibilidad de alojarte en el albergue Nami House. Para reservas, p\u00f3nte en contacto directamente con ellos.<\/p>\n<p>Siguiendo el principio de los albergues de Australia, Nami House ofrece una gran casa vasca decorada al estilo hawaiano y japon\u00e9s donde se re\u00fanen viajeros del mundo entero.<\/p>\n<p>La casa est\u00e1 equipada con una hermosa cocina abierta, as\u00ed como amplias zonas comunes (gran sal\u00f3n, terraza y un jard\u00edn con varias zonas separadas) para relajarse despu\u00e9s de tus clases de Franc\u00e9s.<\/p>\n<p>El albergue se encuentra a 10 minutos a pie de SOFI 64 por el carril bici.<br \/>\nTenemos una capacidad para 4-5 personas en un dormitorio o 2-3 personas en una habitaci\u00f3n tradicional japonesa.<\/p>\n<div data-canvas-width=\"526.4893333333334\">\n<div id='gallery-2' class='gallery galleryid-782 gallery-columns-2 gallery-size-bloc_large'><dl class='gallery-item'>\n\t\t\t<dt class='gallery-icon landscape'>\n\t\t\t\t<img loading=\"lazy\" decoding=\"async\" width=\"718\" height=\"390\" src=\"https:\/\/www.sofi64.com\/wp-content\/uploads\/2025\/05\/nami-house-anglet-hawaiian-lounge-veranda-garden-718x390.jpg\" class=\"attachment-bloc_large size-bloc_large\" alt=\"\" \/>\n\t\t\t<\/dt><\/dl><dl class='gallery-item'>\n\t\t\t<dt class='gallery-icon landscape'>\n\t\t\t\t<img loading=\"lazy\" decoding=\"async\" width=\"718\" height=\"390\" src=\"https:\/\/www.sofi64.com\/wp-content\/uploads\/2025\/05\/nami-house-anglet-fire-rock-room-bunk-bed-door-view-718x390.jpg\" class=\"attachment-bloc_large size-bloc_large\" alt=\"\" \/>\n\t\t\t<\/dt><\/dl><br style=\"clear: both\" \/>\n\t\t<\/div>\n\n<\/div>\n<\/div>\n<\/div>\n<\/div>\n<\/div>\n<\/div>\n<\/div>\n<\/div>\n<div class=\"vc_row wpb_row vc_row-fluid\">\n<div class=\"wpb_column vc_column_container vc_col-sm-12\">\n<div class=\"vc_column-inner\">\n<div class=\"wpb_wrapper\">\n<div class=\"vc_wp_text wpb_content_element\">\n<div class=\"widget widget_text\">\n<p>&nbsp;<\/p>\n<\/div>\n<\/div>\n<\/div>\n<\/div>\n<\/div>\n<\/div>\n<div class=\"vc_row wpb_row vc_row-fluid\">\n<div class=\"wpb_column vc_column_container vc_col-sm-12\">\n<div class=\"vc_column-inner\">\n<div class=\"wpb_wrapper\">\n<div class=\"vc_wp_text wpb_content_element\">\n<div class=\"widget widget_text\">\n<h2 class=\"widgettitle\">HOTEL &amp; COLIVING<\/h2>\n<div class=\"textwidget\">\n<p>Otro de nuestros colaboradores ofrece un concepto h\u00edbrido entre una casa de hu\u00e9spedes y un hotel boutique. \u00abLe Saint-Charles\u00bb es un lugar aut\u00e9ntico, en sinton\u00eda con su \u00e9poca, con su concepto \u00abColiving\u00bb dise\u00f1ado como un lugar de vida e intercambio abierto a todos, participando tambi\u00e9n en la vida local. Numerosos espacios comunes est\u00e1n a disposici\u00f3n de los clientes quienes pueden disfrutar de una habitaci\u00f3n privada mientr\u00e1s se benefician de los servicios del hotel, trabajar en la sala de coworking o relajarse en el exuberante jard\u00edn. \u00a1Todo esto estando cerca de la playa y del centro!<br \/>\nLe Saint-Charles se encuentra a 10 minutos en bicicleta (o en autob\u00fas) de tu escuela de Franc\u00e9s favorita.<\/p>\n<p>Para reservas, p\u00f3nte en contacto directamente con ellos.<\/p>\n<div id='gallery-3' class='gallery galleryid-782 gallery-columns-2 gallery-size-bloc_small'><dl class='gallery-item'>\n\t\t\t<dt class='gallery-icon portrait'>\n\t\t\t\t<img loading=\"lazy\" decoding=\"async\" width=\"340\" height=\"390\" src=\"https:\/\/www.sofi64.com\/wp-content\/uploads\/2025\/06\/Saint-Charles-Chambre-1-340x390.jpg\" class=\"attachment-bloc_small size-bloc_small\" alt=\"\" \/>\n\t\t\t<\/dt><\/dl><dl class='gallery-item'>\n\t\t\t<dt class='gallery-icon portrait'>\n\t\t\t\t<img loading=\"lazy\" decoding=\"async\" width=\"340\" height=\"390\" src=\"https:\/\/www.sofi64.com\/wp-content\/uploads\/2025\/06\/Saint-Charles-Chambre-2-340x390.jpg\" class=\"attachment-bloc_small size-bloc_small\" alt=\"\" \/>\n\t\t\t<\/dt><\/dl><br style=\"clear: both\" \/>\n\t\t<\/div>\n\n<\/div>\n<\/div>\n<\/div>\n<\/div>\n<\/div>\n<\/div>\n<\/div>\n","protected":false},"excerpt":{"rendered":"<p>La familia anfitriona francesa proporciona desayuno y cena, con una confortable habitaci\u00f3n individual. El alojamiento es desde el domingo antes de empezar las clases hasta el s\u00e1bado siguiente al \u00faltimo d\u00eda de curso. Intentamos al m\u00e1ximo que los alumnos que est\u00e9n en la misma familia sean de diferentes nacionalidades PRECIOS PRECIO POR NOCHE Y POR [&hellip;]<\/p>\n","protected":false},"author":1,"featured_media":0,"parent":0,"menu_order":4,"comment_status":"closed","ping_status":"closed","template":"page-biarritz-anglet.php","meta":{"_acf_changed":false,"footnotes":""},"class_list":["post-782","page","type-page","status-publish","hentry"],"acf":[],"yoast_head":"<!-- This site is optimized with the Yoast SEO plugin v27.3 - https:\/\/yoast.com\/product\/yoast-seo-wordpress\/ -->\n<title>Alojamiento | SOFI 64<\/title>\n<meta name=\"description\" content=\"Elige tu alojamiento en Biarritz con SOFI 64: familias anfitrionas, hostel o hotel para una inmersi\u00f3n total en la cultura francesa.\" \/>\n<meta name=\"robots\" content=\"index, follow, max-snippet:-1, max-image-preview:large, max-video-preview:-1\" \/>\n<link rel=\"canonical\" href=\"https:\/\/www.sofi64.com\/es\/alojamiento\/\" \/>\n<meta property=\"og:locale\" content=\"es_ES\" \/>\n<meta property=\"og:type\" content=\"article\" \/>\n<meta property=\"og:title\" content=\"Alojamiento | SOFI 64\" \/>\n<meta property=\"og:description\" content=\"Elige tu alojamiento en Biarritz con SOFI 64: familias anfitrionas, hostel o hotel para una inmersi\u00f3n total en la cultura francesa.\" \/>\n<meta property=\"og:url\" content=\"https:\/\/www.sofi64.com\/es\/alojamiento\/\" \/>\n<meta property=\"og:site_name\" content=\"SOFI 64\" \/>\n<meta property=\"article:modified_time\" content=\"2026-01-12T14:23:21+00:00\" \/>\n<meta name=\"twitter:card\" content=\"summary_large_image\" \/>\n<meta name=\"twitter:label1\" content=\"Tiempo de lectura\" \/>\n\t<meta name=\"twitter:data1\" content=\"2 minutos\" \/>\n<script type=\"application\/ld+json\" class=\"yoast-schema-graph\">{\"@context\":\"https:\\\/\\\/schema.org\",\"@graph\":[{\"@type\":\"WebPage\",\"@id\":\"https:\\\/\\\/www.sofi64.com\\\/es\\\/alojamiento\\\/\",\"url\":\"https:\\\/\\\/www.sofi64.com\\\/es\\\/alojamiento\\\/\",\"name\":\"Alojamiento | SOFI 64\",\"isPartOf\":{\"@id\":\"https:\\\/\\\/www.sofi64.com\\\/#website\"},\"datePublished\":\"2025-05-12T08:04:56+00:00\",\"dateModified\":\"2026-01-12T14:23:21+00:00\",\"description\":\"Elige tu alojamiento en Biarritz con SOFI 64: familias anfitrionas, hostel o hotel para una inmersi\u00f3n total en la cultura francesa.\",\"breadcrumb\":{\"@id\":\"https:\\\/\\\/www.sofi64.com\\\/es\\\/alojamiento\\\/#breadcrumb\"},\"inLanguage\":\"es\",\"potentialAction\":[{\"@type\":\"ReadAction\",\"target\":[\"https:\\\/\\\/www.sofi64.com\\\/es\\\/alojamiento\\\/\"]}]},{\"@type\":\"BreadcrumbList\",\"@id\":\"https:\\\/\\\/www.sofi64.com\\\/es\\\/alojamiento\\\/#breadcrumb\",\"itemListElement\":[{\"@type\":\"ListItem\",\"position\":1,\"name\":\"Home\",\"item\":\"https:\\\/\\\/www.sofi64.com\\\/es\\\/\"},{\"@type\":\"ListItem\",\"position\":2,\"name\":\"Alojamiento\"}]},{\"@type\":\"WebSite\",\"@id\":\"https:\\\/\\\/www.sofi64.com\\\/#website\",\"url\":\"https:\\\/\\\/www.sofi64.com\\\/\",\"name\":\"SOFI 64 French Language School\",\"description\":\"\",\"potentialAction\":[{\"@type\":\"SearchAction\",\"target\":{\"@type\":\"EntryPoint\",\"urlTemplate\":\"https:\\\/\\\/www.sofi64.com\\\/?s={search_term_string}\"},\"query-input\":{\"@type\":\"PropertyValueSpecification\",\"valueRequired\":true,\"valueName\":\"search_term_string\"}}],\"inLanguage\":\"es\"}]}<\/script>\n<!-- \/ Yoast SEO plugin. -->","yoast_head_json":{"title":"Alojamiento | SOFI 64","description":"Elige tu alojamiento en Biarritz con SOFI 64: familias anfitrionas, hostel o hotel para una inmersi\u00f3n total en la cultura francesa.","robots":{"index":"index","follow":"follow","max-snippet":"max-snippet:-1","max-image-preview":"max-image-preview:large","max-video-preview":"max-video-preview:-1"},"canonical":"https:\/\/www.sofi64.com\/es\/alojamiento\/","og_locale":"es_ES","og_type":"article","og_title":"Alojamiento | SOFI 64","og_description":"Elige tu alojamiento en Biarritz con SOFI 64: familias anfitrionas, hostel o hotel para una inmersi\u00f3n total en la cultura francesa.","og_url":"https:\/\/www.sofi64.com\/es\/alojamiento\/","og_site_name":"SOFI 64","article_modified_time":"2026-01-12T14:23:21+00:00","twitter_card":"summary_large_image","twitter_misc":{"Tiempo de lectura":"2 minutos"},"schema":{"@context":"https:\/\/schema.org","@graph":[{"@type":"WebPage","@id":"https:\/\/www.sofi64.com\/es\/alojamiento\/","url":"https:\/\/www.sofi64.com\/es\/alojamiento\/","name":"Alojamiento | SOFI 64","isPartOf":{"@id":"https:\/\/www.sofi64.com\/#website"},"datePublished":"2025-05-12T08:04:56+00:00","dateModified":"2026-01-12T14:23:21+00:00","description":"Elige tu alojamiento en Biarritz con SOFI 64: familias anfitrionas, hostel o hotel para una inmersi\u00f3n total en la cultura francesa.","breadcrumb":{"@id":"https:\/\/www.sofi64.com\/es\/alojamiento\/#breadcrumb"},"inLanguage":"es","potentialAction":[{"@type":"ReadAction","target":["https:\/\/www.sofi64.com\/es\/alojamiento\/"]}]},{"@type":"BreadcrumbList","@id":"https:\/\/www.sofi64.com\/es\/alojamiento\/#breadcrumb","itemListElement":[{"@type":"ListItem","position":1,"name":"Home","item":"https:\/\/www.sofi64.com\/es\/"},{"@type":"ListItem","position":2,"name":"Alojamiento"}]},{"@type":"WebSite","@id":"https:\/\/www.sofi64.com\/#website","url":"https:\/\/www.sofi64.com\/","name":"SOFI 64 French Language School","description":"","potentialAction":[{"@type":"SearchAction","target":{"@type":"EntryPoint","urlTemplate":"https:\/\/www.sofi64.com\/?s={search_term_string}"},"query-input":{"@type":"PropertyValueSpecification","valueRequired":true,"valueName":"search_term_string"}}],"inLanguage":"es"}]}},"_links":{"self":[{"href":"https:\/\/www.sofi64.com\/es\/wp-json\/wp\/v2\/pages\/782","targetHints":{"allow":["GET"]}}],"collection":[{"href":"https:\/\/www.sofi64.com\/es\/wp-json\/wp\/v2\/pages"}],"about":[{"href":"https:\/\/www.sofi64.com\/es\/wp-json\/wp\/v2\/types\/page"}],"author":[{"embeddable":true,"href":"https:\/\/www.sofi64.com\/es\/wp-json\/wp\/v2\/users\/1"}],"replies":[{"embeddable":true,"href":"https:\/\/www.sofi64.com\/es\/wp-json\/wp\/v2\/comments?post=782"}],"version-history":[{"count":27,"href":"https:\/\/www.sofi64.com\/es\/wp-json\/wp\/v2\/pages\/782\/revisions"}],"predecessor-version":[{"id":5581,"href":"https:\/\/www.sofi64.com\/es\/wp-json\/wp\/v2\/pages\/782\/revisions\/5581"}],"wp:attachment":[{"href":"https:\/\/www.sofi64.com\/es\/wp-json\/wp\/v2\/media?parent=782"}],"curies":[{"name":"wp","href":"https:\/\/api.w.org\/{rel}","templated":true}]}}