{"id":786,"date":"2025-05-15T09:42:57","date_gmt":"2025-05-15T07:42:57","guid":{"rendered":"https:\/\/www.sofi64.com?page_id=786"},"modified":"2025-06-16T11:37:20","modified_gmt":"2025-06-16T09:37:20","slug":"actualidad","status":"publish","type":"page","link":"https:\/\/www.sofi64.com\/es\/actualidad\/","title":{"rendered":"Actualidad"},"content":{"rendered":"","protected":false},"excerpt":{"rendered":"","protected":false},"author":1,"featured_media":0,"parent":0,"menu_order":9,"comment_status":"closed","ping_status":"closed","template":"page-news.php","meta":{"_acf_changed":false,"footnotes":""},"class_list":["post-786","page","type-page","status-publish","hentry"],"acf":[],"yoast_head":"<!-- This site is optimized with the Yoast SEO plugin v27.3 - https:\/\/yoast.com\/product\/yoast-seo-wordpress\/ -->\n<title>Actualidad | SOFI 64<\/title>\n<meta name=\"description\" content=\"Sigue las noticias de SOFI 64 en Anglet: novedades de la escuela, eventos, actividades culturales y consejos para aprender franc\u00e9s d\u00eda a d\u00eda.\" \/>\n<meta name=\"robots\" content=\"index, follow, max-snippet:-1, max-image-preview:large, max-video-preview:-1\" \/>\n<link rel=\"canonical\" href=\"https:\/\/www.sofi64.com\/es\/actualidad\/\" \/>\n<meta property=\"og:locale\" content=\"es_ES\" \/>\n<meta property=\"og:type\" content=\"article\" \/>\n<meta property=\"og:title\" content=\"Actualidad | SOFI 64\" \/>\n<meta property=\"og:description\" content=\"Sigue las noticias de SOFI 64 en Anglet: novedades de la escuela, eventos, actividades culturales y consejos para aprender franc\u00e9s d\u00eda a d\u00eda.\" \/>\n<meta property=\"og:url\" content=\"https:\/\/www.sofi64.com\/es\/actualidad\/\" \/>\n<meta property=\"og:site_name\" content=\"SOFI 64\" \/>\n<meta property=\"article:modified_time\" content=\"2025-06-16T09:37:20+00:00\" \/>\n<meta name=\"twitter:card\" content=\"summary_large_image\" \/>\n<script type=\"application\/ld+json\" class=\"yoast-schema-graph\">{\"@context\":\"https:\\\/\\\/schema.org\",\"@graph\":[{\"@type\":\"WebPage\",\"@id\":\"https:\\\/\\\/www.sofi64.com\\\/es\\\/actualidad\\\/\",\"url\":\"https:\\\/\\\/www.sofi64.com\\\/es\\\/actualidad\\\/\",\"name\":\"Actualidad | SOFI 64\",\"isPartOf\":{\"@id\":\"https:\\\/\\\/www.sofi64.com\\\/#website\"},\"datePublished\":\"2025-05-15T07:42:57+00:00\",\"dateModified\":\"2025-06-16T09:37:20+00:00\",\"description\":\"Sigue las noticias de SOFI 64 en Anglet: novedades de la escuela, eventos, actividades culturales y consejos para aprender franc\u00e9s d\u00eda a d\u00eda.\",\"breadcrumb\":{\"@id\":\"https:\\\/\\\/www.sofi64.com\\\/es\\\/actualidad\\\/#breadcrumb\"},\"inLanguage\":\"es\",\"potentialAction\":[{\"@type\":\"ReadAction\",\"target\":[\"https:\\\/\\\/www.sofi64.com\\\/es\\\/actualidad\\\/\"]}]},{\"@type\":\"BreadcrumbList\",\"@id\":\"https:\\\/\\\/www.sofi64.com\\\/es\\\/actualidad\\\/#breadcrumb\",\"itemListElement\":[{\"@type\":\"ListItem\",\"position\":1,\"name\":\"Home\",\"item\":\"https:\\\/\\\/www.sofi64.com\\\/es\\\/\"},{\"@type\":\"ListItem\",\"position\":2,\"name\":\"Actualidad\"}]},{\"@type\":\"WebSite\",\"@id\":\"https:\\\/\\\/www.sofi64.com\\\/#website\",\"url\":\"https:\\\/\\\/www.sofi64.com\\\/\",\"name\":\"SOFI 64 French Language School\",\"description\":\"\",\"potentialAction\":[{\"@type\":\"SearchAction\",\"target\":{\"@type\":\"EntryPoint\",\"urlTemplate\":\"https:\\\/\\\/www.sofi64.com\\\/?s={search_term_string}\"},\"query-input\":{\"@type\":\"PropertyValueSpecification\",\"valueRequired\":true,\"valueName\":\"search_term_string\"}}],\"inLanguage\":\"es\"}]}<\/script>\n<!-- \/ Yoast SEO plugin. -->","yoast_head_json":{"title":"Actualidad | SOFI 64","description":"Sigue las noticias de SOFI 64 en Anglet: novedades de la escuela, eventos, actividades culturales y consejos para aprender franc\u00e9s d\u00eda a d\u00eda.","robots":{"index":"index","follow":"follow","max-snippet":"max-snippet:-1","max-image-preview":"max-image-preview:large","max-video-preview":"max-video-preview:-1"},"canonical":"https:\/\/www.sofi64.com\/es\/actualidad\/","og_locale":"es_ES","og_type":"article","og_title":"Actualidad | SOFI 64","og_description":"Sigue las noticias de SOFI 64 en Anglet: novedades de la escuela, eventos, actividades culturales y consejos para aprender franc\u00e9s d\u00eda a d\u00eda.","og_url":"https:\/\/www.sofi64.com\/es\/actualidad\/","og_site_name":"SOFI 64","article_modified_time":"2025-06-16T09:37:20+00:00","twitter_card":"summary_large_image","schema":{"@context":"https:\/\/schema.org","@graph":[{"@type":"WebPage","@id":"https:\/\/www.sofi64.com\/es\/actualidad\/","url":"https:\/\/www.sofi64.com\/es\/actualidad\/","name":"Actualidad | SOFI 64","isPartOf":{"@id":"https:\/\/www.sofi64.com\/#website"},"datePublished":"2025-05-15T07:42:57+00:00","dateModified":"2025-06-16T09:37:20+00:00","description":"Sigue las noticias de SOFI 64 en Anglet: novedades de la escuela, eventos, actividades culturales y consejos para aprender franc\u00e9s d\u00eda a d\u00eda.","breadcrumb":{"@id":"https:\/\/www.sofi64.com\/es\/actualidad\/#breadcrumb"},"inLanguage":"es","potentialAction":[{"@type":"ReadAction","target":["https:\/\/www.sofi64.com\/es\/actualidad\/"]}]},{"@type":"BreadcrumbList","@id":"https:\/\/www.sofi64.com\/es\/actualidad\/#breadcrumb","itemListElement":[{"@type":"ListItem","position":1,"name":"Home","item":"https:\/\/www.sofi64.com\/es\/"},{"@type":"ListItem","position":2,"name":"Actualidad"}]},{"@type":"WebSite","@id":"https:\/\/www.sofi64.com\/#website","url":"https:\/\/www.sofi64.com\/","name":"SOFI 64 French Language School","description":"","potentialAction":[{"@type":"SearchAction","target":{"@type":"EntryPoint","urlTemplate":"https:\/\/www.sofi64.com\/?s={search_term_string}"},"query-input":{"@type":"PropertyValueSpecification","valueRequired":true,"valueName":"search_term_string"}}],"inLanguage":"es"}]}},"_links":{"self":[{"href":"https:\/\/www.sofi64.com\/es\/wp-json\/wp\/v2\/pages\/786","targetHints":{"allow":["GET"]}}],"collection":[{"href":"https:\/\/www.sofi64.com\/es\/wp-json\/wp\/v2\/pages"}],"about":[{"href":"https:\/\/www.sofi64.com\/es\/wp-json\/wp\/v2\/types\/page"}],"author":[{"embeddable":true,"href":"https:\/\/www.sofi64.com\/es\/wp-json\/wp\/v2\/users\/1"}],"replies":[{"embeddable":true,"href":"https:\/\/www.sofi64.com\/es\/wp-json\/wp\/v2\/comments?post=786"}],"version-history":[{"count":3,"href":"https:\/\/www.sofi64.com\/es\/wp-json\/wp\/v2\/pages\/786\/revisions"}],"predecessor-version":[{"id":1605,"href":"https:\/\/www.sofi64.com\/es\/wp-json\/wp\/v2\/pages\/786\/revisions\/1605"}],"wp:attachment":[{"href":"https:\/\/www.sofi64.com\/es\/wp-json\/wp\/v2\/media?parent=786"}],"curies":[{"name":"wp","href":"https:\/\/api.w.org\/{rel}","templated":true}]}}