{"id":544,"date":"2025-05-12T09:45:28","date_gmt":"2025-05-12T07:45:28","guid":{"rendered":"http:\/\/localhost:8888\/sofi64?page_id=544"},"modified":"2025-06-16T11:17:03","modified_gmt":"2025-06-16T09:17:03","slug":"ecole","status":"publish","type":"page","link":"https:\/\/www.sofi64.com\/fr\/ecole\/","title":{"rendered":"Notre \u00e9cole"},"content":{"rendered":"<h2 class=\"widgettitle\">Vos cours de fran\u00e7ais<\/h2>\n<div class=\"textwidget\">\n<p>&nbsp;<\/p>\n<h3>Objectifs<\/h3>\n<p>Notre objectif est d\u2019aider nos \u00e9tudiants \u00e0\u00a0<strong>am\u00e9liorer leurs comp\u00e9tences linguistiques en fran\u00e7ais<\/strong>\u00a0en leur proposant\u00a0<strong>des cours de fran\u00e7ais authentiques et pertinents<\/strong>. Ainsi, vous am\u00e9liorerez vos\u00a0<strong>connaissances en fran\u00e7ais<\/strong>\u00a0en \u00e9tudiant la\u00a0<strong>grammaire<\/strong>, la\u00a0<strong>syntaxe<\/strong>, la\u00a0<strong>conjugaison<\/strong>\u00a0et\u00a0<strong>surtout la conversation en fran\u00e7ais<\/strong>. Vous d\u00e9couvrirez \u00e9galement les multiples\u00a0<strong>facettes culturelles de la France<\/strong>. Nous vous aiderons \u00e0\u00a0<strong>mieux comprendre le fran\u00e7ais<\/strong>\u00a0et\u00a0<strong>\u00e0 avoir vraiment confiance en vous<\/strong>\u00a0quand vous parlerez fran\u00e7ais. Pour cela, nous travaillons les\u00a0<strong>5 comp\u00e9tences<\/strong>\u00a0cl\u00e9s du\u00a0<a href=\"http:\/\/www.coe.int\/t\/dg4\/linguistic\/Source\/Framework_FR.pdf\" target=\"_blank\" rel=\"noopener noreferrer\"><strong>CECRL<\/strong><\/a>\u00a0(compr\u00e9hensions \u00e9crite et orale, production \u00e9crite, interaction orale et expression orale).<\/p>\n<p>&nbsp;<\/p>\n<h3>M\u00e9thodologie<\/h3>\n<p>L\u2019<strong>approche communicative et actionnelle<\/strong>\u00a0du CECRL est celle que nous suivons \u00e0 travers des actes de langages favorisant les situations de communication non artificielles. Nos cours de fran\u00e7ais sont amusants, interactifs et stimulants.<\/p>\n<p>&nbsp;<\/p>\n<h3>Formateurs<\/h3>\n<p>Tous nos professeurs sont dipl\u00f4m\u00e9s de l\u2019enseignement sup\u00e9rieur avec une sp\u00e9cialisation dans l\u2019enseignement du Fran\u00e7ais Langue \u00c9trang\u00e8re. Forts d\u2019une exp\u00e9rience r\u00e9ussie dans l\u2019enseignement du\u00a0<strong>Fle<\/strong>\u00a0en\u00a0<strong>France<\/strong>\u00a0et\/ou \u00e0 l\u2019\u00e9tranger,\u00a0<strong>ils sont cr\u00e9atifs, enthousiastes et comp\u00e9tents<\/strong>. Ils sauront rendre vos\u00a0<strong>cours stimulants et profitables<\/strong>.<\/p>\n<p>Notre directrice p\u00e9dagogique anime les r\u00e9unions de travail deux fois par semaine afin de suivre la progression des \u00e9tudiants et d\u2019assurer l\u2019homog\u00e9n\u00e9it\u00e9 des classes.<\/p>\n<p>&nbsp;<\/p>\n<h3>Supports<\/h3>\n<p>Pour\u00a0<a href=\"https:\/\/www.sofi64.com\/fr\/francais-cours-et-tarifs\/\" target=\"_blank\" rel=\"noopener\"><strong>nos cours collectifs<\/strong><\/a>, nous utilisons des manuels de FLE r\u00e9cents et modernes (En Contact, L\u2019Atelier, D\u00e9fi, Inspire, Alter Ego+) afin d\u2019offrir \u00e0 nos \u00e9tudiants\u00a0<strong>une approche organis\u00e9e et progressive d\u2019apprendre le fran\u00e7ais<\/strong>. Nos enseignants les combinent \u00e0 chaque cour \u00e0 des documents authentiques, des documents audio et vid\u00e9o, des jeux.<\/p>\n<p>&nbsp;<\/p>\n<h3>\u00c9valuation<\/h3>\n<p>Un\u00a0<strong>certificat de langue fran\u00e7aise<\/strong>\u00a0correspondant au niveau atteint par l\u2019\u00e9tudiant est remis en fin de stage. Il existe 6 niveaux bas\u00e9s sur le CECRL :<\/p>\n<p><strong>\u2014&gt;<\/strong>\u00a0<strong>A1<\/strong>\u00a0<em>(Niveau D\u00e9butant)<\/em>\u00a0<strong>|<\/strong>\u00a0<strong>A2<\/strong>\u00a0<em>(Niveau \u00c9l\u00e9mentaire)<\/em><\/p>\n<p><strong>\u2014&gt;<\/strong>\u00a0<strong>B1<\/strong>\u00a0<em>(Niveau Seuil)<\/em>\u00a0<strong>|<\/strong>\u00a0<strong>B2<\/strong>\u00a0<em>(Niveau Interm\u00e9diaire)<\/em><\/p>\n<p><strong>\u2014&gt;<\/strong>\u00a0<strong>C1<\/strong>\u00a0&amp;\u00a0<strong>C2<\/strong>\u00a0<em>(Niveaux Avanc\u00e9s)<\/em><\/p>\n<\/div>\n","protected":false},"excerpt":{"rendered":"<p>Vos cours de fran\u00e7ais &nbsp; Objectifs Notre objectif est d\u2019aider nos \u00e9tudiants \u00e0\u00a0am\u00e9liorer leurs comp\u00e9tences linguistiques en fran\u00e7ais\u00a0en leur proposant\u00a0des cours de fran\u00e7ais authentiques et pertinents. Ainsi, vous am\u00e9liorerez vos\u00a0connaissances en fran\u00e7ais\u00a0en \u00e9tudiant la\u00a0grammaire, la\u00a0syntaxe, la\u00a0conjugaison\u00a0et\u00a0surtout la conversation en fran\u00e7ais. Vous d\u00e9couvrirez \u00e9galement les multiples\u00a0facettes culturelles de la France. Nous vous aiderons \u00e0\u00a0mieux comprendre le [&hellip;]<\/p>\n","protected":false},"author":1,"featured_media":0,"parent":0,"menu_order":1,"comment_status":"closed","ping_status":"closed","template":"page-biarritz-anglet.php","meta":{"_acf_changed":false,"footnotes":""},"class_list":["post-544","page","type-page","status-publish","hentry"],"acf":[],"yoast_head":"<!-- This site is optimized with the Yoast SEO plugin v27.3 - https:\/\/yoast.com\/product\/yoast-seo-wordpress\/ -->\n<title>Notre \u00e9cole | SOFI 64<\/title>\n<meta name=\"description\" content=\"D\u00e9couvrez SOFI 64, une \u00e9cole de fran\u00e7ais \u00e0 Biarritz offrant un enseignement de qualit\u00e9, des professeurs exp\u00e9riment\u00e9s et un cadre id\u00e9al pour progresser en fran\u00e7ais.\" \/>\n<meta name=\"robots\" content=\"index, follow, max-snippet:-1, max-image-preview:large, max-video-preview:-1\" \/>\n<link rel=\"canonical\" href=\"https:\/\/www.sofi64.com\/fr\/ecole\/\" \/>\n<meta property=\"og:locale\" content=\"fr_FR\" \/>\n<meta property=\"og:type\" content=\"article\" \/>\n<meta property=\"og:title\" content=\"Notre \u00e9cole | SOFI 64\" \/>\n<meta property=\"og:description\" content=\"D\u00e9couvrez SOFI 64, une \u00e9cole de fran\u00e7ais \u00e0 Biarritz offrant un enseignement de qualit\u00e9, des professeurs exp\u00e9riment\u00e9s et un cadre id\u00e9al pour progresser en fran\u00e7ais.\" \/>\n<meta property=\"og:url\" content=\"https:\/\/www.sofi64.com\/fr\/ecole\/\" \/>\n<meta property=\"og:site_name\" content=\"SOFI 64\" \/>\n<meta property=\"article:modified_time\" content=\"2025-06-16T09:17:03+00:00\" \/>\n<meta name=\"twitter:card\" content=\"summary_large_image\" \/>\n<meta name=\"twitter:label1\" content=\"Dur\u00e9e de lecture estim\u00e9e\" \/>\n\t<meta name=\"twitter:data1\" content=\"2 minutes\" \/>\n<script type=\"application\/ld+json\" class=\"yoast-schema-graph\">{\"@context\":\"https:\\\/\\\/schema.org\",\"@graph\":[{\"@type\":\"WebPage\",\"@id\":\"https:\\\/\\\/www.sofi64.com\\\/fr\\\/ecole\\\/\",\"url\":\"https:\\\/\\\/www.sofi64.com\\\/fr\\\/ecole\\\/\",\"name\":\"Notre \u00e9cole | SOFI 64\",\"isPartOf\":{\"@id\":\"https:\\\/\\\/www.sofi64.com\\\/#website\"},\"datePublished\":\"2025-05-12T07:45:28+00:00\",\"dateModified\":\"2025-06-16T09:17:03+00:00\",\"description\":\"D\u00e9couvrez SOFI 64, une \u00e9cole de fran\u00e7ais \u00e0 Biarritz offrant un enseignement de qualit\u00e9, des professeurs exp\u00e9riment\u00e9s et un cadre id\u00e9al pour progresser en fran\u00e7ais.\",\"breadcrumb\":{\"@id\":\"https:\\\/\\\/www.sofi64.com\\\/fr\\\/ecole\\\/#breadcrumb\"},\"inLanguage\":\"fr-FR\",\"potentialAction\":[{\"@type\":\"ReadAction\",\"target\":[\"https:\\\/\\\/www.sofi64.com\\\/fr\\\/ecole\\\/\"]}]},{\"@type\":\"BreadcrumbList\",\"@id\":\"https:\\\/\\\/www.sofi64.com\\\/fr\\\/ecole\\\/#breadcrumb\",\"itemListElement\":[{\"@type\":\"ListItem\",\"position\":1,\"name\":\"Home\",\"item\":\"https:\\\/\\\/www.sofi64.com\\\/fr\\\/\"},{\"@type\":\"ListItem\",\"position\":2,\"name\":\"Notre \u00e9cole\"}]},{\"@type\":\"WebSite\",\"@id\":\"https:\\\/\\\/www.sofi64.com\\\/#website\",\"url\":\"https:\\\/\\\/www.sofi64.com\\\/\",\"name\":\"SOFI 64 French Language School\",\"description\":\"\",\"potentialAction\":[{\"@type\":\"SearchAction\",\"target\":{\"@type\":\"EntryPoint\",\"urlTemplate\":\"https:\\\/\\\/www.sofi64.com\\\/?s={search_term_string}\"},\"query-input\":{\"@type\":\"PropertyValueSpecification\",\"valueRequired\":true,\"valueName\":\"search_term_string\"}}],\"inLanguage\":\"fr-FR\"}]}<\/script>\n<!-- \/ Yoast SEO plugin. -->","yoast_head_json":{"title":"Notre \u00e9cole | SOFI 64","description":"D\u00e9couvrez SOFI 64, une \u00e9cole de fran\u00e7ais \u00e0 Biarritz offrant un enseignement de qualit\u00e9, des professeurs exp\u00e9riment\u00e9s et un cadre id\u00e9al pour progresser en fran\u00e7ais.","robots":{"index":"index","follow":"follow","max-snippet":"max-snippet:-1","max-image-preview":"max-image-preview:large","max-video-preview":"max-video-preview:-1"},"canonical":"https:\/\/www.sofi64.com\/fr\/ecole\/","og_locale":"fr_FR","og_type":"article","og_title":"Notre \u00e9cole | SOFI 64","og_description":"D\u00e9couvrez SOFI 64, une \u00e9cole de fran\u00e7ais \u00e0 Biarritz offrant un enseignement de qualit\u00e9, des professeurs exp\u00e9riment\u00e9s et un cadre id\u00e9al pour progresser en fran\u00e7ais.","og_url":"https:\/\/www.sofi64.com\/fr\/ecole\/","og_site_name":"SOFI 64","article_modified_time":"2025-06-16T09:17:03+00:00","twitter_card":"summary_large_image","twitter_misc":{"Dur\u00e9e de lecture estim\u00e9e":"2 minutes"},"schema":{"@context":"https:\/\/schema.org","@graph":[{"@type":"WebPage","@id":"https:\/\/www.sofi64.com\/fr\/ecole\/","url":"https:\/\/www.sofi64.com\/fr\/ecole\/","name":"Notre \u00e9cole | SOFI 64","isPartOf":{"@id":"https:\/\/www.sofi64.com\/#website"},"datePublished":"2025-05-12T07:45:28+00:00","dateModified":"2025-06-16T09:17:03+00:00","description":"D\u00e9couvrez SOFI 64, une \u00e9cole de fran\u00e7ais \u00e0 Biarritz offrant un enseignement de qualit\u00e9, des professeurs exp\u00e9riment\u00e9s et un cadre id\u00e9al pour progresser en fran\u00e7ais.","breadcrumb":{"@id":"https:\/\/www.sofi64.com\/fr\/ecole\/#breadcrumb"},"inLanguage":"fr-FR","potentialAction":[{"@type":"ReadAction","target":["https:\/\/www.sofi64.com\/fr\/ecole\/"]}]},{"@type":"BreadcrumbList","@id":"https:\/\/www.sofi64.com\/fr\/ecole\/#breadcrumb","itemListElement":[{"@type":"ListItem","position":1,"name":"Home","item":"https:\/\/www.sofi64.com\/fr\/"},{"@type":"ListItem","position":2,"name":"Notre \u00e9cole"}]},{"@type":"WebSite","@id":"https:\/\/www.sofi64.com\/#website","url":"https:\/\/www.sofi64.com\/","name":"SOFI 64 French Language School","description":"","potentialAction":[{"@type":"SearchAction","target":{"@type":"EntryPoint","urlTemplate":"https:\/\/www.sofi64.com\/?s={search_term_string}"},"query-input":{"@type":"PropertyValueSpecification","valueRequired":true,"valueName":"search_term_string"}}],"inLanguage":"fr-FR"}]}},"_links":{"self":[{"href":"https:\/\/www.sofi64.com\/fr\/wp-json\/wp\/v2\/pages\/544","targetHints":{"allow":["GET"]}}],"collection":[{"href":"https:\/\/www.sofi64.com\/fr\/wp-json\/wp\/v2\/pages"}],"about":[{"href":"https:\/\/www.sofi64.com\/fr\/wp-json\/wp\/v2\/types\/page"}],"author":[{"embeddable":true,"href":"https:\/\/www.sofi64.com\/fr\/wp-json\/wp\/v2\/users\/1"}],"replies":[{"embeddable":true,"href":"https:\/\/www.sofi64.com\/fr\/wp-json\/wp\/v2\/comments?post=544"}],"version-history":[{"count":14,"href":"https:\/\/www.sofi64.com\/fr\/wp-json\/wp\/v2\/pages\/544\/revisions"}],"predecessor-version":[{"id":2523,"href":"https:\/\/www.sofi64.com\/fr\/wp-json\/wp\/v2\/pages\/544\/revisions\/2523"}],"wp:attachment":[{"href":"https:\/\/www.sofi64.com\/fr\/wp-json\/wp\/v2\/media?parent=544"}],"curies":[{"name":"wp","href":"https:\/\/api.w.org\/{rel}","templated":true}]}}