{"id":546,"date":"2025-05-12T09:46:05","date_gmt":"2025-05-12T07:46:05","guid":{"rendered":"http:\/\/localhost:8888\/sofi64?page_id=546"},"modified":"2025-06-16T11:17:58","modified_gmt":"2025-06-16T09:17:58","slug":"equipe","status":"publish","type":"page","link":"https:\/\/www.sofi64.com\/fr\/ecole\/equipe\/","title":{"rendered":"Notre \u00e9quipe"},"content":{"rendered":"<h2 class=\"widgettitle\">NOS PRINCIPAUX ENSEIGNANTS<\/h2>\n<p>&nbsp;<\/p>\n<h3>St\u00e9phanie Houset \u2013 Directrice et professeure<\/h3>\n<div>\n<p><strong>Avec plus de 20 ans d\u2019exp\u00e9rience dans l\u2019enseignement du fran\u00e7ais langue \u00e9trang\u00e8re (FLE), St\u00e9phanie apporte non seulement une solide expertise, mais aussi une \u00e9nergie d\u00e9bordante et beaucoup d\u2019enthousiasme \u00e0 ses cours. Sa mission : rendre l\u2019apprentissage du fran\u00e7ais \u00e0 la fois amusant et efficace.<\/strong><\/p>\n<\/div>\n<div>\n<p data-start=\"348\" data-end=\"740\">D\u00e8s l\u2019\u00e2ge de 18 ans, elle s\u2019est envol\u00e9e pour vivre sur l\u2019\u00eele de La R\u00e9union \u2013 un paradis isol\u00e9 qui a \u00e9veill\u00e9 en elle le go\u00fbt de l\u2019aventure et l\u2019envie de d\u00e9couvrir de nouveaux horizons. Plus tard, elle a pass\u00e9 un an aux \u00c9tats-Unis pour \u00e9tudier l\u2019anglais, avant de d\u00e9crocher son master en FLE en France. Depuis, elle n\u2019a cess\u00e9 de s\u2019investir \u2013 comme enseignante, coach linguistique et source de motivation.<\/p>\n<\/div>\n<div>\n<p data-start=\"742\" data-end=\"1117\">St\u00e9phanie a enseign\u00e9 \u00e0 des adultes en France et en Australie \u2013 et oui, sa planche de surf a toujours fait partie du voyage. Ses racines se trouvent \u00e0 Anglet o\u00f9 elle a grandi entre les for\u00eats de pins et les vagues de l\u2019Atlantique. Ce lien particulier avec sa r\u00e9gion l\u2019a inspir\u00e9e, en 2011, \u00e0 fonder<span class=\"apple-converted-space\">\u00a0<\/span><strong data-start=\"1037\" data-end=\"1048\">SOFI 64<\/strong><span class=\"apple-converted-space\">\u00a0<\/span>\u2013 une petite \u00e9cole de langues chaleureuse situ\u00e9e sur la c\u00f4te basque.<\/p>\n<\/div>\n<div>\n<p data-start=\"1119\" data-end=\"1387\">En tant que fondatrice et directrice de l\u2019\u00e9cole, elle conna\u00eet parfaitement les besoins de ses apprenants. Dot\u00e9e d\u2019une grande sensibilit\u00e9, de beaucoup de patience et d\u2019une touche d\u2019humour, elle veille \u00e0 ce que chacun se sente bien accueilli \u2013 et progresse avec plaisir.<\/p>\n<\/div>\n<div>\n<p data-start=\"1389\" data-end=\"1684\">Quand elle n\u2019enseigne pas, St\u00e9phanie part en balade en montagne avec son appareil photo et ses deux chiens \u2013 toujours \u00e0 la recherche de nouvelles perspectives. Elle parle couramment le fran\u00e7ais, l\u2019anglais et l\u2019espagnol \u2013 et le basque ne lui est pas \u00e9tranger : elle trouve facilement les mots justes.<span class=\"apple-converted-space\">\u00a0<\/span><\/p>\n<\/div>\n<div>\n<p>&nbsp;<\/p>\n<\/div>\n<div class=\"textwidget\">\n<div id='gallery-1' class='gallery galleryid-546 gallery-columns-2 gallery-size-medium'><dl class='gallery-item'>\n\t\t\t<dt class='gallery-icon landscape'>\n\t\t\t\t<img loading=\"lazy\" decoding=\"async\" width=\"300\" height=\"188\" src=\"https:\/\/www.sofi64.com\/wp-content\/uploads\/2025\/05\/Stephanie-Surfing-300x188.jpg\" class=\"attachment-medium size-medium\" alt=\"\" srcset=\"https:\/\/www.sofi64.com\/wp-content\/uploads\/2025\/05\/Stephanie-Surfing-300x188.jpg 300w, https:\/\/www.sofi64.com\/wp-content\/uploads\/2025\/05\/Stephanie-Surfing-1024x642.jpg 1024w, https:\/\/www.sofi64.com\/wp-content\/uploads\/2025\/05\/Stephanie-Surfing-768x481.jpg 768w, https:\/\/www.sofi64.com\/wp-content\/uploads\/2025\/05\/Stephanie-Surfing-1536x962.jpg 1536w, https:\/\/www.sofi64.com\/wp-content\/uploads\/2025\/05\/Stephanie-Surfing-120x75.jpg 120w, https:\/\/www.sofi64.com\/wp-content\/uploads\/2025\/05\/Stephanie-Surfing.jpg 2048w\" sizes=\"auto, (max-width: 300px) 100vw, 300px\" \/>\n\t\t\t<\/dt><\/dl><dl class='gallery-item'>\n\t\t\t<dt class='gallery-icon landscape'>\n\t\t\t\t<img loading=\"lazy\" decoding=\"async\" width=\"300\" height=\"200\" src=\"https:\/\/www.sofi64.com\/wp-content\/uploads\/2025\/05\/Stephanie-Hiking-300x200.jpg\" class=\"attachment-medium size-medium\" alt=\"\" srcset=\"https:\/\/www.sofi64.com\/wp-content\/uploads\/2025\/05\/Stephanie-Hiking-300x200.jpg 300w, https:\/\/www.sofi64.com\/wp-content\/uploads\/2025\/05\/Stephanie-Hiking-1024x683.jpg 1024w, https:\/\/www.sofi64.com\/wp-content\/uploads\/2025\/05\/Stephanie-Hiking-768x512.jpg 768w, https:\/\/www.sofi64.com\/wp-content\/uploads\/2025\/05\/Stephanie-Hiking-1536x1024.jpg 1536w, https:\/\/www.sofi64.com\/wp-content\/uploads\/2025\/05\/Stephanie-Hiking-2048x1365.jpg 2048w, https:\/\/www.sofi64.com\/wp-content\/uploads\/2025\/05\/Stephanie-Hiking-120x80.jpg 120w\" sizes=\"auto, (max-width: 300px) 100vw, 300px\" \/>\n\t\t\t<\/dt><\/dl><br style=\"clear: both\" \/>\n\t\t<\/div>\n\n<\/div>\n<h3>\u00c9lisa \u2013 Professeure<\/h3>\n<p>\u00c9lisa a grandi en Charente, au pays de la BD et de la galette charentaise.<\/p>\n<p>Elle a \u00e9tudi\u00e9 les\u00a0<strong>Sciences du Langage avec une sp\u00e9cialisation en FLE<\/strong>\u00a0et obtenu le\u00a0<strong>Master FLE (Apprentissage et Didactique du FLE)<\/strong>\u00a0\u00e0 Toulouse, la ville du cassoulet et des violettes !<\/p>\n<p>Elle est ensuite partie en Espagne pendant 3 ans pour\u00a0<strong>enseigner le fran\u00e7ais<\/strong>, d\u00e9couvrant un pays et une langue qu\u2019elle ne parlait pas du tout. Apr\u00e8s 3 ans dans la capitale ib\u00e9rique, elle a d\u00e9cid\u00e9 de s\u2019installer au Pays Basque, aussi int\u00e9ress\u00e9e par le g\u00e2teau basque que par l\u2019oc\u00e9an.<\/p>\n<p>Pour elle, enseigner le fran\u00e7ais est une formidable opportunit\u00e9 de\u00a0<strong>partager la culture et la langue fran\u00e7aises<\/strong>, mais surtout de voyager \u00e0 travers les \u00e9l\u00e8ves qu\u2019elle rencontre.<\/p>\n<p>Elle aime (sans ordre de pr\u00e9f\u00e9rence) :<br \/>\n*La bonne cuisine<br \/>\n*Les promenades au bord de l\u2019oc\u00e9an et dans les for\u00eats de pins<br \/>\n*Les s\u00e9ries t\u00e9l\u00e9<br \/>\n*Son chat<\/p>\n\n<p>&nbsp;<\/p>\n<h2 class=\"widgettitle\">Notre assistant<\/h2>\n<div class=\"textwidget\">\n<p>&nbsp;<\/p>\n<h3>Thomas Birrer \u2013 Assistant<\/h3>\n<p>N\u00e9 et \u00e9lev\u00e9 en Suisse (Lucerne), Thomas a visit\u00e9 l\u2019Australie il y a quelques ann\u00e9es pour apprendre l\u2019anglais. En 2017, il d\u00e9couvre\u00a0<strong>Biarritz<\/strong>\u00a0en tant qu\u2019<strong>\u00e9tudiant de fran\u00e7ais<\/strong>. Apr\u00e8s avoir \u00e9tudi\u00e9 pendant 3 mois, Thomas tombe amoureux de la\u00a0<strong>langue fran\u00e7aise et du surf<\/strong>. D\u2019abord administrateur informatique, il d\u00e9cide de retourner \u00e0 Biarritz en 2018 et commence \u00e0 travailler comme assistant dans son\u00a0<strong>\u00e9cole de fran\u00e7ais<\/strong>\u00a0pr\u00e9f\u00e9r\u00e9e.<\/p>\n<p>Thomas est notre\u00a0<a href=\"https:\/\/www.sofi64.com\/fr\/accessibilite\/\" target=\"_blank\" rel=\"noopener\"><strong>r\u00e9f\u00e9rent handicap<\/strong><\/a>. Il saura r\u00e9pondre \u00e0 vos questions et mettre en place un service r\u00e9pondant \u00e0 vos besoins.<\/p>\n<p>Thomas pratique le surf, le snowboard, la randonn\u00e9e et adore faire du v\u00e9lo.<\/p>\n<p>Il parle allemand, anglais et fran\u00e7ais.<\/p>\n<p>&nbsp;<\/p>\n<\/div>\n","protected":false},"excerpt":{"rendered":"<p>NOS PRINCIPAUX ENSEIGNANTS &nbsp; St\u00e9phanie Houset \u2013 Directrice et professeure Avec plus de 20 ans d\u2019exp\u00e9rience dans l\u2019enseignement du fran\u00e7ais langue \u00e9trang\u00e8re (FLE), St\u00e9phanie apporte non seulement une solide expertise, mais aussi une \u00e9nergie d\u00e9bordante et beaucoup d\u2019enthousiasme \u00e0 ses cours. Sa mission : rendre l\u2019apprentissage du fran\u00e7ais \u00e0 la fois amusant et efficace. D\u00e8s [&hellip;]<\/p>\n","protected":false},"author":1,"featured_media":1078,"parent":544,"menu_order":2,"comment_status":"closed","ping_status":"closed","template":"page-biarritz-anglet.php","meta":{"_acf_changed":false,"footnotes":""},"class_list":["post-546","page","type-page","status-publish","has-post-thumbnail","hentry"],"acf":[],"yoast_head":"<!-- This site is optimized with the Yoast SEO plugin v27.3 - https:\/\/yoast.com\/product\/yoast-seo-wordpress\/ -->\n<title>Notre \u00e9quipe | SOFI 64<\/title>\n<meta name=\"description\" content=\"Rencontrez l&#039;\u00e9quipe passionn\u00e9e de SOFI 64 : des enseignants qualifi\u00e9s d\u00e9di\u00e9s \u00e0 votre apprentissage du fran\u00e7ais dans une ambiance chaleureuse et professionnelle.\" \/>\n<meta name=\"robots\" content=\"index, follow, max-snippet:-1, max-image-preview:large, max-video-preview:-1\" \/>\n<link rel=\"canonical\" href=\"https:\/\/www.sofi64.com\/fr\/ecole\/equipe\/\" \/>\n<meta property=\"og:locale\" content=\"fr_FR\" \/>\n<meta property=\"og:type\" content=\"article\" \/>\n<meta property=\"og:title\" content=\"Notre \u00e9quipe | SOFI 64\" \/>\n<meta property=\"og:description\" content=\"Rencontrez l&#039;\u00e9quipe passionn\u00e9e de SOFI 64 : des enseignants qualifi\u00e9s d\u00e9di\u00e9s \u00e0 votre apprentissage du fran\u00e7ais dans une ambiance chaleureuse et professionnelle.\" \/>\n<meta property=\"og:url\" content=\"https:\/\/www.sofi64.com\/fr\/ecole\/equipe\/\" \/>\n<meta property=\"og:site_name\" content=\"SOFI 64\" \/>\n<meta property=\"article:modified_time\" content=\"2025-06-16T09:17:58+00:00\" \/>\n<meta property=\"og:image\" content=\"https:\/\/www.sofi64.com\/wp-content\/uploads\/2025\/05\/Group-French-Lessons1-scaled.jpg\" \/>\n\t<meta property=\"og:image:width\" content=\"2560\" \/>\n\t<meta property=\"og:image:height\" content=\"1707\" \/>\n\t<meta property=\"og:image:type\" content=\"image\/jpeg\" \/>\n<meta name=\"twitter:card\" content=\"summary_large_image\" \/>\n<meta name=\"twitter:label1\" content=\"Dur\u00e9e de lecture estim\u00e9e\" \/>\n\t<meta name=\"twitter:data1\" content=\"3 minutes\" \/>\n<script type=\"application\/ld+json\" class=\"yoast-schema-graph\">{\"@context\":\"https:\\\/\\\/schema.org\",\"@graph\":[{\"@type\":\"WebPage\",\"@id\":\"https:\\\/\\\/www.sofi64.com\\\/fr\\\/ecole\\\/equipe\\\/\",\"url\":\"https:\\\/\\\/www.sofi64.com\\\/fr\\\/ecole\\\/equipe\\\/\",\"name\":\"Notre \u00e9quipe | SOFI 64\",\"isPartOf\":{\"@id\":\"https:\\\/\\\/www.sofi64.com\\\/#website\"},\"primaryImageOfPage\":{\"@id\":\"https:\\\/\\\/www.sofi64.com\\\/fr\\\/ecole\\\/equipe\\\/#primaryimage\"},\"image\":{\"@id\":\"https:\\\/\\\/www.sofi64.com\\\/fr\\\/ecole\\\/equipe\\\/#primaryimage\"},\"thumbnailUrl\":\"https:\\\/\\\/www.sofi64.com\\\/wp-content\\\/uploads\\\/2025\\\/05\\\/Group-French-Lessons1-scaled.jpg\",\"datePublished\":\"2025-05-12T07:46:05+00:00\",\"dateModified\":\"2025-06-16T09:17:58+00:00\",\"description\":\"Rencontrez l'\u00e9quipe passionn\u00e9e de SOFI 64 : des enseignants qualifi\u00e9s d\u00e9di\u00e9s \u00e0 votre apprentissage du fran\u00e7ais dans une ambiance chaleureuse et professionnelle.\",\"breadcrumb\":{\"@id\":\"https:\\\/\\\/www.sofi64.com\\\/fr\\\/ecole\\\/equipe\\\/#breadcrumb\"},\"inLanguage\":\"fr-FR\",\"potentialAction\":[{\"@type\":\"ReadAction\",\"target\":[\"https:\\\/\\\/www.sofi64.com\\\/fr\\\/ecole\\\/equipe\\\/\"]}]},{\"@type\":\"ImageObject\",\"inLanguage\":\"fr-FR\",\"@id\":\"https:\\\/\\\/www.sofi64.com\\\/fr\\\/ecole\\\/equipe\\\/#primaryimage\",\"url\":\"https:\\\/\\\/www.sofi64.com\\\/wp-content\\\/uploads\\\/2025\\\/05\\\/Group-French-Lessons1-scaled.jpg\",\"contentUrl\":\"https:\\\/\\\/www.sofi64.com\\\/wp-content\\\/uploads\\\/2025\\\/05\\\/Group-French-Lessons1-scaled.jpg\",\"width\":2560,\"height\":1707},{\"@type\":\"BreadcrumbList\",\"@id\":\"https:\\\/\\\/www.sofi64.com\\\/fr\\\/ecole\\\/equipe\\\/#breadcrumb\",\"itemListElement\":[{\"@type\":\"ListItem\",\"position\":1,\"name\":\"Home\",\"item\":\"https:\\\/\\\/www.sofi64.com\\\/fr\\\/\"},{\"@type\":\"ListItem\",\"position\":2,\"name\":\"Notre \u00e9cole\",\"item\":\"https:\\\/\\\/www.sofi64.com\\\/fr\\\/ecole\\\/\"},{\"@type\":\"ListItem\",\"position\":3,\"name\":\"Notre \u00e9quipe\"}]},{\"@type\":\"WebSite\",\"@id\":\"https:\\\/\\\/www.sofi64.com\\\/#website\",\"url\":\"https:\\\/\\\/www.sofi64.com\\\/\",\"name\":\"SOFI 64 French Language School\",\"description\":\"\",\"potentialAction\":[{\"@type\":\"SearchAction\",\"target\":{\"@type\":\"EntryPoint\",\"urlTemplate\":\"https:\\\/\\\/www.sofi64.com\\\/?s={search_term_string}\"},\"query-input\":{\"@type\":\"PropertyValueSpecification\",\"valueRequired\":true,\"valueName\":\"search_term_string\"}}],\"inLanguage\":\"fr-FR\"}]}<\/script>\n<!-- \/ Yoast SEO plugin. -->","yoast_head_json":{"title":"Notre \u00e9quipe | SOFI 64","description":"Rencontrez l'\u00e9quipe passionn\u00e9e de SOFI 64 : des enseignants qualifi\u00e9s d\u00e9di\u00e9s \u00e0 votre apprentissage du fran\u00e7ais dans une ambiance chaleureuse et professionnelle.","robots":{"index":"index","follow":"follow","max-snippet":"max-snippet:-1","max-image-preview":"max-image-preview:large","max-video-preview":"max-video-preview:-1"},"canonical":"https:\/\/www.sofi64.com\/fr\/ecole\/equipe\/","og_locale":"fr_FR","og_type":"article","og_title":"Notre \u00e9quipe | SOFI 64","og_description":"Rencontrez l'\u00e9quipe passionn\u00e9e de SOFI 64 : des enseignants qualifi\u00e9s d\u00e9di\u00e9s \u00e0 votre apprentissage du fran\u00e7ais dans une ambiance chaleureuse et professionnelle.","og_url":"https:\/\/www.sofi64.com\/fr\/ecole\/equipe\/","og_site_name":"SOFI 64","article_modified_time":"2025-06-16T09:17:58+00:00","og_image":[{"width":2560,"height":1707,"url":"https:\/\/www.sofi64.com\/wp-content\/uploads\/2025\/05\/Group-French-Lessons1-scaled.jpg","type":"image\/jpeg"}],"twitter_card":"summary_large_image","twitter_misc":{"Dur\u00e9e de lecture estim\u00e9e":"3 minutes"},"schema":{"@context":"https:\/\/schema.org","@graph":[{"@type":"WebPage","@id":"https:\/\/www.sofi64.com\/fr\/ecole\/equipe\/","url":"https:\/\/www.sofi64.com\/fr\/ecole\/equipe\/","name":"Notre \u00e9quipe | SOFI 64","isPartOf":{"@id":"https:\/\/www.sofi64.com\/#website"},"primaryImageOfPage":{"@id":"https:\/\/www.sofi64.com\/fr\/ecole\/equipe\/#primaryimage"},"image":{"@id":"https:\/\/www.sofi64.com\/fr\/ecole\/equipe\/#primaryimage"},"thumbnailUrl":"https:\/\/www.sofi64.com\/wp-content\/uploads\/2025\/05\/Group-French-Lessons1-scaled.jpg","datePublished":"2025-05-12T07:46:05+00:00","dateModified":"2025-06-16T09:17:58+00:00","description":"Rencontrez l'\u00e9quipe passionn\u00e9e de SOFI 64 : des enseignants qualifi\u00e9s d\u00e9di\u00e9s \u00e0 votre apprentissage du fran\u00e7ais dans une ambiance chaleureuse et professionnelle.","breadcrumb":{"@id":"https:\/\/www.sofi64.com\/fr\/ecole\/equipe\/#breadcrumb"},"inLanguage":"fr-FR","potentialAction":[{"@type":"ReadAction","target":["https:\/\/www.sofi64.com\/fr\/ecole\/equipe\/"]}]},{"@type":"ImageObject","inLanguage":"fr-FR","@id":"https:\/\/www.sofi64.com\/fr\/ecole\/equipe\/#primaryimage","url":"https:\/\/www.sofi64.com\/wp-content\/uploads\/2025\/05\/Group-French-Lessons1-scaled.jpg","contentUrl":"https:\/\/www.sofi64.com\/wp-content\/uploads\/2025\/05\/Group-French-Lessons1-scaled.jpg","width":2560,"height":1707},{"@type":"BreadcrumbList","@id":"https:\/\/www.sofi64.com\/fr\/ecole\/equipe\/#breadcrumb","itemListElement":[{"@type":"ListItem","position":1,"name":"Home","item":"https:\/\/www.sofi64.com\/fr\/"},{"@type":"ListItem","position":2,"name":"Notre \u00e9cole","item":"https:\/\/www.sofi64.com\/fr\/ecole\/"},{"@type":"ListItem","position":3,"name":"Notre \u00e9quipe"}]},{"@type":"WebSite","@id":"https:\/\/www.sofi64.com\/#website","url":"https:\/\/www.sofi64.com\/","name":"SOFI 64 French Language School","description":"","potentialAction":[{"@type":"SearchAction","target":{"@type":"EntryPoint","urlTemplate":"https:\/\/www.sofi64.com\/?s={search_term_string}"},"query-input":{"@type":"PropertyValueSpecification","valueRequired":true,"valueName":"search_term_string"}}],"inLanguage":"fr-FR"}]}},"_links":{"self":[{"href":"https:\/\/www.sofi64.com\/fr\/wp-json\/wp\/v2\/pages\/546","targetHints":{"allow":["GET"]}}],"collection":[{"href":"https:\/\/www.sofi64.com\/fr\/wp-json\/wp\/v2\/pages"}],"about":[{"href":"https:\/\/www.sofi64.com\/fr\/wp-json\/wp\/v2\/types\/page"}],"author":[{"embeddable":true,"href":"https:\/\/www.sofi64.com\/fr\/wp-json\/wp\/v2\/users\/1"}],"replies":[{"embeddable":true,"href":"https:\/\/www.sofi64.com\/fr\/wp-json\/wp\/v2\/comments?post=546"}],"version-history":[{"count":15,"href":"https:\/\/www.sofi64.com\/fr\/wp-json\/wp\/v2\/pages\/546\/revisions"}],"predecessor-version":[{"id":2217,"href":"https:\/\/www.sofi64.com\/fr\/wp-json\/wp\/v2\/pages\/546\/revisions\/2217"}],"up":[{"embeddable":true,"href":"https:\/\/www.sofi64.com\/fr\/wp-json\/wp\/v2\/pages\/544"}],"wp:featuredmedia":[{"embeddable":true,"href":"https:\/\/www.sofi64.com\/fr\/wp-json\/wp\/v2\/media\/1078"}],"wp:attachment":[{"href":"https:\/\/www.sofi64.com\/fr\/wp-json\/wp\/v2\/media?parent=546"}],"curies":[{"name":"wp","href":"https:\/\/api.w.org\/{rel}","templated":true}]}}