{"id":547,"date":"2025-05-12T09:46:22","date_gmt":"2025-05-12T07:46:22","guid":{"rendered":"http:\/\/localhost:8888\/sofi64?page_id=547"},"modified":"2026-03-12T10:15:47","modified_gmt":"2026-03-12T09:15:47","slug":"sejours-activites","status":"publish","type":"page","link":"https:\/\/www.sofi64.com\/fr\/ecole\/sejours-activites\/","title":{"rendered":"S\u00e9jours &#038; Activit\u00e9s"},"content":{"rendered":"","protected":false},"excerpt":{"rendered":"","protected":false},"author":1,"featured_media":1033,"parent":544,"menu_order":3,"comment_status":"closed","ping_status":"closed","template":"page-biarritz-anglet.php","meta":{"_acf_changed":false,"footnotes":""},"class_list":["post-547","page","type-page","status-publish","has-post-thumbnail","hentry"],"acf":[],"yoast_head":"<!-- This site is optimized with the Yoast SEO plugin v27.3 - https:\/\/yoast.com\/product\/yoast-seo-wordpress\/ -->\n<title>S\u00e9jours &amp; Activit\u00e9s | SOFI 64<\/title>\n<meta name=\"description\" content=\"Combinez vos cours de fran\u00e7ais avec des activit\u00e9s comme le surf, le yoga et la d\u00e9couverte du Pays Basque pour une exp\u00e9rience enrichissante.\" \/>\n<meta name=\"robots\" content=\"index, follow, max-snippet:-1, max-image-preview:large, max-video-preview:-1\" \/>\n<link rel=\"canonical\" href=\"https:\/\/www.sofi64.com\/fr\/ecole\/sejours-activites\/\" \/>\n<meta property=\"og:locale\" content=\"fr_FR\" \/>\n<meta property=\"og:type\" content=\"article\" \/>\n<meta property=\"og:title\" content=\"S\u00e9jours &amp; Activit\u00e9s | SOFI 64\" \/>\n<meta property=\"og:description\" content=\"Combinez vos cours de fran\u00e7ais avec des activit\u00e9s comme le surf, le yoga et la d\u00e9couverte du Pays Basque pour une exp\u00e9rience enrichissante.\" \/>\n<meta property=\"og:url\" content=\"https:\/\/www.sofi64.com\/fr\/ecole\/sejours-activites\/\" \/>\n<meta property=\"og:site_name\" content=\"SOFI 64\" \/>\n<meta property=\"article:modified_time\" content=\"2026-03-12T09:15:47+00:00\" \/>\n<meta property=\"og:image\" content=\"https:\/\/www.sofi64.com\/wp-content\/uploads\/2025\/05\/BeachVolley-scaled.jpg\" \/>\n\t<meta property=\"og:image:width\" content=\"2560\" \/>\n\t<meta property=\"og:image:height\" content=\"1707\" \/>\n\t<meta property=\"og:image:type\" content=\"image\/jpeg\" \/>\n<meta name=\"twitter:card\" content=\"summary_large_image\" \/>\n<meta name=\"twitter:label1\" content=\"Dur\u00e9e de lecture estim\u00e9e\" \/>\n\t<meta name=\"twitter:data1\" content=\"1 minute\" \/>\n<script type=\"application\/ld+json\" class=\"yoast-schema-graph\">{\"@context\":\"https:\\\/\\\/schema.org\",\"@graph\":[{\"@type\":\"WebPage\",\"@id\":\"https:\\\/\\\/www.sofi64.com\\\/fr\\\/ecole\\\/sejours-activites\\\/\",\"url\":\"https:\\\/\\\/www.sofi64.com\\\/fr\\\/ecole\\\/sejours-activites\\\/\",\"name\":\"S\u00e9jours & Activit\u00e9s | SOFI 64\",\"isPartOf\":{\"@id\":\"https:\\\/\\\/www.sofi64.com\\\/#website\"},\"primaryImageOfPage\":{\"@id\":\"https:\\\/\\\/www.sofi64.com\\\/fr\\\/ecole\\\/sejours-activites\\\/#primaryimage\"},\"image\":{\"@id\":\"https:\\\/\\\/www.sofi64.com\\\/fr\\\/ecole\\\/sejours-activites\\\/#primaryimage\"},\"thumbnailUrl\":\"https:\\\/\\\/www.sofi64.com\\\/wp-content\\\/uploads\\\/2025\\\/05\\\/BeachVolley-scaled.jpg\",\"datePublished\":\"2025-05-12T07:46:22+00:00\",\"dateModified\":\"2026-03-12T09:15:47+00:00\",\"description\":\"Combinez vos cours de fran\u00e7ais avec des activit\u00e9s comme le surf, le yoga et la d\u00e9couverte du Pays Basque pour une exp\u00e9rience enrichissante.\",\"breadcrumb\":{\"@id\":\"https:\\\/\\\/www.sofi64.com\\\/fr\\\/ecole\\\/sejours-activites\\\/#breadcrumb\"},\"inLanguage\":\"fr-FR\",\"potentialAction\":[{\"@type\":\"ReadAction\",\"target\":[\"https:\\\/\\\/www.sofi64.com\\\/fr\\\/ecole\\\/sejours-activites\\\/\"]}]},{\"@type\":\"ImageObject\",\"inLanguage\":\"fr-FR\",\"@id\":\"https:\\\/\\\/www.sofi64.com\\\/fr\\\/ecole\\\/sejours-activites\\\/#primaryimage\",\"url\":\"https:\\\/\\\/www.sofi64.com\\\/wp-content\\\/uploads\\\/2025\\\/05\\\/BeachVolley-scaled.jpg\",\"contentUrl\":\"https:\\\/\\\/www.sofi64.com\\\/wp-content\\\/uploads\\\/2025\\\/05\\\/BeachVolley-scaled.jpg\",\"width\":2560,\"height\":1707},{\"@type\":\"BreadcrumbList\",\"@id\":\"https:\\\/\\\/www.sofi64.com\\\/fr\\\/ecole\\\/sejours-activites\\\/#breadcrumb\",\"itemListElement\":[{\"@type\":\"ListItem\",\"position\":1,\"name\":\"Home\",\"item\":\"https:\\\/\\\/www.sofi64.com\\\/fr\\\/\"},{\"@type\":\"ListItem\",\"position\":2,\"name\":\"Notre \u00e9cole\",\"item\":\"https:\\\/\\\/www.sofi64.com\\\/fr\\\/ecole\\\/\"},{\"@type\":\"ListItem\",\"position\":3,\"name\":\"S\u00e9jours &#038; Activit\u00e9s\"}]},{\"@type\":\"WebSite\",\"@id\":\"https:\\\/\\\/www.sofi64.com\\\/#website\",\"url\":\"https:\\\/\\\/www.sofi64.com\\\/\",\"name\":\"SOFI 64 French Language School\",\"description\":\"\",\"potentialAction\":[{\"@type\":\"SearchAction\",\"target\":{\"@type\":\"EntryPoint\",\"urlTemplate\":\"https:\\\/\\\/www.sofi64.com\\\/?s={search_term_string}\"},\"query-input\":{\"@type\":\"PropertyValueSpecification\",\"valueRequired\":true,\"valueName\":\"search_term_string\"}}],\"inLanguage\":\"fr-FR\"}]}<\/script>\n<!-- \/ Yoast SEO plugin. -->","yoast_head_json":{"title":"S\u00e9jours & Activit\u00e9s | SOFI 64","description":"Combinez vos cours de fran\u00e7ais avec des activit\u00e9s comme le surf, le yoga et la d\u00e9couverte du Pays Basque pour une exp\u00e9rience enrichissante.","robots":{"index":"index","follow":"follow","max-snippet":"max-snippet:-1","max-image-preview":"max-image-preview:large","max-video-preview":"max-video-preview:-1"},"canonical":"https:\/\/www.sofi64.com\/fr\/ecole\/sejours-activites\/","og_locale":"fr_FR","og_type":"article","og_title":"S\u00e9jours & Activit\u00e9s | SOFI 64","og_description":"Combinez vos cours de fran\u00e7ais avec des activit\u00e9s comme le surf, le yoga et la d\u00e9couverte du Pays Basque pour une exp\u00e9rience enrichissante.","og_url":"https:\/\/www.sofi64.com\/fr\/ecole\/sejours-activites\/","og_site_name":"SOFI 64","article_modified_time":"2026-03-12T09:15:47+00:00","og_image":[{"width":2560,"height":1707,"url":"https:\/\/www.sofi64.com\/wp-content\/uploads\/2025\/05\/BeachVolley-scaled.jpg","type":"image\/jpeg"}],"twitter_card":"summary_large_image","twitter_misc":{"Dur\u00e9e de lecture estim\u00e9e":"1 minute"},"schema":{"@context":"https:\/\/schema.org","@graph":[{"@type":"WebPage","@id":"https:\/\/www.sofi64.com\/fr\/ecole\/sejours-activites\/","url":"https:\/\/www.sofi64.com\/fr\/ecole\/sejours-activites\/","name":"S\u00e9jours & Activit\u00e9s | SOFI 64","isPartOf":{"@id":"https:\/\/www.sofi64.com\/#website"},"primaryImageOfPage":{"@id":"https:\/\/www.sofi64.com\/fr\/ecole\/sejours-activites\/#primaryimage"},"image":{"@id":"https:\/\/www.sofi64.com\/fr\/ecole\/sejours-activites\/#primaryimage"},"thumbnailUrl":"https:\/\/www.sofi64.com\/wp-content\/uploads\/2025\/05\/BeachVolley-scaled.jpg","datePublished":"2025-05-12T07:46:22+00:00","dateModified":"2026-03-12T09:15:47+00:00","description":"Combinez vos cours de fran\u00e7ais avec des activit\u00e9s comme le surf, le yoga et la d\u00e9couverte du Pays Basque pour une exp\u00e9rience enrichissante.","breadcrumb":{"@id":"https:\/\/www.sofi64.com\/fr\/ecole\/sejours-activites\/#breadcrumb"},"inLanguage":"fr-FR","potentialAction":[{"@type":"ReadAction","target":["https:\/\/www.sofi64.com\/fr\/ecole\/sejours-activites\/"]}]},{"@type":"ImageObject","inLanguage":"fr-FR","@id":"https:\/\/www.sofi64.com\/fr\/ecole\/sejours-activites\/#primaryimage","url":"https:\/\/www.sofi64.com\/wp-content\/uploads\/2025\/05\/BeachVolley-scaled.jpg","contentUrl":"https:\/\/www.sofi64.com\/wp-content\/uploads\/2025\/05\/BeachVolley-scaled.jpg","width":2560,"height":1707},{"@type":"BreadcrumbList","@id":"https:\/\/www.sofi64.com\/fr\/ecole\/sejours-activites\/#breadcrumb","itemListElement":[{"@type":"ListItem","position":1,"name":"Home","item":"https:\/\/www.sofi64.com\/fr\/"},{"@type":"ListItem","position":2,"name":"Notre \u00e9cole","item":"https:\/\/www.sofi64.com\/fr\/ecole\/"},{"@type":"ListItem","position":3,"name":"S\u00e9jours &#038; Activit\u00e9s"}]},{"@type":"WebSite","@id":"https:\/\/www.sofi64.com\/#website","url":"https:\/\/www.sofi64.com\/","name":"SOFI 64 French Language School","description":"","potentialAction":[{"@type":"SearchAction","target":{"@type":"EntryPoint","urlTemplate":"https:\/\/www.sofi64.com\/?s={search_term_string}"},"query-input":{"@type":"PropertyValueSpecification","valueRequired":true,"valueName":"search_term_string"}}],"inLanguage":"fr-FR"}]}},"_links":{"self":[{"href":"https:\/\/www.sofi64.com\/fr\/wp-json\/wp\/v2\/pages\/547","targetHints":{"allow":["GET"]}}],"collection":[{"href":"https:\/\/www.sofi64.com\/fr\/wp-json\/wp\/v2\/pages"}],"about":[{"href":"https:\/\/www.sofi64.com\/fr\/wp-json\/wp\/v2\/types\/page"}],"author":[{"embeddable":true,"href":"https:\/\/www.sofi64.com\/fr\/wp-json\/wp\/v2\/users\/1"}],"replies":[{"embeddable":true,"href":"https:\/\/www.sofi64.com\/fr\/wp-json\/wp\/v2\/comments?post=547"}],"version-history":[{"count":21,"href":"https:\/\/www.sofi64.com\/fr\/wp-json\/wp\/v2\/pages\/547\/revisions"}],"predecessor-version":[{"id":6261,"href":"https:\/\/www.sofi64.com\/fr\/wp-json\/wp\/v2\/pages\/547\/revisions\/6261"}],"up":[{"embeddable":true,"href":"https:\/\/www.sofi64.com\/fr\/wp-json\/wp\/v2\/pages\/544"}],"wp:featuredmedia":[{"embeddable":true,"href":"https:\/\/www.sofi64.com\/fr\/wp-json\/wp\/v2\/media\/1033"}],"wp:attachment":[{"href":"https:\/\/www.sofi64.com\/fr\/wp-json\/wp\/v2\/media?parent=547"}],"curies":[{"name":"wp","href":"https:\/\/api.w.org\/{rel}","templated":true}]}}