{"id":552,"date":"2025-05-12T10:00:38","date_gmt":"2025-05-12T08:00:38","guid":{"rendered":"http:\/\/localhost:8888\/sofi64?page_id=552"},"modified":"2026-01-12T14:39:50","modified_gmt":"2026-01-12T13:39:50","slug":"francais-intensif-24-30","status":"publish","type":"page","link":"https:\/\/www.sofi64.com\/fr\/cours-tarifs\/francais-intensif-24-30\/","title":{"rendered":"Fran\u00e7ais intensif 24 &#038; 30"},"content":{"rendered":"","protected":false},"excerpt":{"rendered":"","protected":false},"author":1,"featured_media":231,"parent":550,"menu_order":2,"comment_status":"closed","ping_status":"closed","template":"page-classes.php","meta":{"_acf_changed":false,"footnotes":""},"class_list":["post-552","page","type-page","status-publish","has-post-thumbnail","hentry"],"acf":[],"yoast_head":"<!-- This site is optimized with the Yoast SEO plugin v27.3 - https:\/\/yoast.com\/product\/yoast-seo-wordpress\/ -->\n<title>Fran\u00e7ais intensif 24 &amp; 30 | SOFI 64<\/title>\n<meta name=\"description\" content=\"Un programme intensif pour am\u00e9liorer rapidement votre fran\u00e7ais \u00e0 l\u2019\u00e9crit comme \u00e0 l\u2019oral, dans un cadre dynamique et bienveillant.\" \/>\n<meta name=\"robots\" content=\"index, follow, max-snippet:-1, max-image-preview:large, max-video-preview:-1\" \/>\n<link rel=\"canonical\" href=\"https:\/\/www.sofi64.com\/fr\/cours-tarifs\/francais-intensif-24-30\/\" \/>\n<meta property=\"og:locale\" content=\"fr_FR\" \/>\n<meta property=\"og:type\" content=\"article\" \/>\n<meta property=\"og:title\" content=\"Fran\u00e7ais intensif 24 &amp; 30 | SOFI 64\" \/>\n<meta property=\"og:description\" content=\"Un programme intensif pour am\u00e9liorer rapidement votre fran\u00e7ais \u00e0 l\u2019\u00e9crit comme \u00e0 l\u2019oral, dans un cadre dynamique et bienveillant.\" \/>\n<meta property=\"og:url\" content=\"https:\/\/www.sofi64.com\/fr\/cours-tarifs\/francais-intensif-24-30\/\" \/>\n<meta property=\"og:site_name\" content=\"SOFI 64\" \/>\n<meta property=\"article:modified_time\" content=\"2026-01-12T13:39:50+00:00\" \/>\n<meta property=\"og:image\" content=\"https:\/\/www.sofi64.com\/wp-content\/uploads\/2025\/05\/SOFI64-Standard-French-V2_03.jpg\" \/>\n\t<meta property=\"og:image:width\" content=\"841\" \/>\n\t<meta property=\"og:image:height\" content=\"568\" \/>\n\t<meta property=\"og:image:type\" content=\"image\/jpeg\" \/>\n<meta name=\"twitter:card\" content=\"summary_large_image\" \/>\n<meta name=\"twitter:label1\" content=\"Dur\u00e9e de lecture estim\u00e9e\" \/>\n\t<meta name=\"twitter:data1\" content=\"1 minute\" \/>\n<script type=\"application\/ld+json\" class=\"yoast-schema-graph\">{\"@context\":\"https:\\\/\\\/schema.org\",\"@graph\":[{\"@type\":\"WebPage\",\"@id\":\"https:\\\/\\\/www.sofi64.com\\\/fr\\\/cours-tarifs\\\/francais-intensif-24-30\\\/\",\"url\":\"https:\\\/\\\/www.sofi64.com\\\/fr\\\/cours-tarifs\\\/francais-intensif-24-30\\\/\",\"name\":\"Fran\u00e7ais intensif 24 & 30 | SOFI 64\",\"isPartOf\":{\"@id\":\"https:\\\/\\\/www.sofi64.com\\\/#website\"},\"primaryImageOfPage\":{\"@id\":\"https:\\\/\\\/www.sofi64.com\\\/fr\\\/cours-tarifs\\\/francais-intensif-24-30\\\/#primaryimage\"},\"image\":{\"@id\":\"https:\\\/\\\/www.sofi64.com\\\/fr\\\/cours-tarifs\\\/francais-intensif-24-30\\\/#primaryimage\"},\"thumbnailUrl\":\"https:\\\/\\\/www.sofi64.com\\\/wp-content\\\/uploads\\\/2025\\\/05\\\/SOFI64-Standard-French-V2_03.jpg\",\"datePublished\":\"2025-05-12T08:00:38+00:00\",\"dateModified\":\"2026-01-12T13:39:50+00:00\",\"description\":\"Un programme intensif pour am\u00e9liorer rapidement votre fran\u00e7ais \u00e0 l\u2019\u00e9crit comme \u00e0 l\u2019oral, dans un cadre dynamique et bienveillant.\",\"breadcrumb\":{\"@id\":\"https:\\\/\\\/www.sofi64.com\\\/fr\\\/cours-tarifs\\\/francais-intensif-24-30\\\/#breadcrumb\"},\"inLanguage\":\"fr-FR\",\"potentialAction\":[{\"@type\":\"ReadAction\",\"target\":[\"https:\\\/\\\/www.sofi64.com\\\/fr\\\/cours-tarifs\\\/francais-intensif-24-30\\\/\"]}]},{\"@type\":\"ImageObject\",\"inLanguage\":\"fr-FR\",\"@id\":\"https:\\\/\\\/www.sofi64.com\\\/fr\\\/cours-tarifs\\\/francais-intensif-24-30\\\/#primaryimage\",\"url\":\"https:\\\/\\\/www.sofi64.com\\\/wp-content\\\/uploads\\\/2025\\\/05\\\/SOFI64-Standard-French-V2_03.jpg\",\"contentUrl\":\"https:\\\/\\\/www.sofi64.com\\\/wp-content\\\/uploads\\\/2025\\\/05\\\/SOFI64-Standard-French-V2_03.jpg\",\"width\":841,\"height\":568},{\"@type\":\"BreadcrumbList\",\"@id\":\"https:\\\/\\\/www.sofi64.com\\\/fr\\\/cours-tarifs\\\/francais-intensif-24-30\\\/#breadcrumb\",\"itemListElement\":[{\"@type\":\"ListItem\",\"position\":1,\"name\":\"Home\",\"item\":\"https:\\\/\\\/www.sofi64.com\\\/fr\\\/\"},{\"@type\":\"ListItem\",\"position\":2,\"name\":\"Cours &#038; Tarifs\",\"item\":\"https:\\\/\\\/www.sofi64.com\\\/fr\\\/cours-tarifs\\\/\"},{\"@type\":\"ListItem\",\"position\":3,\"name\":\"Fran\u00e7ais intensif 24 &#038; 30\"}]},{\"@type\":\"WebSite\",\"@id\":\"https:\\\/\\\/www.sofi64.com\\\/#website\",\"url\":\"https:\\\/\\\/www.sofi64.com\\\/\",\"name\":\"SOFI 64 French Language School\",\"description\":\"\",\"potentialAction\":[{\"@type\":\"SearchAction\",\"target\":{\"@type\":\"EntryPoint\",\"urlTemplate\":\"https:\\\/\\\/www.sofi64.com\\\/?s={search_term_string}\"},\"query-input\":{\"@type\":\"PropertyValueSpecification\",\"valueRequired\":true,\"valueName\":\"search_term_string\"}}],\"inLanguage\":\"fr-FR\"}]}<\/script>\n<!-- \/ Yoast SEO plugin. -->","yoast_head_json":{"title":"Fran\u00e7ais intensif 24 & 30 | SOFI 64","description":"Un programme intensif pour am\u00e9liorer rapidement votre fran\u00e7ais \u00e0 l\u2019\u00e9crit comme \u00e0 l\u2019oral, dans un cadre dynamique et bienveillant.","robots":{"index":"index","follow":"follow","max-snippet":"max-snippet:-1","max-image-preview":"max-image-preview:large","max-video-preview":"max-video-preview:-1"},"canonical":"https:\/\/www.sofi64.com\/fr\/cours-tarifs\/francais-intensif-24-30\/","og_locale":"fr_FR","og_type":"article","og_title":"Fran\u00e7ais intensif 24 & 30 | SOFI 64","og_description":"Un programme intensif pour am\u00e9liorer rapidement votre fran\u00e7ais \u00e0 l\u2019\u00e9crit comme \u00e0 l\u2019oral, dans un cadre dynamique et bienveillant.","og_url":"https:\/\/www.sofi64.com\/fr\/cours-tarifs\/francais-intensif-24-30\/","og_site_name":"SOFI 64","article_modified_time":"2026-01-12T13:39:50+00:00","og_image":[{"width":841,"height":568,"url":"https:\/\/www.sofi64.com\/wp-content\/uploads\/2025\/05\/SOFI64-Standard-French-V2_03.jpg","type":"image\/jpeg"}],"twitter_card":"summary_large_image","twitter_misc":{"Dur\u00e9e de lecture estim\u00e9e":"1 minute"},"schema":{"@context":"https:\/\/schema.org","@graph":[{"@type":"WebPage","@id":"https:\/\/www.sofi64.com\/fr\/cours-tarifs\/francais-intensif-24-30\/","url":"https:\/\/www.sofi64.com\/fr\/cours-tarifs\/francais-intensif-24-30\/","name":"Fran\u00e7ais intensif 24 & 30 | SOFI 64","isPartOf":{"@id":"https:\/\/www.sofi64.com\/#website"},"primaryImageOfPage":{"@id":"https:\/\/www.sofi64.com\/fr\/cours-tarifs\/francais-intensif-24-30\/#primaryimage"},"image":{"@id":"https:\/\/www.sofi64.com\/fr\/cours-tarifs\/francais-intensif-24-30\/#primaryimage"},"thumbnailUrl":"https:\/\/www.sofi64.com\/wp-content\/uploads\/2025\/05\/SOFI64-Standard-French-V2_03.jpg","datePublished":"2025-05-12T08:00:38+00:00","dateModified":"2026-01-12T13:39:50+00:00","description":"Un programme intensif pour am\u00e9liorer rapidement votre fran\u00e7ais \u00e0 l\u2019\u00e9crit comme \u00e0 l\u2019oral, dans un cadre dynamique et bienveillant.","breadcrumb":{"@id":"https:\/\/www.sofi64.com\/fr\/cours-tarifs\/francais-intensif-24-30\/#breadcrumb"},"inLanguage":"fr-FR","potentialAction":[{"@type":"ReadAction","target":["https:\/\/www.sofi64.com\/fr\/cours-tarifs\/francais-intensif-24-30\/"]}]},{"@type":"ImageObject","inLanguage":"fr-FR","@id":"https:\/\/www.sofi64.com\/fr\/cours-tarifs\/francais-intensif-24-30\/#primaryimage","url":"https:\/\/www.sofi64.com\/wp-content\/uploads\/2025\/05\/SOFI64-Standard-French-V2_03.jpg","contentUrl":"https:\/\/www.sofi64.com\/wp-content\/uploads\/2025\/05\/SOFI64-Standard-French-V2_03.jpg","width":841,"height":568},{"@type":"BreadcrumbList","@id":"https:\/\/www.sofi64.com\/fr\/cours-tarifs\/francais-intensif-24-30\/#breadcrumb","itemListElement":[{"@type":"ListItem","position":1,"name":"Home","item":"https:\/\/www.sofi64.com\/fr\/"},{"@type":"ListItem","position":2,"name":"Cours &#038; Tarifs","item":"https:\/\/www.sofi64.com\/fr\/cours-tarifs\/"},{"@type":"ListItem","position":3,"name":"Fran\u00e7ais intensif 24 &#038; 30"}]},{"@type":"WebSite","@id":"https:\/\/www.sofi64.com\/#website","url":"https:\/\/www.sofi64.com\/","name":"SOFI 64 French Language School","description":"","potentialAction":[{"@type":"SearchAction","target":{"@type":"EntryPoint","urlTemplate":"https:\/\/www.sofi64.com\/?s={search_term_string}"},"query-input":{"@type":"PropertyValueSpecification","valueRequired":true,"valueName":"search_term_string"}}],"inLanguage":"fr-FR"}]}},"_links":{"self":[{"href":"https:\/\/www.sofi64.com\/fr\/wp-json\/wp\/v2\/pages\/552","targetHints":{"allow":["GET"]}}],"collection":[{"href":"https:\/\/www.sofi64.com\/fr\/wp-json\/wp\/v2\/pages"}],"about":[{"href":"https:\/\/www.sofi64.com\/fr\/wp-json\/wp\/v2\/types\/page"}],"author":[{"embeddable":true,"href":"https:\/\/www.sofi64.com\/fr\/wp-json\/wp\/v2\/users\/1"}],"replies":[{"embeddable":true,"href":"https:\/\/www.sofi64.com\/fr\/wp-json\/wp\/v2\/comments?post=552"}],"version-history":[{"count":10,"href":"https:\/\/www.sofi64.com\/fr\/wp-json\/wp\/v2\/pages\/552\/revisions"}],"predecessor-version":[{"id":5547,"href":"https:\/\/www.sofi64.com\/fr\/wp-json\/wp\/v2\/pages\/552\/revisions\/5547"}],"up":[{"embeddable":true,"href":"https:\/\/www.sofi64.com\/fr\/wp-json\/wp\/v2\/pages\/550"}],"wp:featuredmedia":[{"embeddable":true,"href":"https:\/\/www.sofi64.com\/fr\/wp-json\/wp\/v2\/media\/231"}],"wp:attachment":[{"href":"https:\/\/www.sofi64.com\/fr\/wp-json\/wp\/v2\/media?parent=552"}],"curies":[{"name":"wp","href":"https:\/\/api.w.org\/{rel}","templated":true}]}}