{"id":558,"date":"2025-05-12T10:04:56","date_gmt":"2025-05-12T08:04:56","guid":{"rendered":"http:\/\/localhost:8888\/sofi64?page_id=558"},"modified":"2026-01-12T15:21:52","modified_gmt":"2026-01-12T14:21:52","slug":"hebergement","status":"publish","type":"page","link":"https:\/\/www.sofi64.com\/fr\/hebergement\/","title":{"rendered":"H\u00e9bergement"},"content":{"rendered":"<div class=\"vc_row wpb_row vc_row-fluid rate-chart\">\n<div class=\"wpb_column vc_column_container vc_col-sm-12\">\n<div class=\"vc_column-inner\">\n<div class=\"wpb_wrapper\">\n<div class=\"vc_wp_text wpb_content_element\">\n<div class=\"widget widget_text\">\n<p>Elles vous offrent une\u00a0<strong>chambre individuelle et confortable<\/strong>, le petit-d\u00e9jeuner ainsi que le d\u00eener.<\/p>\n<p>Nous nous effor\u00e7ons de placer\u00a0<strong>dans une m\u00eame famille des \u00e9tudiants de nationalit\u00e9s diff\u00e9rentes<\/strong>\u00a0dans la mesure des disponibilit\u00e9s.<\/p>\n<\/div>\n<div id='gallery-1' class='gallery galleryid-558 gallery-columns-2 gallery-size-medium'><dl class='gallery-item'>\n\t\t\t<dt class='gallery-icon landscape'>\n\t\t\t\t<img loading=\"lazy\" decoding=\"async\" width=\"300\" height=\"200\" src=\"https:\/\/www.sofi64.com\/wp-content\/uploads\/2025\/05\/Famille-d_accueil-Chambre-300x200.jpg\" class=\"attachment-medium size-medium\" alt=\"\" srcset=\"https:\/\/www.sofi64.com\/wp-content\/uploads\/2025\/05\/Famille-d_accueil-Chambre-300x200.jpg 300w, https:\/\/www.sofi64.com\/wp-content\/uploads\/2025\/05\/Famille-d_accueil-Chambre-1024x683.jpg 1024w, https:\/\/www.sofi64.com\/wp-content\/uploads\/2025\/05\/Famille-d_accueil-Chambre-768x512.jpg 768w, https:\/\/www.sofi64.com\/wp-content\/uploads\/2025\/05\/Famille-d_accueil-Chambre-1536x1024.jpg 1536w, https:\/\/www.sofi64.com\/wp-content\/uploads\/2025\/05\/Famille-d_accueil-Chambre-2048x1365.jpg 2048w, https:\/\/www.sofi64.com\/wp-content\/uploads\/2025\/05\/Famille-d_accueil-Chambre-120x80.jpg 120w\" sizes=\"auto, (max-width: 300px) 100vw, 300px\" \/>\n\t\t\t<\/dt><\/dl><dl class='gallery-item'>\n\t\t\t<dt class='gallery-icon landscape'>\n\t\t\t\t<img loading=\"lazy\" decoding=\"async\" width=\"300\" height=\"200\" src=\"https:\/\/www.sofi64.com\/wp-content\/uploads\/2025\/05\/Chambre-Famille-D_accueil-1-300x200.jpg\" class=\"attachment-medium size-medium\" alt=\"\" srcset=\"https:\/\/www.sofi64.com\/wp-content\/uploads\/2025\/05\/Chambre-Famille-D_accueil-1-300x200.jpg 300w, https:\/\/www.sofi64.com\/wp-content\/uploads\/2025\/05\/Chambre-Famille-D_accueil-1-1024x683.jpg 1024w, https:\/\/www.sofi64.com\/wp-content\/uploads\/2025\/05\/Chambre-Famille-D_accueil-1-768x512.jpg 768w, https:\/\/www.sofi64.com\/wp-content\/uploads\/2025\/05\/Chambre-Famille-D_accueil-1-1536x1024.jpg 1536w, https:\/\/www.sofi64.com\/wp-content\/uploads\/2025\/05\/Chambre-Famille-D_accueil-1-2048x1365.jpg 2048w, https:\/\/www.sofi64.com\/wp-content\/uploads\/2025\/05\/Chambre-Famille-D_accueil-1-120x80.jpg 120w\" sizes=\"auto, (max-width: 300px) 100vw, 300px\" \/>\n\t\t\t<\/dt><\/dl><br style=\"clear: both\" \/>\n\t\t<\/div>\n\n<div class=\"widget widget_text\">\n<h2 class=\"widgettitle\">TARIFS<\/h2>\n<div class=\"textwidget\">\n<p>PRIX PAR NUIT ET PAR PERSONNE<em> (6 NUITS ET PLUS)<\/em><\/p>\n<p><strong>Demi-pension :<\/strong>\u00a0petit-d\u00e9jeuner + d\u00eener en semaine<\/p>\n<table style=\"width: 45.1073%;\">\n<tbody>\n<tr>\n<th style=\"width: 46.549%;\">Chambre simple<\/th>\n<th style=\"width: 52.809%;\">Chambre double*<\/th>\n<\/tr>\n<tr>\n<td style=\"width: 46.549%; text-align: center;\">41\u20ac \/ nuit<\/td>\n<td style=\"width: 52.809%; text-align: center;\">37\u20ac \/ nuit<\/td>\n<\/tr>\n<\/tbody>\n<\/table>\n<p><strong>Pension simple :<\/strong>\u00a0petit-d\u00e9jeuner uniquement<\/p>\n<table style=\"width: 45.0089%; height: 48px;\">\n<tbody>\n<tr style=\"height: 24px;\">\n<th style=\"width: 47.1014%; text-align: center; height: 24px;\">Chambre simple<\/th>\n<th style=\"width: 178.417%; text-align: center; height: 24px;\">Chambre double*<\/th>\n<\/tr>\n<tr style=\"height: 24px;\">\n<td style=\"width: 47.1014%; height: 24px; text-align: center;\">33\u20ac \/ nuit<\/td>\n<td style=\"width: 178.417%; text-align: center;\">31\u20ac \/ nuit<\/td>\n<\/tr>\n<\/tbody>\n<\/table>\n<p>* Les chambres doubles sont disponibles pour les \u00e9tudiants qui voyagent par 2 (couples ou amis) et sont \u00e9quip\u00e9es soit de lits jumeaux soit d\u2019un lit double.<\/p>\n<p>Veuillez noter que pour le r\u00e9gime sans gluten, \u00a0il y aura un co\u00fbt suppl\u00e9mentaire de 20 euros semaine.<\/p>\n<p>&nbsp;<\/p>\n<\/div>\n<\/div>\n<\/div>\n<\/div>\n<\/div>\n<\/div>\n<\/div>\n<div class=\"vc_row wpb_row vc_row-fluid\">\n<div class=\"wpb_column vc_column_container vc_col-sm-12\">\n<div class=\"vc_column-inner\">\n<div class=\"wpb_wrapper\">\n<div class=\"vc_wp_text wpb_content_element\">\n<div class=\"widget widget_text\">\n<h2>NAMI HOUSE HOSTEL<\/h2>\n<div class=\"textwidget\">\n<p>Vous avez \u00e9galement la possibilit\u00e9 de loger \u00e0 l\u2019auberge Nami House (Pour toute r\u00e9servation, merci de les contacter directement).<\/p>\n<p>Plus qu\u2019un hostel, Nami House fonctionne comme une grande maison familiale partag\u00e9e par des voyageurs venus du monde entier.<br \/>\nDe type basque mais d\u00e9cor\u00e9e dans les styles hawa\u00efen et japonais, vous aurez \u00e0 disposition de nombreux espaces en commun : grand salon, v\u00e9randa, jardin avec diff\u00e9rents espaces pour se relaxer apr\u00e8s les cours, ainsi qu\u2019une grande cuisine enti\u00e8rement \u00e9quip\u00e9e.<br \/>\nNami House propose des couchages en dortoirs pour 4 \u00e0 5 personnes ou en chambre de type japonais (tatamis et futons) pour 2 personnes.<br \/>\nLe petit-d\u00e9jeuner est compris dans le prix de la nuit\u00e9e.<br \/>\nL\u2019hostel est id\u00e9alement situ\u00e9 \u00e0 10 minutes \u00e0 pied de <a href=\"https:\/\/www.sofi64.com\/fr\/\">votre \u00e9cole de fran\u00e7ais pr\u00e9f\u00e9r\u00e9e<\/a> par la piste cyclable, \u00e0 15 minutes \u00e0 pied de la plage des Sables d\u2019Or et \u00e0 300m de la place des Cinq Cantons avec ses petits commerces : sup\u00e9rette, boulangeries, march\u00e9, pharmacie, etc.<\/p>\n<div data-canvas-width=\"526.4893333333334\">\n<div id='gallery-2' class='gallery galleryid-558 gallery-columns-2 gallery-size-bloc_large'><dl class='gallery-item'>\n\t\t\t<dt class='gallery-icon landscape'>\n\t\t\t\t<img loading=\"lazy\" decoding=\"async\" width=\"718\" height=\"390\" src=\"https:\/\/www.sofi64.com\/wp-content\/uploads\/2025\/05\/nami-house-anglet-hawaiian-lounge-veranda-garden-718x390.jpg\" class=\"attachment-bloc_large size-bloc_large\" alt=\"\" \/>\n\t\t\t<\/dt><\/dl><dl class='gallery-item'>\n\t\t\t<dt class='gallery-icon landscape'>\n\t\t\t\t<img loading=\"lazy\" decoding=\"async\" width=\"718\" height=\"390\" src=\"https:\/\/www.sofi64.com\/wp-content\/uploads\/2025\/05\/nami-house-anglet-fire-rock-room-bunk-bed-door-view-718x390.jpg\" class=\"attachment-bloc_large size-bloc_large\" alt=\"\" \/>\n\t\t\t<\/dt><\/dl><br style=\"clear: both\" \/>\n\t\t<\/div>\n\n<\/div>\n<div data-canvas-width=\"526.4893333333334\"><\/div>\n<\/div>\n<\/div>\n<\/div>\n<\/div>\n<\/div>\n<\/div>\n<\/div>\n<div class=\"vc_row wpb_row vc_row-fluid\">\n<div class=\"wpb_column vc_column_container vc_col-sm-12\">\n<div class=\"vc_column-inner\">\n<div class=\"wpb_wrapper\">\n<div class=\"vc_wp_text wpb_content_element\">\n<div class=\"widget widget_text\">\n<h2 class=\"widgettitle\">SPOT SLEEPING<\/h2>\n<div class=\"textwidget\">\n<p>Si vous \u00eates un voyageur ind\u00e9pendant qui souhaite s\u00e9journer encore plus pr\u00e8s de\u00a0<strong>SOFI 64<\/strong>\u00a0dans une auberge tr\u00e8s centrale proche des commerces locaux, alors Spot Sleeping est votre auberge. Nos \u00e9tudiants b\u00e9n\u00e9ficient d\u2019une offre sp\u00e9ciale lorsqu\u2019ils s\u2019inscrivent \u00e0 l\u2019un de nos programmes \u00a0de fran\u00e7ais.<br \/>\n<em>Veuillez contacter\u00a0<a href=\"https:\/\/spot-sleeping.com\/\" target=\"_blank\" rel=\"noopener\"><strong>Spot Sleeping<\/strong><\/a>\u00a0directement pour toute r\u00e9servation.<\/em><\/p>\n<p>&nbsp;<\/p>\n<\/div>\n<\/div>\n<\/div>\n<\/div>\n<h2>HOTEL &amp; COLIVING<\/h2>\n<\/div>\n<\/div>\n<\/div>\n<div class=\"vc_row wpb_row vc_row-fluid\">\n<div class=\"wpb_column vc_column_container vc_col-sm-12\">\n<div class=\"vc_column-inner\">\n<div class=\"wpb_wrapper\">\n<div class=\"vc_wp_text wpb_content_element\">\n<div class=\"widget widget_text\">\n<p>Un autre nos partenaires vous propose un concept hybride entre la maison d\u2019h\u00f4te et le boutique-h\u00f4tel. Le Saint-Charles est un lieu authentique, inscrit dans son temps avec son concept de \u00ab Coliving\u00bb pens\u00e9 comme un lieu de vie et d\u2019\u00e9change ouvert \u00e0 tous, participant aussi \u00e0 la vie locale. De nombreux espaces communs sont mis \u00e0 disposition de la client\u00e8le qui pourra jouir d\u2019une chambre privative tout en b\u00e9n\u00e9ficiant des services h\u00f4teliers, travailler dans le salon coworking ou se relaxer dans le jardin luxuriant; tout cela en \u00e9tant \u00e0 proximit\u00e9 de la plage et du centre !<br \/>\nLe Saint-Charles est situ\u00e9 \u00e0 10 minutes \u00e0 v\u00e9lo (ou en bus) de SOFI 64.<br \/>\n(Pour toute r\u00e9servation, merci de les contacter directement).<\/p>\n<div class=\"textwidget\">\n<div id='gallery-3' class='gallery galleryid-558 gallery-columns-2 gallery-size-bloc_small'><dl class='gallery-item'>\n\t\t\t<dt class='gallery-icon portrait'>\n\t\t\t\t<img loading=\"lazy\" decoding=\"async\" width=\"340\" height=\"390\" src=\"https:\/\/www.sofi64.com\/wp-content\/uploads\/2025\/06\/Saint-Charles-Chambre-1-340x390.jpg\" class=\"attachment-bloc_small size-bloc_small\" alt=\"\" \/>\n\t\t\t<\/dt><\/dl><dl class='gallery-item'>\n\t\t\t<dt class='gallery-icon portrait'>\n\t\t\t\t<img loading=\"lazy\" decoding=\"async\" width=\"340\" height=\"390\" src=\"https:\/\/www.sofi64.com\/wp-content\/uploads\/2025\/06\/Saint-Charles-Chambre-2-340x390.jpg\" class=\"attachment-bloc_small size-bloc_small\" alt=\"\" \/>\n\t\t\t<\/dt><\/dl><br style=\"clear: both\" \/>\n\t\t<\/div>\n\n<\/div>\n<\/div>\n<\/div>\n<\/div>\n<\/div>\n<\/div>\n<\/div>\n","protected":false},"excerpt":{"rendered":"<p>Elles vous offrent une\u00a0chambre individuelle et confortable, le petit-d\u00e9jeuner ainsi que le d\u00eener. Nous nous effor\u00e7ons de placer\u00a0dans une m\u00eame famille des \u00e9tudiants de nationalit\u00e9s diff\u00e9rentes\u00a0dans la mesure des disponibilit\u00e9s. TARIFS PRIX PAR NUIT ET PAR PERSONNE (6 NUITS ET PLUS) Demi-pension :\u00a0petit-d\u00e9jeuner + d\u00eener en semaine Chambre simple Chambre double* 41\u20ac \/ nuit 37\u20ac [&hellip;]<\/p>\n","protected":false},"author":1,"featured_media":0,"parent":0,"menu_order":4,"comment_status":"closed","ping_status":"closed","template":"page-biarritz-anglet.php","meta":{"_acf_changed":false,"footnotes":""},"class_list":["post-558","page","type-page","status-publish","hentry"],"acf":[],"yoast_head":"<!-- This site is optimized with the Yoast SEO plugin v27.3 - https:\/\/yoast.com\/product\/yoast-seo-wordpress\/ -->\n<title>H\u00e9bergement | SOFI 64<\/title>\n<meta name=\"description\" content=\"Trouvez votre h\u00e9bergement \u00e0 Biarritz avec SOFI 64 : familles d&#039;accueil, hostel ou hotel pour une immersion totale dans la culture fran\u00e7aise.\" \/>\n<meta name=\"robots\" content=\"index, follow, max-snippet:-1, max-image-preview:large, max-video-preview:-1\" \/>\n<link rel=\"canonical\" href=\"https:\/\/www.sofi64.com\/fr\/hebergement\/\" \/>\n<meta property=\"og:locale\" content=\"fr_FR\" \/>\n<meta property=\"og:type\" content=\"article\" \/>\n<meta property=\"og:title\" content=\"H\u00e9bergement | SOFI 64\" \/>\n<meta property=\"og:description\" content=\"Trouvez votre h\u00e9bergement \u00e0 Biarritz avec SOFI 64 : familles d&#039;accueil, hostel ou hotel pour une immersion totale dans la culture fran\u00e7aise.\" \/>\n<meta property=\"og:url\" content=\"https:\/\/www.sofi64.com\/fr\/hebergement\/\" \/>\n<meta property=\"og:site_name\" content=\"SOFI 64\" \/>\n<meta property=\"article:modified_time\" content=\"2026-01-12T14:21:52+00:00\" \/>\n<meta name=\"twitter:card\" content=\"summary_large_image\" \/>\n<meta name=\"twitter:label1\" content=\"Dur\u00e9e de lecture estim\u00e9e\" \/>\n\t<meta name=\"twitter:data1\" content=\"3 minutes\" \/>\n<script type=\"application\/ld+json\" class=\"yoast-schema-graph\">{\"@context\":\"https:\\\/\\\/schema.org\",\"@graph\":[{\"@type\":\"WebPage\",\"@id\":\"https:\\\/\\\/www.sofi64.com\\\/fr\\\/hebergement\\\/\",\"url\":\"https:\\\/\\\/www.sofi64.com\\\/fr\\\/hebergement\\\/\",\"name\":\"H\u00e9bergement | SOFI 64\",\"isPartOf\":{\"@id\":\"https:\\\/\\\/www.sofi64.com\\\/#website\"},\"datePublished\":\"2025-05-12T08:04:56+00:00\",\"dateModified\":\"2026-01-12T14:21:52+00:00\",\"description\":\"Trouvez votre h\u00e9bergement \u00e0 Biarritz avec SOFI 64 : familles d'accueil, hostel ou hotel pour une immersion totale dans la culture fran\u00e7aise.\",\"breadcrumb\":{\"@id\":\"https:\\\/\\\/www.sofi64.com\\\/fr\\\/hebergement\\\/#breadcrumb\"},\"inLanguage\":\"fr-FR\",\"potentialAction\":[{\"@type\":\"ReadAction\",\"target\":[\"https:\\\/\\\/www.sofi64.com\\\/fr\\\/hebergement\\\/\"]}]},{\"@type\":\"BreadcrumbList\",\"@id\":\"https:\\\/\\\/www.sofi64.com\\\/fr\\\/hebergement\\\/#breadcrumb\",\"itemListElement\":[{\"@type\":\"ListItem\",\"position\":1,\"name\":\"Home\",\"item\":\"https:\\\/\\\/www.sofi64.com\\\/fr\\\/\"},{\"@type\":\"ListItem\",\"position\":2,\"name\":\"H\u00e9bergement\"}]},{\"@type\":\"WebSite\",\"@id\":\"https:\\\/\\\/www.sofi64.com\\\/#website\",\"url\":\"https:\\\/\\\/www.sofi64.com\\\/\",\"name\":\"SOFI 64 French Language School\",\"description\":\"\",\"potentialAction\":[{\"@type\":\"SearchAction\",\"target\":{\"@type\":\"EntryPoint\",\"urlTemplate\":\"https:\\\/\\\/www.sofi64.com\\\/?s={search_term_string}\"},\"query-input\":{\"@type\":\"PropertyValueSpecification\",\"valueRequired\":true,\"valueName\":\"search_term_string\"}}],\"inLanguage\":\"fr-FR\"}]}<\/script>\n<!-- \/ Yoast SEO plugin. -->","yoast_head_json":{"title":"H\u00e9bergement | SOFI 64","description":"Trouvez votre h\u00e9bergement \u00e0 Biarritz avec SOFI 64 : familles d'accueil, hostel ou hotel pour une immersion totale dans la culture fran\u00e7aise.","robots":{"index":"index","follow":"follow","max-snippet":"max-snippet:-1","max-image-preview":"max-image-preview:large","max-video-preview":"max-video-preview:-1"},"canonical":"https:\/\/www.sofi64.com\/fr\/hebergement\/","og_locale":"fr_FR","og_type":"article","og_title":"H\u00e9bergement | SOFI 64","og_description":"Trouvez votre h\u00e9bergement \u00e0 Biarritz avec SOFI 64 : familles d'accueil, hostel ou hotel pour une immersion totale dans la culture fran\u00e7aise.","og_url":"https:\/\/www.sofi64.com\/fr\/hebergement\/","og_site_name":"SOFI 64","article_modified_time":"2026-01-12T14:21:52+00:00","twitter_card":"summary_large_image","twitter_misc":{"Dur\u00e9e de lecture estim\u00e9e":"3 minutes"},"schema":{"@context":"https:\/\/schema.org","@graph":[{"@type":"WebPage","@id":"https:\/\/www.sofi64.com\/fr\/hebergement\/","url":"https:\/\/www.sofi64.com\/fr\/hebergement\/","name":"H\u00e9bergement | SOFI 64","isPartOf":{"@id":"https:\/\/www.sofi64.com\/#website"},"datePublished":"2025-05-12T08:04:56+00:00","dateModified":"2026-01-12T14:21:52+00:00","description":"Trouvez votre h\u00e9bergement \u00e0 Biarritz avec SOFI 64 : familles d'accueil, hostel ou hotel pour une immersion totale dans la culture fran\u00e7aise.","breadcrumb":{"@id":"https:\/\/www.sofi64.com\/fr\/hebergement\/#breadcrumb"},"inLanguage":"fr-FR","potentialAction":[{"@type":"ReadAction","target":["https:\/\/www.sofi64.com\/fr\/hebergement\/"]}]},{"@type":"BreadcrumbList","@id":"https:\/\/www.sofi64.com\/fr\/hebergement\/#breadcrumb","itemListElement":[{"@type":"ListItem","position":1,"name":"Home","item":"https:\/\/www.sofi64.com\/fr\/"},{"@type":"ListItem","position":2,"name":"H\u00e9bergement"}]},{"@type":"WebSite","@id":"https:\/\/www.sofi64.com\/#website","url":"https:\/\/www.sofi64.com\/","name":"SOFI 64 French Language School","description":"","potentialAction":[{"@type":"SearchAction","target":{"@type":"EntryPoint","urlTemplate":"https:\/\/www.sofi64.com\/?s={search_term_string}"},"query-input":{"@type":"PropertyValueSpecification","valueRequired":true,"valueName":"search_term_string"}}],"inLanguage":"fr-FR"}]}},"_links":{"self":[{"href":"https:\/\/www.sofi64.com\/fr\/wp-json\/wp\/v2\/pages\/558","targetHints":{"allow":["GET"]}}],"collection":[{"href":"https:\/\/www.sofi64.com\/fr\/wp-json\/wp\/v2\/pages"}],"about":[{"href":"https:\/\/www.sofi64.com\/fr\/wp-json\/wp\/v2\/types\/page"}],"author":[{"embeddable":true,"href":"https:\/\/www.sofi64.com\/fr\/wp-json\/wp\/v2\/users\/1"}],"replies":[{"embeddable":true,"href":"https:\/\/www.sofi64.com\/fr\/wp-json\/wp\/v2\/comments?post=558"}],"version-history":[{"count":46,"href":"https:\/\/www.sofi64.com\/fr\/wp-json\/wp\/v2\/pages\/558\/revisions"}],"predecessor-version":[{"id":5578,"href":"https:\/\/www.sofi64.com\/fr\/wp-json\/wp\/v2\/pages\/558\/revisions\/5578"}],"wp:attachment":[{"href":"https:\/\/www.sofi64.com\/fr\/wp-json\/wp\/v2\/media?parent=558"}],"curies":[{"name":"wp","href":"https:\/\/api.w.org\/{rel}","templated":true}]}}