{"id":560,"date":"2025-05-12T10:05:41","date_gmt":"2025-05-12T08:05:41","guid":{"rendered":"http:\/\/localhost:8888\/sofi64?page_id=560"},"modified":"2025-06-18T19:17:20","modified_gmt":"2025-06-18T17:17:20","slug":"contact","status":"publish","type":"page","link":"https:\/\/www.sofi64.com\/fr\/contact\/","title":{"rendered":"Contact"},"content":{"rendered":"<h2>\u00e0 votre \u00e9coute<\/h2>\n<p><strong>+33(0)5 59 45 79 33 <\/strong><\/p>\n<p>info@sofi64.com<\/p>\n<p>13 Bis, Rue de Bouney<br \/>\n64600 Anglet, France<\/p>\n<p><img loading=\"lazy\" decoding=\"async\" class=\"aligncenter wp-image-343 size-logo\" src=\"http:\/\/localhost:8888\/sofi64\/wp-content\/uploads\/2025\/05\/logo-footer-112x120.png\" alt=\"\" width=\"112\" height=\"120\" srcset=\"https:\/\/www.sofi64.com\/wp-content\/uploads\/2025\/05\/logo-footer-112x120.png 112w, https:\/\/www.sofi64.com\/wp-content\/uploads\/2025\/05\/logo-footer.png 204w\" sizes=\"auto, (max-width: 112px) 100vw, 112px\" \/><\/p>\n","protected":false},"excerpt":{"rendered":"<p>\u00e0 votre \u00e9coute +33(0)5 59 45 79 33 info@sofi64.com 13 Bis, Rue de Bouney 64600 Anglet, France<\/p>\n","protected":false},"author":1,"featured_media":0,"parent":0,"menu_order":6,"comment_status":"closed","ping_status":"closed","template":"page-contact.php","meta":{"_acf_changed":false,"footnotes":""},"class_list":["post-560","page","type-page","status-publish","hentry"],"acf":[],"yoast_head":"<!-- This site is optimized with the Yoast SEO plugin v27.3 - https:\/\/yoast.com\/product\/yoast-seo-wordpress\/ -->\n<title>Contact | SOFI 64<\/title>\n<meta name=\"description\" content=\"Contactez SOFI 64 pour en savoir plus sur nos cours de fran\u00e7ais, nos activit\u00e9s et nos h\u00e9bergements \u00e0 Anglet. Nous sommes \u00e0 votre \u00e9coute pour r\u00e9pondre \u00e0 vos questions.\" \/>\n<meta name=\"robots\" content=\"index, follow, max-snippet:-1, max-image-preview:large, max-video-preview:-1\" \/>\n<link rel=\"canonical\" href=\"https:\/\/www.sofi64.com\/fr\/contact\/\" \/>\n<meta property=\"og:locale\" content=\"fr_FR\" \/>\n<meta property=\"og:type\" content=\"article\" \/>\n<meta property=\"og:title\" content=\"Contact | SOFI 64\" \/>\n<meta property=\"og:description\" content=\"Contactez SOFI 64 pour en savoir plus sur nos cours de fran\u00e7ais, nos activit\u00e9s et nos h\u00e9bergements \u00e0 Anglet. Nous sommes \u00e0 votre \u00e9coute pour r\u00e9pondre \u00e0 vos questions.\" \/>\n<meta property=\"og:url\" content=\"https:\/\/www.sofi64.com\/fr\/contact\/\" \/>\n<meta property=\"og:site_name\" content=\"SOFI 64\" \/>\n<meta property=\"article:modified_time\" content=\"2025-06-18T17:17:20+00:00\" \/>\n<meta property=\"og:image\" content=\"https:\/\/www.sofi64.com\/wp-content\/uploads\/2025\/05\/logo-footer.png\" \/>\n\t<meta property=\"og:image:width\" content=\"204\" \/>\n\t<meta property=\"og:image:height\" content=\"218\" \/>\n\t<meta property=\"og:image:type\" content=\"image\/png\" \/>\n<meta name=\"twitter:card\" content=\"summary_large_image\" \/>\n<meta name=\"twitter:label1\" content=\"Dur\u00e9e de lecture estim\u00e9e\" \/>\n\t<meta name=\"twitter:data1\" content=\"1 minute\" \/>\n<script type=\"application\/ld+json\" class=\"yoast-schema-graph\">{\"@context\":\"https:\\\/\\\/schema.org\",\"@graph\":[{\"@type\":\"WebPage\",\"@id\":\"https:\\\/\\\/www.sofi64.com\\\/fr\\\/contact\\\/\",\"url\":\"https:\\\/\\\/www.sofi64.com\\\/fr\\\/contact\\\/\",\"name\":\"Contact | SOFI 64\",\"isPartOf\":{\"@id\":\"https:\\\/\\\/www.sofi64.com\\\/#website\"},\"primaryImageOfPage\":{\"@id\":\"https:\\\/\\\/www.sofi64.com\\\/fr\\\/contact\\\/#primaryimage\"},\"image\":{\"@id\":\"https:\\\/\\\/www.sofi64.com\\\/fr\\\/contact\\\/#primaryimage\"},\"thumbnailUrl\":\"http:\\\/\\\/localhost:8888\\\/sofi64\\\/wp-content\\\/uploads\\\/2025\\\/05\\\/logo-footer-112x120.png\",\"datePublished\":\"2025-05-12T08:05:41+00:00\",\"dateModified\":\"2025-06-18T17:17:20+00:00\",\"description\":\"Contactez SOFI 64 pour en savoir plus sur nos cours de fran\u00e7ais, nos activit\u00e9s et nos h\u00e9bergements \u00e0 Anglet. Nous sommes \u00e0 votre \u00e9coute pour r\u00e9pondre \u00e0 vos questions.\",\"breadcrumb\":{\"@id\":\"https:\\\/\\\/www.sofi64.com\\\/fr\\\/contact\\\/#breadcrumb\"},\"inLanguage\":\"fr-FR\",\"potentialAction\":[{\"@type\":\"ReadAction\",\"target\":[\"https:\\\/\\\/www.sofi64.com\\\/fr\\\/contact\\\/\"]}]},{\"@type\":\"ImageObject\",\"inLanguage\":\"fr-FR\",\"@id\":\"https:\\\/\\\/www.sofi64.com\\\/fr\\\/contact\\\/#primaryimage\",\"url\":\"http:\\\/\\\/localhost:8888\\\/sofi64\\\/wp-content\\\/uploads\\\/2025\\\/05\\\/logo-footer-112x120.png\",\"contentUrl\":\"http:\\\/\\\/localhost:8888\\\/sofi64\\\/wp-content\\\/uploads\\\/2025\\\/05\\\/logo-footer-112x120.png\"},{\"@type\":\"BreadcrumbList\",\"@id\":\"https:\\\/\\\/www.sofi64.com\\\/fr\\\/contact\\\/#breadcrumb\",\"itemListElement\":[{\"@type\":\"ListItem\",\"position\":1,\"name\":\"Home\",\"item\":\"https:\\\/\\\/www.sofi64.com\\\/fr\\\/\"},{\"@type\":\"ListItem\",\"position\":2,\"name\":\"Contact\"}]},{\"@type\":\"WebSite\",\"@id\":\"https:\\\/\\\/www.sofi64.com\\\/#website\",\"url\":\"https:\\\/\\\/www.sofi64.com\\\/\",\"name\":\"SOFI 64 French Language School\",\"description\":\"\",\"potentialAction\":[{\"@type\":\"SearchAction\",\"target\":{\"@type\":\"EntryPoint\",\"urlTemplate\":\"https:\\\/\\\/www.sofi64.com\\\/?s={search_term_string}\"},\"query-input\":{\"@type\":\"PropertyValueSpecification\",\"valueRequired\":true,\"valueName\":\"search_term_string\"}}],\"inLanguage\":\"fr-FR\"}]}<\/script>\n<!-- \/ Yoast SEO plugin. -->","yoast_head_json":{"title":"Contact | SOFI 64","description":"Contactez SOFI 64 pour en savoir plus sur nos cours de fran\u00e7ais, nos activit\u00e9s et nos h\u00e9bergements \u00e0 Anglet. Nous sommes \u00e0 votre \u00e9coute pour r\u00e9pondre \u00e0 vos questions.","robots":{"index":"index","follow":"follow","max-snippet":"max-snippet:-1","max-image-preview":"max-image-preview:large","max-video-preview":"max-video-preview:-1"},"canonical":"https:\/\/www.sofi64.com\/fr\/contact\/","og_locale":"fr_FR","og_type":"article","og_title":"Contact | SOFI 64","og_description":"Contactez SOFI 64 pour en savoir plus sur nos cours de fran\u00e7ais, nos activit\u00e9s et nos h\u00e9bergements \u00e0 Anglet. Nous sommes \u00e0 votre \u00e9coute pour r\u00e9pondre \u00e0 vos questions.","og_url":"https:\/\/www.sofi64.com\/fr\/contact\/","og_site_name":"SOFI 64","article_modified_time":"2025-06-18T17:17:20+00:00","og_image":[{"width":204,"height":218,"url":"https:\/\/www.sofi64.com\/wp-content\/uploads\/2025\/05\/logo-footer.png","type":"image\/png"}],"twitter_card":"summary_large_image","twitter_misc":{"Dur\u00e9e de lecture estim\u00e9e":"1 minute"},"schema":{"@context":"https:\/\/schema.org","@graph":[{"@type":"WebPage","@id":"https:\/\/www.sofi64.com\/fr\/contact\/","url":"https:\/\/www.sofi64.com\/fr\/contact\/","name":"Contact | SOFI 64","isPartOf":{"@id":"https:\/\/www.sofi64.com\/#website"},"primaryImageOfPage":{"@id":"https:\/\/www.sofi64.com\/fr\/contact\/#primaryimage"},"image":{"@id":"https:\/\/www.sofi64.com\/fr\/contact\/#primaryimage"},"thumbnailUrl":"http:\/\/localhost:8888\/sofi64\/wp-content\/uploads\/2025\/05\/logo-footer-112x120.png","datePublished":"2025-05-12T08:05:41+00:00","dateModified":"2025-06-18T17:17:20+00:00","description":"Contactez SOFI 64 pour en savoir plus sur nos cours de fran\u00e7ais, nos activit\u00e9s et nos h\u00e9bergements \u00e0 Anglet. Nous sommes \u00e0 votre \u00e9coute pour r\u00e9pondre \u00e0 vos questions.","breadcrumb":{"@id":"https:\/\/www.sofi64.com\/fr\/contact\/#breadcrumb"},"inLanguage":"fr-FR","potentialAction":[{"@type":"ReadAction","target":["https:\/\/www.sofi64.com\/fr\/contact\/"]}]},{"@type":"ImageObject","inLanguage":"fr-FR","@id":"https:\/\/www.sofi64.com\/fr\/contact\/#primaryimage","url":"http:\/\/localhost:8888\/sofi64\/wp-content\/uploads\/2025\/05\/logo-footer-112x120.png","contentUrl":"http:\/\/localhost:8888\/sofi64\/wp-content\/uploads\/2025\/05\/logo-footer-112x120.png"},{"@type":"BreadcrumbList","@id":"https:\/\/www.sofi64.com\/fr\/contact\/#breadcrumb","itemListElement":[{"@type":"ListItem","position":1,"name":"Home","item":"https:\/\/www.sofi64.com\/fr\/"},{"@type":"ListItem","position":2,"name":"Contact"}]},{"@type":"WebSite","@id":"https:\/\/www.sofi64.com\/#website","url":"https:\/\/www.sofi64.com\/","name":"SOFI 64 French Language School","description":"","potentialAction":[{"@type":"SearchAction","target":{"@type":"EntryPoint","urlTemplate":"https:\/\/www.sofi64.com\/?s={search_term_string}"},"query-input":{"@type":"PropertyValueSpecification","valueRequired":true,"valueName":"search_term_string"}}],"inLanguage":"fr-FR"}]}},"_links":{"self":[{"href":"https:\/\/www.sofi64.com\/fr\/wp-json\/wp\/v2\/pages\/560","targetHints":{"allow":["GET"]}}],"collection":[{"href":"https:\/\/www.sofi64.com\/fr\/wp-json\/wp\/v2\/pages"}],"about":[{"href":"https:\/\/www.sofi64.com\/fr\/wp-json\/wp\/v2\/types\/page"}],"author":[{"embeddable":true,"href":"https:\/\/www.sofi64.com\/fr\/wp-json\/wp\/v2\/users\/1"}],"replies":[{"embeddable":true,"href":"https:\/\/www.sofi64.com\/fr\/wp-json\/wp\/v2\/comments?post=560"}],"version-history":[{"count":3,"href":"https:\/\/www.sofi64.com\/fr\/wp-json\/wp\/v2\/pages\/560\/revisions"}],"predecessor-version":[{"id":2694,"href":"https:\/\/www.sofi64.com\/fr\/wp-json\/wp\/v2\/pages\/560\/revisions\/2694"}],"wp:attachment":[{"href":"https:\/\/www.sofi64.com\/fr\/wp-json\/wp\/v2\/media?parent=560"}],"curies":[{"name":"wp","href":"https:\/\/api.w.org\/{rel}","templated":true}]}}