{"id":564,"date":"2025-05-12T10:06:12","date_gmt":"2025-05-12T08:06:12","guid":{"rendered":"http:\/\/localhost:8888\/sofi64?page_id=564"},"modified":"2026-03-04T12:06:56","modified_gmt":"2026-03-04T11:06:56","slug":"mentions-legales","status":"publish","type":"page","link":"https:\/\/www.sofi64.com\/fr\/mentions-legales\/","title":{"rendered":"Mentions l\u00e9gales"},"content":{"rendered":"<p><strong>Sud-Ouest French Institute 64 \u2013 SOFI 64<\/strong><\/p>\n<p><strong>Raison Sociale:<\/strong>\u00a0<strong>SOFI 64<br \/>\nAdresse<\/strong>\u00a0<strong>:<\/strong> 13 bis, rue de bouney. 64600 Anglet, France.<br \/>\n<strong>Num\u00e9ro de t\u00e9l\u00e9phone<\/strong>\u00a0<strong>:<\/strong>\u00a0+335.59.45.79.23<strong><br \/>\nCourriel\u00a0:<\/strong>\u00a0info@sofi64.com<br \/>\n<strong>Capital Social :<\/strong>\u00a0SARL au capital de 1100 \u20ac .\u00a0\u00a0<strong>Siret:<\/strong>\u00a053094189700023<br \/>\n<strong>Num\u00e9ro TVA Intracommunautaire\u00a0:<\/strong>\u00a0FR 52 530 941 897<br \/>\n<strong>Directrice de la publication :<\/strong>\u00a0St\u00e9phanie HOUSET<\/p>\n<p><strong>H\u00e9bergement : <\/strong>Bonbay Conseils. 6 rue de la Passerelle. 33100 Bordeaux.<\/p>\n<p><strong>Cr\u00e9dit Photos : <\/strong>SOFI 64, RiBlanc, Office de Tourisme d&rsquo;Anglet.<\/p>\n","protected":false},"excerpt":{"rendered":"<p>Sud-Ouest French Institute 64 \u2013 SOFI 64 Raison Sociale:\u00a0SOFI 64 Adresse\u00a0: 13 bis, rue de bouney. 64600 Anglet, France. Num\u00e9ro de t\u00e9l\u00e9phone\u00a0:\u00a0+335.59.45.79.23 Courriel\u00a0:\u00a0info@sofi64.com Capital Social :\u00a0SARL au capital de 1100 \u20ac .\u00a0\u00a0Siret:\u00a053094189700023 Num\u00e9ro TVA Intracommunautaire\u00a0:\u00a0FR 52 530 941 897 Directrice de la publication :\u00a0St\u00e9phanie HOUSET H\u00e9bergement : Bonbay Conseils. 6 rue de la Passerelle. 33100 [&hellip;]<\/p>\n","protected":false},"author":1,"featured_media":0,"parent":0,"menu_order":12,"comment_status":"closed","ping_status":"closed","template":"","meta":{"_acf_changed":false,"footnotes":""},"class_list":["post-564","page","type-page","status-publish","hentry"],"acf":[],"yoast_head":"<!-- This site is optimized with the Yoast SEO plugin v27.3 - https:\/\/yoast.com\/product\/yoast-seo-wordpress\/ -->\n<title>Mentions l\u00e9gales | SOFI 64<\/title>\n<meta name=\"robots\" content=\"index, follow, max-snippet:-1, max-image-preview:large, max-video-preview:-1\" \/>\n<link rel=\"canonical\" href=\"https:\/\/www.sofi64.com\/fr\/mentions-legales\/\" \/>\n<meta property=\"og:locale\" content=\"fr_FR\" \/>\n<meta property=\"og:type\" content=\"article\" \/>\n<meta property=\"og:title\" content=\"Mentions l\u00e9gales | SOFI 64\" \/>\n<meta property=\"og:description\" content=\"Sud-Ouest French Institute 64 \u2013 SOFI 64 Raison Sociale:\u00a0SOFI 64 Adresse\u00a0: 13 bis, rue de bouney. 64600 Anglet, France. Num\u00e9ro de t\u00e9l\u00e9phone\u00a0:\u00a0+335.59.45.79.23 Courriel\u00a0:\u00a0info@sofi64.com Capital Social :\u00a0SARL au capital de 1100 \u20ac .\u00a0\u00a0Siret:\u00a053094189700023 Num\u00e9ro TVA Intracommunautaire\u00a0:\u00a0FR 52 530 941 897 Directrice de la publication :\u00a0St\u00e9phanie HOUSET H\u00e9bergement : Bonbay Conseils. 6 rue de la Passerelle. 33100 [&hellip;]\" \/>\n<meta property=\"og:url\" content=\"https:\/\/www.sofi64.com\/fr\/mentions-legales\/\" \/>\n<meta property=\"og:site_name\" content=\"SOFI 64\" \/>\n<meta property=\"article:modified_time\" content=\"2026-03-04T11:06:56+00:00\" \/>\n<meta name=\"twitter:card\" content=\"summary_large_image\" \/>\n<meta name=\"twitter:label1\" content=\"Dur\u00e9e de lecture estim\u00e9e\" \/>\n\t<meta name=\"twitter:data1\" content=\"1 minute\" \/>\n<script type=\"application\/ld+json\" class=\"yoast-schema-graph\">{\"@context\":\"https:\\\/\\\/schema.org\",\"@graph\":[{\"@type\":\"WebPage\",\"@id\":\"https:\\\/\\\/www.sofi64.com\\\/fr\\\/mentions-legales\\\/\",\"url\":\"https:\\\/\\\/www.sofi64.com\\\/fr\\\/mentions-legales\\\/\",\"name\":\"Mentions l\u00e9gales | SOFI 64\",\"isPartOf\":{\"@id\":\"https:\\\/\\\/www.sofi64.com\\\/#website\"},\"datePublished\":\"2025-05-12T08:06:12+00:00\",\"dateModified\":\"2026-03-04T11:06:56+00:00\",\"breadcrumb\":{\"@id\":\"https:\\\/\\\/www.sofi64.com\\\/fr\\\/mentions-legales\\\/#breadcrumb\"},\"inLanguage\":\"fr-FR\",\"potentialAction\":[{\"@type\":\"ReadAction\",\"target\":[\"https:\\\/\\\/www.sofi64.com\\\/fr\\\/mentions-legales\\\/\"]}]},{\"@type\":\"BreadcrumbList\",\"@id\":\"https:\\\/\\\/www.sofi64.com\\\/fr\\\/mentions-legales\\\/#breadcrumb\",\"itemListElement\":[{\"@type\":\"ListItem\",\"position\":1,\"name\":\"Home\",\"item\":\"https:\\\/\\\/www.sofi64.com\\\/fr\\\/\"},{\"@type\":\"ListItem\",\"position\":2,\"name\":\"Mentions l\u00e9gales\"}]},{\"@type\":\"WebSite\",\"@id\":\"https:\\\/\\\/www.sofi64.com\\\/#website\",\"url\":\"https:\\\/\\\/www.sofi64.com\\\/\",\"name\":\"SOFI 64 French Language School\",\"description\":\"\",\"potentialAction\":[{\"@type\":\"SearchAction\",\"target\":{\"@type\":\"EntryPoint\",\"urlTemplate\":\"https:\\\/\\\/www.sofi64.com\\\/?s={search_term_string}\"},\"query-input\":{\"@type\":\"PropertyValueSpecification\",\"valueRequired\":true,\"valueName\":\"search_term_string\"}}],\"inLanguage\":\"fr-FR\"}]}<\/script>\n<!-- \/ Yoast SEO plugin. -->","yoast_head_json":{"title":"Mentions l\u00e9gales | SOFI 64","robots":{"index":"index","follow":"follow","max-snippet":"max-snippet:-1","max-image-preview":"max-image-preview:large","max-video-preview":"max-video-preview:-1"},"canonical":"https:\/\/www.sofi64.com\/fr\/mentions-legales\/","og_locale":"fr_FR","og_type":"article","og_title":"Mentions l\u00e9gales | SOFI 64","og_description":"Sud-Ouest French Institute 64 \u2013 SOFI 64 Raison Sociale:\u00a0SOFI 64 Adresse\u00a0: 13 bis, rue de bouney. 64600 Anglet, France. Num\u00e9ro de t\u00e9l\u00e9phone\u00a0:\u00a0+335.59.45.79.23 Courriel\u00a0:\u00a0info@sofi64.com Capital Social :\u00a0SARL au capital de 1100 \u20ac .\u00a0\u00a0Siret:\u00a053094189700023 Num\u00e9ro TVA Intracommunautaire\u00a0:\u00a0FR 52 530 941 897 Directrice de la publication :\u00a0St\u00e9phanie HOUSET H\u00e9bergement : Bonbay Conseils. 6 rue de la Passerelle. 33100 [&hellip;]","og_url":"https:\/\/www.sofi64.com\/fr\/mentions-legales\/","og_site_name":"SOFI 64","article_modified_time":"2026-03-04T11:06:56+00:00","twitter_card":"summary_large_image","twitter_misc":{"Dur\u00e9e de lecture estim\u00e9e":"1 minute"},"schema":{"@context":"https:\/\/schema.org","@graph":[{"@type":"WebPage","@id":"https:\/\/www.sofi64.com\/fr\/mentions-legales\/","url":"https:\/\/www.sofi64.com\/fr\/mentions-legales\/","name":"Mentions l\u00e9gales | SOFI 64","isPartOf":{"@id":"https:\/\/www.sofi64.com\/#website"},"datePublished":"2025-05-12T08:06:12+00:00","dateModified":"2026-03-04T11:06:56+00:00","breadcrumb":{"@id":"https:\/\/www.sofi64.com\/fr\/mentions-legales\/#breadcrumb"},"inLanguage":"fr-FR","potentialAction":[{"@type":"ReadAction","target":["https:\/\/www.sofi64.com\/fr\/mentions-legales\/"]}]},{"@type":"BreadcrumbList","@id":"https:\/\/www.sofi64.com\/fr\/mentions-legales\/#breadcrumb","itemListElement":[{"@type":"ListItem","position":1,"name":"Home","item":"https:\/\/www.sofi64.com\/fr\/"},{"@type":"ListItem","position":2,"name":"Mentions l\u00e9gales"}]},{"@type":"WebSite","@id":"https:\/\/www.sofi64.com\/#website","url":"https:\/\/www.sofi64.com\/","name":"SOFI 64 French Language School","description":"","potentialAction":[{"@type":"SearchAction","target":{"@type":"EntryPoint","urlTemplate":"https:\/\/www.sofi64.com\/?s={search_term_string}"},"query-input":{"@type":"PropertyValueSpecification","valueRequired":true,"valueName":"search_term_string"}}],"inLanguage":"fr-FR"}]}},"_links":{"self":[{"href":"https:\/\/www.sofi64.com\/fr\/wp-json\/wp\/v2\/pages\/564","targetHints":{"allow":["GET"]}}],"collection":[{"href":"https:\/\/www.sofi64.com\/fr\/wp-json\/wp\/v2\/pages"}],"about":[{"href":"https:\/\/www.sofi64.com\/fr\/wp-json\/wp\/v2\/types\/page"}],"author":[{"embeddable":true,"href":"https:\/\/www.sofi64.com\/fr\/wp-json\/wp\/v2\/users\/1"}],"replies":[{"embeddable":true,"href":"https:\/\/www.sofi64.com\/fr\/wp-json\/wp\/v2\/comments?post=564"}],"version-history":[{"count":5,"href":"https:\/\/www.sofi64.com\/fr\/wp-json\/wp\/v2\/pages\/564\/revisions"}],"predecessor-version":[{"id":6175,"href":"https:\/\/www.sofi64.com\/fr\/wp-json\/wp\/v2\/pages\/564\/revisions\/6175"}],"wp:attachment":[{"href":"https:\/\/www.sofi64.com\/fr\/wp-json\/wp\/v2\/media?parent=564"}],"curies":[{"name":"wp","href":"https:\/\/api.w.org\/{rel}","templated":true}]}}