{"id":703,"date":"2025-05-12T09:46:05","date_gmt":"2025-05-12T07:46:05","guid":{"rendered":"https:\/\/www.sofi64.com?page_id=703"},"modified":"2025-06-16T14:40:43","modified_gmt":"2025-06-16T12:40:43","slug":"il-nostro-team","status":"publish","type":"page","link":"https:\/\/www.sofi64.com\/it\/la-nostra-scuola\/il-nostro-team\/","title":{"rendered":"Il nostro team"},"content":{"rendered":"<h2 class=\"widgettitle\">INSEGNANTI SENIOR<\/h2>\n<div class=\"textwidget\">\n<p>&nbsp;<\/p>\n<\/div>\n<h3>St\u00e9phanie Houset \u2013 Direttore e Professore<\/h3>\n<div>\n<p><span lang=\"IT\">Con oltre <strong>20 anni di esperienza nell\u2019insegnamento del francese<\/strong> come lingua straniera (FLE), <strong>St\u00e9phanie porta con s\u00e9 non solo una solida competenza, ma anche un\u2019energia travolgente e tanto entusiasmo nelle sue lezioni<\/strong>. La sua missione: <strong>rendere l\u2019apprendimento del francese divertente ed efficace allo stesso tempo<\/strong>.<\/span><\/p>\n<\/div>\n<div>\n<p data-start=\"3485\" data-end=\"3898\"><span lang=\"IT\">A soli 18 anni, \u00e8 partita per vivere sull\u2019isola di La R\u00e9union \u2013 un paradiso remoto che ha risvegliato in lei la passione per l\u2019avventura e il desiderio di scoprire nuovi orizzonti. Pi\u00f9 tardi ha trascorso un anno negli Stati Uniti per studiare l\u2019inglese, prima di conseguire in Francia il suo master in FLE. Da allora, si \u00e8 sempre impegnata con costanza \u2013 come insegnante, coach linguistica e fonte di ispirazione.<\/span><\/p>\n<\/div>\n<div>\n<p data-start=\"3900\" data-end=\"4264\"><span lang=\"IT\">St\u00e9phanie ha insegnato a studenti adulti in Francia e in Australia \u2013 e s\u00ec, la sua tavola da surf \u00e8 sempre stata con lei. Le sue radici sono ad Anglet, dove \u00e8 cresciuta tra le pinete e le onde dell\u2019Atlantico. Questo legame speciale con la sua terra l\u2019ha portata, nel 2011, a fondare<span class=\"apple-converted-space\">\u00a0<\/span><strong data-start=\"4182\" data-end=\"4193\">SOFI 64<\/strong><span class=\"apple-converted-space\">\u00a0<\/span>\u2013 <strong>una piccola scuola di lingue accogliente, situata sulla costa basca<\/strong>.<\/span><\/p>\n<\/div>\n<div>\n<p data-start=\"4266\" data-end=\"4492\"><span lang=\"IT\">Come fondatrice e direttrice della scuola, conosce perfettamente i bisogni dei suoi studenti. <strong>Con grande sensibilit\u00e0, molta pazienza e un pizzico di umorismo, fa s\u00ec che tutti si sentano benvenuti \u2013 e progrediscano con piacere<\/strong>.<\/span><\/p>\n<\/div>\n<div>\n<p data-start=\"4494\" data-end=\"4753\"><span lang=\"IT\">Quando non insegna, St\u00e9phanie va in montagna con la sua macchina fotografica e i suoi due cani \u2013 sempre alla ricerca di nuove prospettive. Parla fluentemente francese, inglese e spagnolo \u2013 e anche il basco non le \u00e8 estraneo: trova facilmente le parole giuste.<\/span><\/p>\n<\/div>\n<div class=\"textwidget\">\n<div id='gallery-1' class='gallery galleryid-703 gallery-columns-2 gallery-size-medium'><dl class='gallery-item'>\n\t\t\t<dt class='gallery-icon landscape'>\n\t\t\t\t<img loading=\"lazy\" decoding=\"async\" width=\"300\" height=\"188\" src=\"https:\/\/www.sofi64.com\/wp-content\/uploads\/2025\/05\/Stephanie-Surfing-300x188.jpg\" class=\"attachment-medium size-medium\" alt=\"\" srcset=\"https:\/\/www.sofi64.com\/wp-content\/uploads\/2025\/05\/Stephanie-Surfing-300x188.jpg 300w, https:\/\/www.sofi64.com\/wp-content\/uploads\/2025\/05\/Stephanie-Surfing-1024x642.jpg 1024w, https:\/\/www.sofi64.com\/wp-content\/uploads\/2025\/05\/Stephanie-Surfing-768x481.jpg 768w, https:\/\/www.sofi64.com\/wp-content\/uploads\/2025\/05\/Stephanie-Surfing-1536x962.jpg 1536w, https:\/\/www.sofi64.com\/wp-content\/uploads\/2025\/05\/Stephanie-Surfing-120x75.jpg 120w, https:\/\/www.sofi64.com\/wp-content\/uploads\/2025\/05\/Stephanie-Surfing.jpg 2048w\" sizes=\"auto, (max-width: 300px) 100vw, 300px\" \/>\n\t\t\t<\/dt><\/dl><dl class='gallery-item'>\n\t\t\t<dt class='gallery-icon landscape'>\n\t\t\t\t<img loading=\"lazy\" decoding=\"async\" width=\"300\" height=\"200\" src=\"https:\/\/www.sofi64.com\/wp-content\/uploads\/2025\/05\/Stephanie-Hiking-300x200.jpg\" class=\"attachment-medium size-medium\" alt=\"\" srcset=\"https:\/\/www.sofi64.com\/wp-content\/uploads\/2025\/05\/Stephanie-Hiking-300x200.jpg 300w, https:\/\/www.sofi64.com\/wp-content\/uploads\/2025\/05\/Stephanie-Hiking-1024x683.jpg 1024w, https:\/\/www.sofi64.com\/wp-content\/uploads\/2025\/05\/Stephanie-Hiking-768x512.jpg 768w, https:\/\/www.sofi64.com\/wp-content\/uploads\/2025\/05\/Stephanie-Hiking-1536x1024.jpg 1536w, https:\/\/www.sofi64.com\/wp-content\/uploads\/2025\/05\/Stephanie-Hiking-2048x1365.jpg 2048w, https:\/\/www.sofi64.com\/wp-content\/uploads\/2025\/05\/Stephanie-Hiking-120x80.jpg 120w\" sizes=\"auto, (max-width: 300px) 100vw, 300px\" \/>\n\t\t\t<\/dt><\/dl><br style=\"clear: both\" \/>\n\t\t<\/div>\n\n<\/div>\n<h3>\u00c9lisa \u2013 Professore<\/h3>\n<p>\u00c9lisa \u00e8 cresciuta in Charente, nella terra dei fumetti e della Galette Charentaise.<br \/>\nHa studiato\u00a0<strong>Scienze Linguistiche con specializzazione in FLE<\/strong>\u00a0e ha conseguito un\u00a0<strong>Master in Apprendimento e Didattica del FLE<\/strong>\u00a0a Tolosa, la citt\u00e0 della cassoulet e delle violette!<br \/>\nSi \u00e8 poi trasferita in Spagna per 3 anni per\u00a0<strong>insegnare il francese<\/strong>, scoprendo il paese e la lingua che non parlava affatto. Dopo 3 anni nella capitale iberica, ha deciso di stabilirsi nei Paesi Baschi, interessata alla torta basca quanto all\u2019oceano.<\/p>\n<p>Per lei,\u00a0<strong>insegnare il francese \u00e8 un\u2019opportunit\u00e0 incredibile per condividere la cultura e la lingua francese, ma soprattutto per viaggiare attraverso gli studenti che incontra.<\/strong><br \/>\nAma\u00a0<em>(senza un particolare ordine di preferenza)<\/em>:<br \/>\n*Il buon cibo<br \/>\n*Le passeggiate in riva al mare e nelle pinete<br \/>\n*Le serie TV<br \/>\n*Il suo gatto<\/p>\n\n<p>&nbsp;<\/p>\n<h2>Assistente<\/h2>\n<div class=\"textwidget\">\n<p>&nbsp;<\/p>\n<h3>Thomas Birrer \u2013 Assistente alla regia<\/h3>\n<p>Nato e cresciuto in\u00a0<strong>Svizzera<\/strong>\u00a0(Lucerna), Thomas ha visitato l\u2019Australia qualche anno fa per imparare l\u2019inglese. L\u2019anno scorso, ha scoperto\u00a0<strong>Biarritz<\/strong>\u00a0come\u00a0<strong>studente di francese<\/strong>. Dopo aver studiato francese per 3 mesi, Thomas si \u00e8 innamorato della\u00a0<strong>lingua francese<\/strong>\u00a0e del\u00a0<strong>surf<\/strong>. Inizialmente amministratore IT, ha deciso di tornare a Biarritz nel 2018 e ha iniziato a lavorare come\u00a0<strong>assistente<\/strong>\u00a0nella sua scuola di francese preferita.<\/p>\n<p>Thomas pratica surf, snowboard, escursioni e ama andare in bicicletta.<br \/>\n<strong>Parla tedesco, inglese e francese.<\/strong><\/p>\n<\/div>\n","protected":false},"excerpt":{"rendered":"<p>INSEGNANTI SENIOR &nbsp; St\u00e9phanie Houset \u2013 Direttore e Professore Con oltre 20 anni di esperienza nell\u2019insegnamento del francese come lingua straniera (FLE), St\u00e9phanie porta con s\u00e9 non solo una solida competenza, ma anche un\u2019energia travolgente e tanto entusiasmo nelle sue lezioni. La sua missione: rendere l\u2019apprendimento del francese divertente ed efficace allo stesso tempo. A [&hellip;]<\/p>\n","protected":false},"author":1,"featured_media":1080,"parent":701,"menu_order":2,"comment_status":"closed","ping_status":"closed","template":"page-biarritz-anglet.php","meta":{"_acf_changed":false,"footnotes":""},"class_list":["post-703","page","type-page","status-publish","has-post-thumbnail","hentry"],"acf":[],"yoast_head":"<!-- This site is optimized with the Yoast SEO plugin v27.3 - https:\/\/yoast.com\/product\/yoast-seo-wordpress\/ -->\n<title>Il nostro team | SOFI 64<\/title>\n<meta name=\"description\" content=\"Conosci il team appassionato di SOFI 64: insegnanti qualificati pronti ad accompagnarti nell\u2019apprendimento del francese con professionalit\u00e0 e calore.\" \/>\n<meta name=\"robots\" content=\"index, follow, max-snippet:-1, max-image-preview:large, max-video-preview:-1\" \/>\n<link rel=\"canonical\" href=\"https:\/\/www.sofi64.com\/it\/la-nostra-scuola\/il-nostro-team\/\" \/>\n<meta property=\"og:locale\" content=\"it_IT\" \/>\n<meta property=\"og:type\" content=\"article\" \/>\n<meta property=\"og:title\" content=\"Il nostro team | SOFI 64\" \/>\n<meta property=\"og:description\" content=\"Conosci il team appassionato di SOFI 64: insegnanti qualificati pronti ad accompagnarti nell\u2019apprendimento del francese con professionalit\u00e0 e calore.\" \/>\n<meta property=\"og:url\" content=\"https:\/\/www.sofi64.com\/it\/la-nostra-scuola\/il-nostro-team\/\" \/>\n<meta property=\"og:site_name\" content=\"SOFI 64\" \/>\n<meta property=\"article:modified_time\" content=\"2025-06-16T12:40:43+00:00\" \/>\n<meta property=\"og:image\" content=\"https:\/\/www.sofi64.com\/wp-content\/uploads\/2025\/05\/Group-French-Lessons1-scaled.jpg\" \/>\n\t<meta property=\"og:image:width\" content=\"2560\" \/>\n\t<meta property=\"og:image:height\" content=\"1707\" \/>\n\t<meta property=\"og:image:type\" content=\"image\/jpeg\" \/>\n<meta name=\"twitter:card\" content=\"summary_large_image\" \/>\n<meta name=\"twitter:label1\" content=\"Tempo di lettura stimato\" \/>\n\t<meta name=\"twitter:data1\" content=\"3 minuti\" \/>\n<script type=\"application\/ld+json\" class=\"yoast-schema-graph\">{\"@context\":\"https:\\\/\\\/schema.org\",\"@graph\":[{\"@type\":\"WebPage\",\"@id\":\"https:\\\/\\\/www.sofi64.com\\\/it\\\/la-nostra-scuola\\\/il-nostro-team\\\/\",\"url\":\"https:\\\/\\\/www.sofi64.com\\\/it\\\/la-nostra-scuola\\\/il-nostro-team\\\/\",\"name\":\"Il nostro team | SOFI 64\",\"isPartOf\":{\"@id\":\"https:\\\/\\\/www.sofi64.com\\\/#website\"},\"primaryImageOfPage\":{\"@id\":\"https:\\\/\\\/www.sofi64.com\\\/it\\\/la-nostra-scuola\\\/il-nostro-team\\\/#primaryimage\"},\"image\":{\"@id\":\"https:\\\/\\\/www.sofi64.com\\\/it\\\/la-nostra-scuola\\\/il-nostro-team\\\/#primaryimage\"},\"thumbnailUrl\":\"https:\\\/\\\/www.sofi64.com\\\/wp-content\\\/uploads\\\/2025\\\/05\\\/Group-French-Lessons1-scaled.jpg\",\"datePublished\":\"2025-05-12T07:46:05+00:00\",\"dateModified\":\"2025-06-16T12:40:43+00:00\",\"description\":\"Conosci il team appassionato di SOFI 64: insegnanti qualificati pronti ad accompagnarti nell\u2019apprendimento del francese con professionalit\u00e0 e calore.\",\"breadcrumb\":{\"@id\":\"https:\\\/\\\/www.sofi64.com\\\/it\\\/la-nostra-scuola\\\/il-nostro-team\\\/#breadcrumb\"},\"inLanguage\":\"it-IT\",\"potentialAction\":[{\"@type\":\"ReadAction\",\"target\":[\"https:\\\/\\\/www.sofi64.com\\\/it\\\/la-nostra-scuola\\\/il-nostro-team\\\/\"]}]},{\"@type\":\"ImageObject\",\"inLanguage\":\"it-IT\",\"@id\":\"https:\\\/\\\/www.sofi64.com\\\/it\\\/la-nostra-scuola\\\/il-nostro-team\\\/#primaryimage\",\"url\":\"https:\\\/\\\/www.sofi64.com\\\/wp-content\\\/uploads\\\/2025\\\/05\\\/Group-French-Lessons1-scaled.jpg\",\"contentUrl\":\"https:\\\/\\\/www.sofi64.com\\\/wp-content\\\/uploads\\\/2025\\\/05\\\/Group-French-Lessons1-scaled.jpg\",\"width\":2560,\"height\":1707},{\"@type\":\"BreadcrumbList\",\"@id\":\"https:\\\/\\\/www.sofi64.com\\\/it\\\/la-nostra-scuola\\\/il-nostro-team\\\/#breadcrumb\",\"itemListElement\":[{\"@type\":\"ListItem\",\"position\":1,\"name\":\"Home\",\"item\":\"https:\\\/\\\/www.sofi64.com\\\/it\\\/\"},{\"@type\":\"ListItem\",\"position\":2,\"name\":\"La Nostra Scuola\",\"item\":\"https:\\\/\\\/www.sofi64.com\\\/it\\\/la-nostra-scuola\\\/\"},{\"@type\":\"ListItem\",\"position\":3,\"name\":\"Il nostro team\"}]},{\"@type\":\"WebSite\",\"@id\":\"https:\\\/\\\/www.sofi64.com\\\/#website\",\"url\":\"https:\\\/\\\/www.sofi64.com\\\/\",\"name\":\"SOFI 64 French Language School\",\"description\":\"\",\"potentialAction\":[{\"@type\":\"SearchAction\",\"target\":{\"@type\":\"EntryPoint\",\"urlTemplate\":\"https:\\\/\\\/www.sofi64.com\\\/?s={search_term_string}\"},\"query-input\":{\"@type\":\"PropertyValueSpecification\",\"valueRequired\":true,\"valueName\":\"search_term_string\"}}],\"inLanguage\":\"it-IT\"}]}<\/script>\n<!-- \/ Yoast SEO plugin. -->","yoast_head_json":{"title":"Il nostro team | SOFI 64","description":"Conosci il team appassionato di SOFI 64: insegnanti qualificati pronti ad accompagnarti nell\u2019apprendimento del francese con professionalit\u00e0 e calore.","robots":{"index":"index","follow":"follow","max-snippet":"max-snippet:-1","max-image-preview":"max-image-preview:large","max-video-preview":"max-video-preview:-1"},"canonical":"https:\/\/www.sofi64.com\/it\/la-nostra-scuola\/il-nostro-team\/","og_locale":"it_IT","og_type":"article","og_title":"Il nostro team | SOFI 64","og_description":"Conosci il team appassionato di SOFI 64: insegnanti qualificati pronti ad accompagnarti nell\u2019apprendimento del francese con professionalit\u00e0 e calore.","og_url":"https:\/\/www.sofi64.com\/it\/la-nostra-scuola\/il-nostro-team\/","og_site_name":"SOFI 64","article_modified_time":"2025-06-16T12:40:43+00:00","og_image":[{"width":2560,"height":1707,"url":"https:\/\/www.sofi64.com\/wp-content\/uploads\/2025\/05\/Group-French-Lessons1-scaled.jpg","type":"image\/jpeg"}],"twitter_card":"summary_large_image","twitter_misc":{"Tempo di lettura stimato":"3 minuti"},"schema":{"@context":"https:\/\/schema.org","@graph":[{"@type":"WebPage","@id":"https:\/\/www.sofi64.com\/it\/la-nostra-scuola\/il-nostro-team\/","url":"https:\/\/www.sofi64.com\/it\/la-nostra-scuola\/il-nostro-team\/","name":"Il nostro team | SOFI 64","isPartOf":{"@id":"https:\/\/www.sofi64.com\/#website"},"primaryImageOfPage":{"@id":"https:\/\/www.sofi64.com\/it\/la-nostra-scuola\/il-nostro-team\/#primaryimage"},"image":{"@id":"https:\/\/www.sofi64.com\/it\/la-nostra-scuola\/il-nostro-team\/#primaryimage"},"thumbnailUrl":"https:\/\/www.sofi64.com\/wp-content\/uploads\/2025\/05\/Group-French-Lessons1-scaled.jpg","datePublished":"2025-05-12T07:46:05+00:00","dateModified":"2025-06-16T12:40:43+00:00","description":"Conosci il team appassionato di SOFI 64: insegnanti qualificati pronti ad accompagnarti nell\u2019apprendimento del francese con professionalit\u00e0 e calore.","breadcrumb":{"@id":"https:\/\/www.sofi64.com\/it\/la-nostra-scuola\/il-nostro-team\/#breadcrumb"},"inLanguage":"it-IT","potentialAction":[{"@type":"ReadAction","target":["https:\/\/www.sofi64.com\/it\/la-nostra-scuola\/il-nostro-team\/"]}]},{"@type":"ImageObject","inLanguage":"it-IT","@id":"https:\/\/www.sofi64.com\/it\/la-nostra-scuola\/il-nostro-team\/#primaryimage","url":"https:\/\/www.sofi64.com\/wp-content\/uploads\/2025\/05\/Group-French-Lessons1-scaled.jpg","contentUrl":"https:\/\/www.sofi64.com\/wp-content\/uploads\/2025\/05\/Group-French-Lessons1-scaled.jpg","width":2560,"height":1707},{"@type":"BreadcrumbList","@id":"https:\/\/www.sofi64.com\/it\/la-nostra-scuola\/il-nostro-team\/#breadcrumb","itemListElement":[{"@type":"ListItem","position":1,"name":"Home","item":"https:\/\/www.sofi64.com\/it\/"},{"@type":"ListItem","position":2,"name":"La Nostra Scuola","item":"https:\/\/www.sofi64.com\/it\/la-nostra-scuola\/"},{"@type":"ListItem","position":3,"name":"Il nostro team"}]},{"@type":"WebSite","@id":"https:\/\/www.sofi64.com\/#website","url":"https:\/\/www.sofi64.com\/","name":"SOFI 64 French Language School","description":"","potentialAction":[{"@type":"SearchAction","target":{"@type":"EntryPoint","urlTemplate":"https:\/\/www.sofi64.com\/?s={search_term_string}"},"query-input":{"@type":"PropertyValueSpecification","valueRequired":true,"valueName":"search_term_string"}}],"inLanguage":"it-IT"}]}},"_links":{"self":[{"href":"https:\/\/www.sofi64.com\/it\/wp-json\/wp\/v2\/pages\/703","targetHints":{"allow":["GET"]}}],"collection":[{"href":"https:\/\/www.sofi64.com\/it\/wp-json\/wp\/v2\/pages"}],"about":[{"href":"https:\/\/www.sofi64.com\/it\/wp-json\/wp\/v2\/types\/page"}],"author":[{"embeddable":true,"href":"https:\/\/www.sofi64.com\/it\/wp-json\/wp\/v2\/users\/1"}],"replies":[{"embeddable":true,"href":"https:\/\/www.sofi64.com\/it\/wp-json\/wp\/v2\/comments?post=703"}],"version-history":[{"count":15,"href":"https:\/\/www.sofi64.com\/it\/wp-json\/wp\/v2\/pages\/703\/revisions"}],"predecessor-version":[{"id":2526,"href":"https:\/\/www.sofi64.com\/it\/wp-json\/wp\/v2\/pages\/703\/revisions\/2526"}],"up":[{"embeddable":true,"href":"https:\/\/www.sofi64.com\/it\/wp-json\/wp\/v2\/pages\/701"}],"wp:featuredmedia":[{"embeddable":true,"href":"https:\/\/www.sofi64.com\/it\/wp-json\/wp\/v2\/media\/1080"}],"wp:attachment":[{"href":"https:\/\/www.sofi64.com\/it\/wp-json\/wp\/v2\/media?parent=703"}],"curies":[{"name":"wp","href":"https:\/\/api.w.org\/{rel}","templated":true}]}}