{"id":705,"date":"2025-05-12T09:46:37","date_gmt":"2025-05-12T07:46:37","guid":{"rendered":"https:\/\/www.sofi64.com?page_id=705"},"modified":"2025-06-19T09:43:36","modified_gmt":"2025-06-19T07:43:36","slug":"i-nostri-impegni","status":"publish","type":"page","link":"https:\/\/www.sofi64.com\/it\/la-nostra-scuola\/i-nostri-impegni\/","title":{"rendered":"I nostri impegni"},"content":{"rendered":"<h2><img loading=\"lazy\" decoding=\"async\" class=\"aligncenter size-medium wp-image-1129\" src=\"https:\/\/www.sofi64.com\/wp-content\/uploads\/2025\/05\/EcoFriendly-French-School-scaled-e1748274943456-300x242.jpeg\" alt=\"\" width=\"300\" height=\"242\" srcset=\"https:\/\/www.sofi64.com\/wp-content\/uploads\/2025\/05\/EcoFriendly-French-School-scaled-e1748274943456-300x242.jpeg 300w, https:\/\/www.sofi64.com\/wp-content\/uploads\/2025\/05\/EcoFriendly-French-School-scaled-e1748274943456-1024x825.jpeg 1024w, https:\/\/www.sofi64.com\/wp-content\/uploads\/2025\/05\/EcoFriendly-French-School-scaled-e1748274943456-768x619.jpeg 768w, https:\/\/www.sofi64.com\/wp-content\/uploads\/2025\/05\/EcoFriendly-French-School-scaled-e1748274943456-1536x1238.jpeg 1536w, https:\/\/www.sofi64.com\/wp-content\/uploads\/2025\/05\/EcoFriendly-French-School-scaled-e1748274943456-120x97.jpeg 120w, https:\/\/www.sofi64.com\/wp-content\/uploads\/2025\/05\/EcoFriendly-French-School-scaled-e1748274943456.jpeg 1822w\" sizes=\"auto, (max-width: 300px) 100vw, 300px\" \/><\/h2>\n<div class=\"vc_row wpb_row vc_row-fluid rate-content\">\n<div class=\"wpb_column vc_column_container vc_col-sm-12\">\n<div class=\"vc_column-inner\">\n<div class=\"wpb_wrapper\">\n<div class=\"vc_wp_text wpb_content_element rate-content\">\n<div class=\"widget widget_text\">\n<h2 class=\"widgettitle\">Gestione Ambientale<\/h2>\n<div class=\"textwidget\">\n<p>Implementiamo costantemente pratiche di\u00a0<strong>gestione ecologica all\u2019interno della nostra scuola<\/strong>, riducendo il consumo di energia, scegliendo modalit\u00e0 di trasporto ecologiche, promuovendo il riciclaggio e incoraggiando l\u2019uso di materiali sostenibili .<\/p>\n<p>Il nostro\u00a0<strong>giardino \u00e8 organico e nutriente<\/strong>.<\/p>\n<p>&nbsp;<\/p>\n<\/div>\n<\/div>\n<\/div>\n<\/div>\n<\/div>\n<\/div>\n<\/div>\n<div class=\"vc_row wpb_row vc_row-fluid rate-content\">\n<div class=\"wpb_column vc_column_container vc_col-sm-6\">\n<div class=\"vc_column-inner\">\n<div class=\"wpb_wrapper\">\n<div class=\"vc_wp_text wpb_content_element\">\n<div class=\"widget widget_text\">\n<h2 class=\"widgettitle\">Coinvolgimento della comunit\u00e0<\/h2>\n<div class=\"textwidget\">\n<p><strong>Collaboriamo con la nostra comunit\u00e0 locale<\/strong>\u00a0e sosteniamo progetti sociali e ambientali. Come membro attivo del nostro quartiere, ci proponiamo di dare un contributo positivo alla nostra societ\u00e0.\u00a0<strong>Abbiamo stabilito molte partnership con aziende e servizi locali.<\/strong><\/p>\n<\/div>\n<\/div>\n<\/div>\n<\/div>\n<\/div>\n<\/div>\n<div class=\"wpb_column vc_column_container vc_col-sm-6\">\n<div class=\"vc_column-inner\">\n<div class=\"wpb_wrapper\">\n<div class=\"wpb_single_image wpb_content_element vc_align_left wpb_content_element\">\n<figure class=\"wpb_wrapper vc_figure\">\n<div class=\"vc_single_image-wrapper vc_box_border_grey\"><\/div>\n<\/figure>\n<\/div>\n<\/div>\n<\/div>\n<\/div>\n<\/div>\n<div class=\"vc_row wpb_row vc_row-fluid rate-content\">\n<div class=\"wpb_column vc_column_container vc_col-sm-6\">\n<div class=\"vc_column-inner\">\n<div class=\"wpb_wrapper\">\n<div class=\"vc_wp_text wpb_content_element\">\n<div class=\"widget widget_text\">\n<h2 class=\"widgettitle\">Inclusione e diversit\u00e0<\/h2>\n<div class=\"textwidget\">\n<p><strong>Diamo valore alla diversit\u00e0 e all\u2019inclusione all\u2019interno della nostra scuola<\/strong>. Incoraggiamo un ambiente in\u00a0<strong>cui ogni studente e membro del personale si senta rispettato e accettato<\/strong>, indipendentemente dal background culturale, dal genere, dall\u2019et\u00e0\u2026<\/p>\n<p>&nbsp;<\/p>\n<\/div>\n<\/div>\n<\/div>\n<\/div>\n<\/div>\n<\/div>\n<\/div>\n<div class=\"vc_row wpb_row vc_row-fluid\">\n<div class=\"wpb_column vc_column_container vc_col-sm-12\">\n<div class=\"vc_column-inner\">\n<div class=\"wpb_wrapper\">\n<div class=\"wpb_text_column wpb_content_element\">\n<div class=\"wpb_wrapper\">\n<p><strong>Ringraziamo la nostra comunit\u00e0 per il suo sostegno e il suo impegno in questo senso.<\/strong><\/p>\n<\/div>\n<\/div>\n<\/div>\n<\/div>\n<\/div>\n<\/div>\n","protected":false},"excerpt":{"rendered":"<p>Gestione Ambientale Implementiamo costantemente pratiche di\u00a0gestione ecologica all\u2019interno della nostra scuola, riducendo il consumo di energia, scegliendo modalit\u00e0 di trasporto ecologiche, promuovendo il riciclaggio e incoraggiando l\u2019uso di materiali sostenibili . Il nostro\u00a0giardino \u00e8 organico e nutriente. &nbsp; Coinvolgimento della comunit\u00e0 Collaboriamo con la nostra comunit\u00e0 locale\u00a0e sosteniamo progetti sociali e ambientali. Come membro attivo [&hellip;]<\/p>\n","protected":false},"author":1,"featured_media":1015,"parent":701,"menu_order":4,"comment_status":"closed","ping_status":"closed","template":"page-bookclub.php","meta":{"_acf_changed":false,"footnotes":""},"class_list":["post-705","page","type-page","status-publish","has-post-thumbnail","hentry"],"acf":[],"yoast_head":"<!-- This site is optimized with the Yoast SEO plugin v27.3 - https:\/\/yoast.com\/product\/yoast-seo-wordpress\/ -->\n<title>I nostri impegni | SOFI 64<\/title>\n<meta name=\"description\" content=\"SOFI 64 si impegna per una didattica di qualit\u00e0, un approccio responsabile verso l\u2019ambiente e una vera integrazione culturale.\" \/>\n<meta name=\"robots\" content=\"index, follow, max-snippet:-1, max-image-preview:large, max-video-preview:-1\" \/>\n<link rel=\"canonical\" href=\"https:\/\/www.sofi64.com\/it\/la-nostra-scuola\/i-nostri-impegni\/\" \/>\n<meta property=\"og:locale\" content=\"it_IT\" \/>\n<meta property=\"og:type\" content=\"article\" \/>\n<meta property=\"og:title\" content=\"I nostri impegni | SOFI 64\" \/>\n<meta property=\"og:description\" content=\"SOFI 64 si impegna per una didattica di qualit\u00e0, un approccio responsabile verso l\u2019ambiente e una vera integrazione culturale.\" \/>\n<meta property=\"og:url\" content=\"https:\/\/www.sofi64.com\/it\/la-nostra-scuola\/i-nostri-impegni\/\" \/>\n<meta property=\"og:site_name\" content=\"SOFI 64\" \/>\n<meta property=\"article:modified_time\" content=\"2025-06-19T07:43:36+00:00\" \/>\n<meta property=\"og:image\" content=\"https:\/\/www.sofi64.com\/wp-content\/uploads\/2025\/05\/Sunset-Anglet_5RIB1377_\u00a9RiBLANC.jpg\" \/>\n\t<meta property=\"og:image:width\" content=\"2000\" \/>\n\t<meta property=\"og:image:height\" content=\"1334\" \/>\n\t<meta property=\"og:image:type\" content=\"image\/jpeg\" \/>\n<meta name=\"twitter:card\" content=\"summary_large_image\" \/>\n<meta name=\"twitter:label1\" content=\"Tempo di lettura stimato\" \/>\n\t<meta name=\"twitter:data1\" content=\"1 minuto\" \/>\n<script type=\"application\/ld+json\" class=\"yoast-schema-graph\">{\"@context\":\"https:\\\/\\\/schema.org\",\"@graph\":[{\"@type\":\"WebPage\",\"@id\":\"https:\\\/\\\/www.sofi64.com\\\/it\\\/la-nostra-scuola\\\/i-nostri-impegni\\\/\",\"url\":\"https:\\\/\\\/www.sofi64.com\\\/it\\\/la-nostra-scuola\\\/i-nostri-impegni\\\/\",\"name\":\"I nostri impegni | SOFI 64\",\"isPartOf\":{\"@id\":\"https:\\\/\\\/www.sofi64.com\\\/#website\"},\"primaryImageOfPage\":{\"@id\":\"https:\\\/\\\/www.sofi64.com\\\/it\\\/la-nostra-scuola\\\/i-nostri-impegni\\\/#primaryimage\"},\"image\":{\"@id\":\"https:\\\/\\\/www.sofi64.com\\\/it\\\/la-nostra-scuola\\\/i-nostri-impegni\\\/#primaryimage\"},\"thumbnailUrl\":\"https:\\\/\\\/www.sofi64.com\\\/wp-content\\\/uploads\\\/2025\\\/05\\\/Sunset-Anglet_5RIB1377_\u00a9RiBLANC.jpg\",\"datePublished\":\"2025-05-12T07:46:37+00:00\",\"dateModified\":\"2025-06-19T07:43:36+00:00\",\"description\":\"SOFI 64 si impegna per una didattica di qualit\u00e0, un approccio responsabile verso l\u2019ambiente e una vera integrazione culturale.\",\"breadcrumb\":{\"@id\":\"https:\\\/\\\/www.sofi64.com\\\/it\\\/la-nostra-scuola\\\/i-nostri-impegni\\\/#breadcrumb\"},\"inLanguage\":\"it-IT\",\"potentialAction\":[{\"@type\":\"ReadAction\",\"target\":[\"https:\\\/\\\/www.sofi64.com\\\/it\\\/la-nostra-scuola\\\/i-nostri-impegni\\\/\"]}]},{\"@type\":\"ImageObject\",\"inLanguage\":\"it-IT\",\"@id\":\"https:\\\/\\\/www.sofi64.com\\\/it\\\/la-nostra-scuola\\\/i-nostri-impegni\\\/#primaryimage\",\"url\":\"https:\\\/\\\/www.sofi64.com\\\/wp-content\\\/uploads\\\/2025\\\/05\\\/Sunset-Anglet_5RIB1377_\u00a9RiBLANC.jpg\",\"contentUrl\":\"https:\\\/\\\/www.sofi64.com\\\/wp-content\\\/uploads\\\/2025\\\/05\\\/Sunset-Anglet_5RIB1377_\u00a9RiBLANC.jpg\",\"width\":2000,\"height\":1334,\"caption\":\"Anglet\"},{\"@type\":\"BreadcrumbList\",\"@id\":\"https:\\\/\\\/www.sofi64.com\\\/it\\\/la-nostra-scuola\\\/i-nostri-impegni\\\/#breadcrumb\",\"itemListElement\":[{\"@type\":\"ListItem\",\"position\":1,\"name\":\"Home\",\"item\":\"https:\\\/\\\/www.sofi64.com\\\/it\\\/\"},{\"@type\":\"ListItem\",\"position\":2,\"name\":\"La Nostra Scuola\",\"item\":\"https:\\\/\\\/www.sofi64.com\\\/it\\\/la-nostra-scuola\\\/\"},{\"@type\":\"ListItem\",\"position\":3,\"name\":\"I nostri impegni\"}]},{\"@type\":\"WebSite\",\"@id\":\"https:\\\/\\\/www.sofi64.com\\\/#website\",\"url\":\"https:\\\/\\\/www.sofi64.com\\\/\",\"name\":\"SOFI 64 French Language School\",\"description\":\"\",\"potentialAction\":[{\"@type\":\"SearchAction\",\"target\":{\"@type\":\"EntryPoint\",\"urlTemplate\":\"https:\\\/\\\/www.sofi64.com\\\/?s={search_term_string}\"},\"query-input\":{\"@type\":\"PropertyValueSpecification\",\"valueRequired\":true,\"valueName\":\"search_term_string\"}}],\"inLanguage\":\"it-IT\"}]}<\/script>\n<!-- \/ Yoast SEO plugin. -->","yoast_head_json":{"title":"I nostri impegni | SOFI 64","description":"SOFI 64 si impegna per una didattica di qualit\u00e0, un approccio responsabile verso l\u2019ambiente e una vera integrazione culturale.","robots":{"index":"index","follow":"follow","max-snippet":"max-snippet:-1","max-image-preview":"max-image-preview:large","max-video-preview":"max-video-preview:-1"},"canonical":"https:\/\/www.sofi64.com\/it\/la-nostra-scuola\/i-nostri-impegni\/","og_locale":"it_IT","og_type":"article","og_title":"I nostri impegni | SOFI 64","og_description":"SOFI 64 si impegna per una didattica di qualit\u00e0, un approccio responsabile verso l\u2019ambiente e una vera integrazione culturale.","og_url":"https:\/\/www.sofi64.com\/it\/la-nostra-scuola\/i-nostri-impegni\/","og_site_name":"SOFI 64","article_modified_time":"2025-06-19T07:43:36+00:00","og_image":[{"width":2000,"height":1334,"url":"https:\/\/www.sofi64.com\/wp-content\/uploads\/2025\/05\/Sunset-Anglet_5RIB1377_\u00a9RiBLANC.jpg","type":"image\/jpeg"}],"twitter_card":"summary_large_image","twitter_misc":{"Tempo di lettura stimato":"1 minuto"},"schema":{"@context":"https:\/\/schema.org","@graph":[{"@type":"WebPage","@id":"https:\/\/www.sofi64.com\/it\/la-nostra-scuola\/i-nostri-impegni\/","url":"https:\/\/www.sofi64.com\/it\/la-nostra-scuola\/i-nostri-impegni\/","name":"I nostri impegni | SOFI 64","isPartOf":{"@id":"https:\/\/www.sofi64.com\/#website"},"primaryImageOfPage":{"@id":"https:\/\/www.sofi64.com\/it\/la-nostra-scuola\/i-nostri-impegni\/#primaryimage"},"image":{"@id":"https:\/\/www.sofi64.com\/it\/la-nostra-scuola\/i-nostri-impegni\/#primaryimage"},"thumbnailUrl":"https:\/\/www.sofi64.com\/wp-content\/uploads\/2025\/05\/Sunset-Anglet_5RIB1377_\u00a9RiBLANC.jpg","datePublished":"2025-05-12T07:46:37+00:00","dateModified":"2025-06-19T07:43:36+00:00","description":"SOFI 64 si impegna per una didattica di qualit\u00e0, un approccio responsabile verso l\u2019ambiente e una vera integrazione culturale.","breadcrumb":{"@id":"https:\/\/www.sofi64.com\/it\/la-nostra-scuola\/i-nostri-impegni\/#breadcrumb"},"inLanguage":"it-IT","potentialAction":[{"@type":"ReadAction","target":["https:\/\/www.sofi64.com\/it\/la-nostra-scuola\/i-nostri-impegni\/"]}]},{"@type":"ImageObject","inLanguage":"it-IT","@id":"https:\/\/www.sofi64.com\/it\/la-nostra-scuola\/i-nostri-impegni\/#primaryimage","url":"https:\/\/www.sofi64.com\/wp-content\/uploads\/2025\/05\/Sunset-Anglet_5RIB1377_\u00a9RiBLANC.jpg","contentUrl":"https:\/\/www.sofi64.com\/wp-content\/uploads\/2025\/05\/Sunset-Anglet_5RIB1377_\u00a9RiBLANC.jpg","width":2000,"height":1334,"caption":"Anglet"},{"@type":"BreadcrumbList","@id":"https:\/\/www.sofi64.com\/it\/la-nostra-scuola\/i-nostri-impegni\/#breadcrumb","itemListElement":[{"@type":"ListItem","position":1,"name":"Home","item":"https:\/\/www.sofi64.com\/it\/"},{"@type":"ListItem","position":2,"name":"La Nostra Scuola","item":"https:\/\/www.sofi64.com\/it\/la-nostra-scuola\/"},{"@type":"ListItem","position":3,"name":"I nostri impegni"}]},{"@type":"WebSite","@id":"https:\/\/www.sofi64.com\/#website","url":"https:\/\/www.sofi64.com\/","name":"SOFI 64 French Language School","description":"","potentialAction":[{"@type":"SearchAction","target":{"@type":"EntryPoint","urlTemplate":"https:\/\/www.sofi64.com\/?s={search_term_string}"},"query-input":{"@type":"PropertyValueSpecification","valueRequired":true,"valueName":"search_term_string"}}],"inLanguage":"it-IT"}]}},"_links":{"self":[{"href":"https:\/\/www.sofi64.com\/it\/wp-json\/wp\/v2\/pages\/705","targetHints":{"allow":["GET"]}}],"collection":[{"href":"https:\/\/www.sofi64.com\/it\/wp-json\/wp\/v2\/pages"}],"about":[{"href":"https:\/\/www.sofi64.com\/it\/wp-json\/wp\/v2\/types\/page"}],"author":[{"embeddable":true,"href":"https:\/\/www.sofi64.com\/it\/wp-json\/wp\/v2\/users\/1"}],"replies":[{"embeddable":true,"href":"https:\/\/www.sofi64.com\/it\/wp-json\/wp\/v2\/comments?post=705"}],"version-history":[{"count":10,"href":"https:\/\/www.sofi64.com\/it\/wp-json\/wp\/v2\/pages\/705\/revisions"}],"predecessor-version":[{"id":2741,"href":"https:\/\/www.sofi64.com\/it\/wp-json\/wp\/v2\/pages\/705\/revisions\/2741"}],"up":[{"embeddable":true,"href":"https:\/\/www.sofi64.com\/it\/wp-json\/wp\/v2\/pages\/701"}],"wp:featuredmedia":[{"embeddable":true,"href":"https:\/\/www.sofi64.com\/it\/wp-json\/wp\/v2\/media\/1015"}],"wp:attachment":[{"href":"https:\/\/www.sofi64.com\/it\/wp-json\/wp\/v2\/media?parent=705"}],"curies":[{"name":"wp","href":"https:\/\/api.w.org\/{rel}","templated":true}]}}